{"id":3458,"date":"2017-04-23T10:33:56","date_gmt":"2017-04-23T08:33:56","guid":{"rendered":"http:\/\/business-in-ukraine.online\/?page_id=3458"},"modified":"2017-04-26T10:16:12","modified_gmt":"2017-04-26T08:16:12","slug":"sanal-ortam-is-asistani-hizmeti","status":"publish","type":"page","link":"https:\/\/business-in-ukraine.online\/tr\/sanal-ortam-is-asistani-hizmeti\/","title":{"rendered":"Sanal ortam \u0130\u015f Asistan\u0131 Hizmeti"},"content":{"rendered":"<p style=\"text-align: justify;\"><em>Business-in-ukraine.online<\/em>;<strong> sanal ortam i\u015f asistan hizmeti<\/strong> ile, y\u00f6neticilerimiz m\u00fcte\u015febbislere, profesyonellere ve k\u00fc\u00e7\u00fck i\u015fletme sahiplerine vakit harcamadan daha fazla gelir elde etmelerinde yard\u0131mc\u0131 olurlar. <strong>Sanal ortam i\u015f asistan hizmeti <\/strong>ile t\u00fcm \u00e7evrimi\u00e7i pazarlaman\u0131z\u0131 idare edebilir, ayr\u0131ca size idari muhasebe \/ muhasebe, defter tutma \/ QuickBooks ve di\u011fer sanal hizmetler sunabiliriz. Sanal i\u015f asistanlar\u0131m\u0131z \u00a0T\u00fcrk\u00e7e ve \u0130ngilizce olarak size hizmet verebilmektedir. Di\u011fer sanal i\u015f asistan\u0131 hizmet sa\u011flay\u0131c\u0131lar\u0131n\u0131n aksine, hizmetlerimizin, zaman\u0131nda, g\u00f6rev bilinciyle, g\u00fcvenilir ve zaman\u0131nda bitirilmesini sa\u011flamak i\u00e7in ekibimiz (Proje Y\u00f6neticisi, Operasyon Y\u00f6neticisi, \u0130\u015f Y\u00f6netici, \u0130K Ekibi ve M\u00fc\u015fteri Temsilcileri) taraf\u0131ndan y\u00f6netilir. <strong>Sanal ortam i\u015f asistan hizmetinin<\/strong>, tamamlanmas\u0131 ve belirledi\u011finiz g\u00f6revler \u00fczerinde \u00e7al\u0131\u015ft\u0131\u011f\u0131ndan emin olmak i\u00e7in bordro, kat\u0131l\u0131m ve \u00fcretkenlik ekran g\u00f6r\u00fcnt\u00fcleri arac\u0131l\u0131\u011f\u0131yla y\u00f6netiriz. Ayr\u0131ca bu hizmetimizden yararlanan m\u00fc\u015fterilerimiz Better Business Bureau ile derecelendirmeye de sahip olacaklar.<\/p>\n<p style=\"text-align: justify;\"><strong><em>Hizmetlerimiz ;<\/em><\/strong><\/p>\n<ul>\n<li style=\"text-align: justify;\">Ukrayna&#8217;da i\u015f kurma<\/li>\n<li style=\"text-align: justify;\">Ukrayna&#8217;da i\u015f geli\u015ftirme<\/li>\n<li style=\"text-align: justify;\">\u00c7al\u0131\u015fanlar i\u00e7in oturum izni<\/li>\n<li style=\"text-align: justify;\">Ukrayna&#8217;da yat\u0131r\u0131m<\/li>\n<li style=\"text-align: justify;\">Ukrayna&#8217;da pazarlama<\/li>\n<li style=\"text-align: justify;\">Tan\u0131t\u0131m ve reklam hizmetleri (A\u00e7\u0131k hava reklamlar\u0131, internet reklamlar\u0131, matbaa, Facebook, LinkedIn, Sosyal Medya, SEO, YouTube, PPC reklamlar\u0131, -Craigslist vb.)<\/li>\n<li style=\"text-align: justify;\">Evrak i\u015fleri, y\u00f6netici g\u00f6revleri, muhasebe, defter tutma, blog yazarl\u0131\u011f\u0131<\/li>\n<li style=\"text-align: justify;\">Terc\u00fcmanl\u0131k<\/li>\n<li style=\"text-align: justify;\">Sizin i\u00e7in bir web sitesi olu\u015fturur, web sitenizi geli\u015ftirir, web sitenizi daha y\u00fcksek Google sayfa s\u0131ralamas\u0131na (arama motoru optimizasyonu ve arama motoru pazarlamac\u0131l\u0131\u011f\u0131 ile) kavu\u015fturur.<\/li>\n<li style=\"text-align: justify;\">Resmi dairelerdeki i\u015flemler (muamele)<\/li>\n<li style=\"text-align: justify;\">\u0130haleler<\/li>\n<li style=\"text-align: justify;\">G\u00fcmr\u00fck i\u015flemleri \/ ithalat-ihracat operasyonlar\u0131<\/li>\n<li style=\"text-align: justify;\">Sertifika ve standart belgeleri<\/li>\n<li style=\"text-align: justify;\">Lojistik \/ Nakliye<\/li>\n<li style=\"text-align: justify;\">Fuarlara kat\u0131l\u0131m<\/li>\n<li style=\"text-align: justify;\">Uluslararas\u0131 s\u00f6zle\u015fmeler ve Avukatl\u0131k hizmetleri<\/li>\n<\/ul>\n","protected":false},"excerpt":{"rendered":"<p>Business-in-ukraine.online; sanal ortam i\u015f asistan hizmeti ile, y\u00f6neticilerimiz m\u00fcte\u015febbislere, profesyonellere ve k\u00fc\u00e7\u00fck i\u015fletme sahiplerine vakit harcamadan daha fazla gelir elde etmelerinde yard\u0131mc\u0131 olurlar. Sanal ortam i\u015f asistan hizmeti ile t\u00fcm \u00e7evrimi\u00e7i pazarlaman\u0131z\u0131 idare edebilir, ayr\u0131ca size idari muhasebe \/ muhasebe, defter tutma \/ QuickBooks ve di\u011fer sanal hizmetler sunabiliriz. Sanal&#8230;<\/p>\n","protected":false},"author":1,"featured_media":0,"parent":0,"menu_order":0,"comment_status":"closed","ping_status":"closed","template":"","meta":{"_acf_changed":false,"pmpro_default_level":0,"_monsterinsights_skip_tracking":false,"_monsterinsights_sitenote_active":false,"_monsterinsights_sitenote_note":"","_monsterinsights_sitenote_category":0,"footnotes":""},"class_list":["post-3458","page","type-page","status-publish","hentry","pmpro-has-access"],"acf":[],"yoast_head":"<!-- This site is optimized with the Yoast SEO plugin v23.7 - https:\/\/yoast.com\/wordpress\/plugins\/seo\/ -->\n<title>Sanal ortam \u0130\u015f Asistan\u0131 Hizmeti - Business in Ukraine<\/title>\n<meta name=\"robots\" content=\"index, follow, max-snippet:-1, max-image-preview:large, max-video-preview:-1\" \/>\n<link rel=\"canonical\" href=\"https:\/\/business-in-ukraine.online\/tr\/sanal-ortam-is-asistani-hizmeti\/\" \/>\n<meta property=\"og:locale\" content=\"tr_TR\" \/>\n<meta property=\"og:type\" content=\"article\" \/>\n<meta property=\"og:title\" content=\"Sanal ortam \u0130\u015f Asistan\u0131 Hizmeti - Business in Ukraine\" \/>\n<meta property=\"og:description\" content=\"Business-in-ukraine.online; sanal ortam i\u015f asistan hizmeti ile, y\u00f6neticilerimiz m\u00fcte\u015febbislere, profesyonellere ve k\u00fc\u00e7\u00fck i\u015fletme sahiplerine vakit harcamadan daha fazla gelir elde etmelerinde yard\u0131mc\u0131 olurlar. Sanal ortam i\u015f asistan hizmeti ile t\u00fcm \u00e7evrimi\u00e7i pazarlaman\u0131z\u0131 idare edebilir, ayr\u0131ca size idari muhasebe \/ muhasebe, defter tutma \/ QuickBooks ve di\u011fer sanal hizmetler sunabiliriz. Sanal...\" \/>\n<meta property=\"og:url\" content=\"https:\/\/business-in-ukraine.online\/tr\/sanal-ortam-is-asistani-hizmeti\/\" \/>\n<meta property=\"og:site_name\" content=\"Business in Ukraine\" \/>\n<meta property=\"article:publisher\" content=\"https:\/\/www.facebook.com\/project.ukraine\" \/>\n<meta property=\"article:modified_time\" content=\"2017-04-26T08:16:12+00:00\" \/>\n<meta name=\"twitter:card\" content=\"summary_large_image\" \/>\n<meta name=\"twitter:site\" content=\"@InvestUkraine\" \/>\n<meta name=\"twitter:label1\" content=\"Est. reading time\" \/>\n\t<meta name=\"twitter:data1\" content=\"1 minute\" \/>\n<script type=\"application\/ld+json\" class=\"yoast-schema-graph\">{\"@context\":\"https:\/\/schema.org\",\"@graph\":[{\"@type\":\"WebPage\",\"@id\":\"https:\/\/business-in-ukraine.online\/tr\/sanal-ortam-is-asistani-hizmeti\/\",\"url\":\"https:\/\/business-in-ukraine.online\/tr\/sanal-ortam-is-asistani-hizmeti\/\",\"name\":\"Sanal ortam \u0130\u015f Asistan\u0131 Hizmeti - Business in Ukraine\",\"isPartOf\":{\"@id\":\"https:\/\/business-in-ukraine.online\/tr\/#website\"},\"datePublished\":\"2017-04-23T08:33:56+00:00\",\"dateModified\":\"2017-04-26T08:16:12+00:00\",\"breadcrumb\":{\"@id\":\"https:\/\/business-in-ukraine.online\/tr\/sanal-ortam-is-asistani-hizmeti\/#breadcrumb\"},\"inLanguage\":\"tr\",\"potentialAction\":[{\"@type\":\"ReadAction\",\"target\":[\"https:\/\/business-in-ukraine.online\/tr\/sanal-ortam-is-asistani-hizmeti\/\"]}]},{\"@type\":\"BreadcrumbList\",\"@id\":\"https:\/\/business-in-ukraine.online\/tr\/sanal-ortam-is-asistani-hizmeti\/#breadcrumb\",\"itemListElement\":[{\"@type\":\"ListItem\",\"position\":1,\"name\":\"Home\",\"item\":\"https:\/\/business-in-ukraine.online\/tr\/\"},{\"@type\":\"ListItem\",\"position\":2,\"name\":\"Sanal ortam \u0130\u015f Asistan\u0131 Hizmeti\"}]},{\"@type\":\"WebSite\",\"@id\":\"https:\/\/business-in-ukraine.online\/tr\/#website\",\"url\":\"https:\/\/business-in-ukraine.online\/tr\/\",\"name\":\"Business in Ukraine\",\"description\":\"UKRAINIAN BUSINESS PORTAL\",\"potentialAction\":[{\"@type\":\"SearchAction\",\"target\":{\"@type\":\"EntryPoint\",\"urlTemplate\":\"https:\/\/business-in-ukraine.online\/tr\/?s={search_term_string}\"},\"query-input\":{\"@type\":\"PropertyValueSpecification\",\"valueRequired\":true,\"valueName\":\"search_term_string\"}}],\"inLanguage\":\"tr\"}]}<\/script>\n<!-- \/ Yoast SEO plugin. -->","yoast_head_json":{"title":"Sanal ortam \u0130\u015f Asistan\u0131 Hizmeti - Business in Ukraine","robots":{"index":"index","follow":"follow","max-snippet":"max-snippet:-1","max-image-preview":"max-image-preview:large","max-video-preview":"max-video-preview:-1"},"canonical":"https:\/\/business-in-ukraine.online\/tr\/sanal-ortam-is-asistani-hizmeti\/","og_locale":"tr_TR","og_type":"article","og_title":"Sanal ortam \u0130\u015f Asistan\u0131 Hizmeti - Business in Ukraine","og_description":"Business-in-ukraine.online; sanal ortam i\u015f asistan hizmeti ile, y\u00f6neticilerimiz m\u00fcte\u015febbislere, profesyonellere ve k\u00fc\u00e7\u00fck i\u015fletme sahiplerine vakit harcamadan daha fazla gelir elde etmelerinde yard\u0131mc\u0131 olurlar. Sanal ortam i\u015f asistan hizmeti ile t\u00fcm \u00e7evrimi\u00e7i pazarlaman\u0131z\u0131 idare edebilir, ayr\u0131ca size idari muhasebe \/ muhasebe, defter tutma \/ QuickBooks ve di\u011fer sanal hizmetler sunabiliriz. Sanal...","og_url":"https:\/\/business-in-ukraine.online\/tr\/sanal-ortam-is-asistani-hizmeti\/","og_site_name":"Business in Ukraine","article_publisher":"https:\/\/www.facebook.com\/project.ukraine","article_modified_time":"2017-04-26T08:16:12+00:00","twitter_card":"summary_large_image","twitter_site":"@InvestUkraine","twitter_misc":{"Est. reading time":"1 minute"},"schema":{"@context":"https:\/\/schema.org","@graph":[{"@type":"WebPage","@id":"https:\/\/business-in-ukraine.online\/tr\/sanal-ortam-is-asistani-hizmeti\/","url":"https:\/\/business-in-ukraine.online\/tr\/sanal-ortam-is-asistani-hizmeti\/","name":"Sanal ortam \u0130\u015f Asistan\u0131 Hizmeti - Business in Ukraine","isPartOf":{"@id":"https:\/\/business-in-ukraine.online\/tr\/#website"},"datePublished":"2017-04-23T08:33:56+00:00","dateModified":"2017-04-26T08:16:12+00:00","breadcrumb":{"@id":"https:\/\/business-in-ukraine.online\/tr\/sanal-ortam-is-asistani-hizmeti\/#breadcrumb"},"inLanguage":"tr","potentialAction":[{"@type":"ReadAction","target":["https:\/\/business-in-ukraine.online\/tr\/sanal-ortam-is-asistani-hizmeti\/"]}]},{"@type":"BreadcrumbList","@id":"https:\/\/business-in-ukraine.online\/tr\/sanal-ortam-is-asistani-hizmeti\/#breadcrumb","itemListElement":[{"@type":"ListItem","position":1,"name":"Home","item":"https:\/\/business-in-ukraine.online\/tr\/"},{"@type":"ListItem","position":2,"name":"Sanal ortam \u0130\u015f Asistan\u0131 Hizmeti"}]},{"@type":"WebSite","@id":"https:\/\/business-in-ukraine.online\/tr\/#website","url":"https:\/\/business-in-ukraine.online\/tr\/","name":"Business in Ukraine","description":"UKRAINIAN BUSINESS PORTAL","potentialAction":[{"@type":"SearchAction","target":{"@type":"EntryPoint","urlTemplate":"https:\/\/business-in-ukraine.online\/tr\/?s={search_term_string}"},"query-input":{"@type":"PropertyValueSpecification","valueRequired":true,"valueName":"search_term_string"}}],"inLanguage":"tr"}]}},"_links":{"self":[{"href":"https:\/\/business-in-ukraine.online\/tr\/wp-json\/wp\/v2\/pages\/3458"}],"collection":[{"href":"https:\/\/business-in-ukraine.online\/tr\/wp-json\/wp\/v2\/pages"}],"about":[{"href":"https:\/\/business-in-ukraine.online\/tr\/wp-json\/wp\/v2\/types\/page"}],"author":[{"embeddable":true,"href":"https:\/\/business-in-ukraine.online\/tr\/wp-json\/wp\/v2\/users\/1"}],"replies":[{"embeddable":true,"href":"https:\/\/business-in-ukraine.online\/tr\/wp-json\/wp\/v2\/comments?post=3458"}],"version-history":[{"count":1,"href":"https:\/\/business-in-ukraine.online\/tr\/wp-json\/wp\/v2\/pages\/3458\/revisions"}],"predecessor-version":[{"id":3547,"href":"https:\/\/business-in-ukraine.online\/tr\/wp-json\/wp\/v2\/pages\/3458\/revisions\/3547"}],"wp:attachment":[{"href":"https:\/\/business-in-ukraine.online\/tr\/wp-json\/wp\/v2\/media?parent=3458"}],"curies":[{"name":"wp","href":"https:\/\/api.w.org\/{rel}","templated":true}]}}