{"id":3469,"date":"2017-04-23T13:02:45","date_gmt":"2017-04-23T11:02:45","guid":{"rendered":"http:\/\/business-in-ukraine.online\/?page_id=3469"},"modified":"2017-04-27T20:13:47","modified_gmt":"2017-04-27T18:13:47","slug":"ukrayna-da-is-ve-yatirim__trashed","status":"publish","type":"page","link":"https:\/\/business-in-ukraine.online\/tr\/","title":{"rendered":"Ukrayna\u2019da i\u015f ve yat\u0131r\u0131m"},"content":{"rendered":"[vc_row][vc_column width=&#8221;1\/1&#8243;][rev_slider_vc alias=&#8221;frontpage_tr&#8221;][\/vc_column][\/vc_row][vc_row][vc_column width=&#8221;1\/1&#8243;][vc_column_text]\n<p style=\"text-align: justify;\">Business-in-ukraine.onlineportal\u0131; Ukrayna&#8217;da yat\u0131r\u0131mlar\u0131n etkin ve verimli kullan\u0131lmas\u0131na y\u00f6nelik Ukrayna pazar\u0131nda yabanc\u0131 \u015firketler i\u00e7in tek alternatiftir. ,Veritaban\u0131m\u0131zda Ukrayna&#8217;da i\u015f hakk\u0131nda pratik g\u00fcvenilir online bilgi bulabilirsiniz. yat\u0131r\u0131m f\u0131rsatlar\u0131; sat\u0131l\u0131k firma, Ukrayna&#8217;da haz\u0131r projeler, Ukrayna&#8217;da yat\u0131r\u0131m projeleri, Ukrayna&#8217;da ortak giri\u015fim, Ukrayna&#8217;da i\u015f kurma, sat\u0131l\u0131k m\u00fclk ve sat\u0131l\u0131k tar\u0131m arazileri, Ticari ve end\u00fcstriyel gayrimenkuller.<\/p>\n<p style=\"text-align: justify;\">Modern ileti\u015fim y\u00f6ntemlerini de kullanarak, Ukrayna&#8217;da tam \u00e7evrimi\u00e7i destek ve pazarlama deste\u011fi ile hizmetlerimizden yararlanabilirsiniz.<\/p>\n<p style=\"text-align: justify;\">Ukrayna&#8217;ya Nas\u0131l Yat\u0131r\u0131m Yap\u0131lmal\u0131?<\/p>\n<p style=\"text-align: justify;\"><strong>Yat\u0131r\u0131m f\u0131rsatlar\u0131 ve hizmetleri veritaban\u0131m\u0131zda, en iyi ve en faydal\u0131 se\u00e7enekleri bulabilir ve istedi\u011finiz i\u015f, yat\u0131r\u0131m projesi veya Ukrayna&#8217;daki i\u015f geli\u015ftirme hizmetlerinden herhangi birii\u00e7in bizden hizmet alabilirsiniz.<\/strong><\/p>\n[\/vc_column_text][vc_carousel posts_query=&#8221;size:24|order_by:rand|post_type:business&#8221; layout=&#8221;title|link_post,image|link_post,text|excerpt&#8221; link_target=&#8221;_self&#8221; speed=&#8221;10000&#8243; mode=&#8221;horizontal&#8221; slides_per_view=&#8221;5&#8243; autoplay=&#8221;yes&#8221; hide_pagination_control=&#8221;yes&#8221; partial_view=&#8221;yes&#8221; wrap=&#8221;yes&#8221; thumb_size=&#8221;col-1\/3&#8243; title=&#8221;YATIRIM FIRSATLARI&#8221;][\/vc_column][\/vc_row]\n","protected":false},"excerpt":{"rendered":"<p>[vc_row][vc_column width=&#8221;1\/1&#8243;][rev_slider_vc alias=&#8221;frontpage_tr&#8221;][\/vc_column][\/vc_row][vc_row][vc_column width=&#8221;1\/1&#8243;][vc_column_text] Business-in-ukraine.onlineportal\u0131; Ukrayna&#8217;da yat\u0131r\u0131mlar\u0131n etkin ve verimli kullan\u0131lmas\u0131na y\u00f6nelik Ukrayna pazar\u0131nda yabanc\u0131 \u015firketler i\u00e7in tek alternatiftir. ,Veritaban\u0131m\u0131zda Ukrayna&#8217;da i\u015f hakk\u0131nda pratik g\u00fcvenilir online bilgi bulabilirsiniz. yat\u0131r\u0131m f\u0131rsatlar\u0131; sat\u0131l\u0131k firma, Ukrayna&#8217;da haz\u0131r projeler, Ukrayna&#8217;da yat\u0131r\u0131m projeleri, Ukrayna&#8217;da ortak giri\u015fim, Ukrayna&#8217;da i\u015f kurma, sat\u0131l\u0131k m\u00fclk ve sat\u0131l\u0131k tar\u0131m arazileri,&#8230;<\/p>\n","protected":false},"author":1,"featured_media":0,"parent":0,"menu_order":0,"comment_status":"closed","ping_status":"closed","template":"","meta":{"_acf_changed":false,"pmpro_default_level":0,"_monsterinsights_skip_tracking":false,"_monsterinsights_sitenote_active":false,"_monsterinsights_sitenote_note":"","_monsterinsights_sitenote_category":0,"footnotes":""},"class_list":["post-3469","page","type-page","status-publish","hentry","pmpro-has-access"],"acf":[],"yoast_head":"<!-- This site is optimized with the Yoast SEO plugin v23.7 - https:\/\/yoast.com\/wordpress\/plugins\/seo\/ -->\n<title>Ukrayna\u2019da i\u015f ve yat\u0131r\u0131m - Business in Ukraine<\/title>\n<meta name=\"description\" content=\"Start Business Buy Business Joint Venture Invest Money Start Business Buy Business Joint Venture Invest Money\" \/>\n<meta name=\"robots\" content=\"index, follow, max-snippet:-1, max-image-preview:large, max-video-preview:-1\" \/>\n<link rel=\"canonical\" href=\"https:\/\/business-in-ukraine.online\/tr\/\" \/>\n<meta property=\"og:locale\" content=\"tr_TR\" \/>\n<meta property=\"og:type\" content=\"article\" \/>\n<meta property=\"og:title\" content=\"Ukrayna\u2019da i\u015f ve yat\u0131r\u0131m - Business in Ukraine\" \/>\n<meta property=\"og:description\" content=\"Start Business Buy Business Joint Venture Invest Money Start Business Buy Business Joint Venture Invest Money\" \/>\n<meta property=\"og:url\" content=\"https:\/\/business-in-ukraine.online\/tr\/\" \/>\n<meta property=\"og:site_name\" content=\"Business in Ukraine\" \/>\n<meta property=\"article:publisher\" content=\"https:\/\/www.facebook.com\/project.ukraine\" \/>\n<meta property=\"article:modified_time\" content=\"2017-04-27T18:13:47+00:00\" \/>\n<meta name=\"twitter:card\" content=\"summary_large_image\" \/>\n<meta name=\"twitter:site\" content=\"@InvestUkraine\" \/>\n<meta name=\"twitter:label1\" content=\"Est. reading time\" \/>\n\t<meta name=\"twitter:data1\" content=\"1 minute\" \/>\n<script type=\"application\/ld+json\" class=\"yoast-schema-graph\">{\"@context\":\"https:\/\/schema.org\",\"@graph\":[{\"@type\":\"WebPage\",\"@id\":\"https:\/\/business-in-ukraine.online\/tr\/\",\"url\":\"https:\/\/business-in-ukraine.online\/tr\/\",\"name\":\"Ukrayna\u2019da i\u015f ve yat\u0131r\u0131m - Business in Ukraine\",\"isPartOf\":{\"@id\":\"https:\/\/business-in-ukraine.online\/tr\/#website\"},\"datePublished\":\"2017-04-23T11:02:45+00:00\",\"dateModified\":\"2017-04-27T18:13:47+00:00\",\"description\":\"Start Business Buy Business Joint Venture Invest Money Start Business Buy Business Joint Venture Invest Money\",\"breadcrumb\":{\"@id\":\"https:\/\/business-in-ukraine.online\/tr\/#breadcrumb\"},\"inLanguage\":\"tr\",\"potentialAction\":[{\"@type\":\"ReadAction\",\"target\":[\"https:\/\/business-in-ukraine.online\/tr\/\"]}]},{\"@type\":\"BreadcrumbList\",\"@id\":\"https:\/\/business-in-ukraine.online\/tr\/#breadcrumb\",\"itemListElement\":[{\"@type\":\"ListItem\",\"position\":1,\"name\":\"Home\",\"item\":\"https:\/\/business-in-ukraine.online\/tr\/\"},{\"@type\":\"ListItem\",\"position\":2,\"name\":\"Ukrayna\u2019da i\u015f ve yat\u0131r\u0131m\"}]},{\"@type\":\"WebSite\",\"@id\":\"https:\/\/business-in-ukraine.online\/tr\/#website\",\"url\":\"https:\/\/business-in-ukraine.online\/tr\/\",\"name\":\"Business in Ukraine\",\"description\":\"UKRAINIAN BUSINESS PORTAL\",\"potentialAction\":[{\"@type\":\"SearchAction\",\"target\":{\"@type\":\"EntryPoint\",\"urlTemplate\":\"https:\/\/business-in-ukraine.online\/tr\/?s={search_term_string}\"},\"query-input\":{\"@type\":\"PropertyValueSpecification\",\"valueRequired\":true,\"valueName\":\"search_term_string\"}}],\"inLanguage\":\"tr\"}]}<\/script>\n<!-- \/ Yoast SEO plugin. -->","yoast_head_json":{"title":"Ukrayna\u2019da i\u015f ve yat\u0131r\u0131m - Business in Ukraine","description":"Start Business Buy Business Joint Venture Invest Money Start Business Buy Business Joint Venture Invest Money","robots":{"index":"index","follow":"follow","max-snippet":"max-snippet:-1","max-image-preview":"max-image-preview:large","max-video-preview":"max-video-preview:-1"},"canonical":"https:\/\/business-in-ukraine.online\/tr\/","og_locale":"tr_TR","og_type":"article","og_title":"Ukrayna\u2019da i\u015f ve yat\u0131r\u0131m - Business in Ukraine","og_description":"Start Business Buy Business Joint Venture Invest Money Start Business Buy Business Joint Venture Invest Money","og_url":"https:\/\/business-in-ukraine.online\/tr\/","og_site_name":"Business in Ukraine","article_publisher":"https:\/\/www.facebook.com\/project.ukraine","article_modified_time":"2017-04-27T18:13:47+00:00","twitter_card":"summary_large_image","twitter_site":"@InvestUkraine","twitter_misc":{"Est. reading time":"1 minute"},"schema":{"@context":"https:\/\/schema.org","@graph":[{"@type":"WebPage","@id":"https:\/\/business-in-ukraine.online\/tr\/","url":"https:\/\/business-in-ukraine.online\/tr\/","name":"Ukrayna\u2019da i\u015f ve yat\u0131r\u0131m - Business in Ukraine","isPartOf":{"@id":"https:\/\/business-in-ukraine.online\/tr\/#website"},"datePublished":"2017-04-23T11:02:45+00:00","dateModified":"2017-04-27T18:13:47+00:00","description":"Start Business Buy Business Joint Venture Invest Money Start Business Buy Business Joint Venture Invest Money","breadcrumb":{"@id":"https:\/\/business-in-ukraine.online\/tr\/#breadcrumb"},"inLanguage":"tr","potentialAction":[{"@type":"ReadAction","target":["https:\/\/business-in-ukraine.online\/tr\/"]}]},{"@type":"BreadcrumbList","@id":"https:\/\/business-in-ukraine.online\/tr\/#breadcrumb","itemListElement":[{"@type":"ListItem","position":1,"name":"Home","item":"https:\/\/business-in-ukraine.online\/tr\/"},{"@type":"ListItem","position":2,"name":"Ukrayna\u2019da i\u015f ve yat\u0131r\u0131m"}]},{"@type":"WebSite","@id":"https:\/\/business-in-ukraine.online\/tr\/#website","url":"https:\/\/business-in-ukraine.online\/tr\/","name":"Business in Ukraine","description":"UKRAINIAN BUSINESS PORTAL","potentialAction":[{"@type":"SearchAction","target":{"@type":"EntryPoint","urlTemplate":"https:\/\/business-in-ukraine.online\/tr\/?s={search_term_string}"},"query-input":{"@type":"PropertyValueSpecification","valueRequired":true,"valueName":"search_term_string"}}],"inLanguage":"tr"}]}},"_links":{"self":[{"href":"https:\/\/business-in-ukraine.online\/tr\/wp-json\/wp\/v2\/pages\/3469"}],"collection":[{"href":"https:\/\/business-in-ukraine.online\/tr\/wp-json\/wp\/v2\/pages"}],"about":[{"href":"https:\/\/business-in-ukraine.online\/tr\/wp-json\/wp\/v2\/types\/page"}],"author":[{"embeddable":true,"href":"https:\/\/business-in-ukraine.online\/tr\/wp-json\/wp\/v2\/users\/1"}],"replies":[{"embeddable":true,"href":"https:\/\/business-in-ukraine.online\/tr\/wp-json\/wp\/v2\/comments?post=3469"}],"version-history":[{"count":0,"href":"https:\/\/business-in-ukraine.online\/tr\/wp-json\/wp\/v2\/pages\/3469\/revisions"}],"wp:attachment":[{"href":"https:\/\/business-in-ukraine.online\/tr\/wp-json\/wp\/v2\/media?parent=3469"}],"curies":[{"name":"wp","href":"https:\/\/api.w.org\/{rel}","templated":true}]}}