{"id":3526,"date":"2017-04-26T08:59:42","date_gmt":"2017-04-26T06:59:42","guid":{"rendered":"http:\/\/business-in-ukraine.online\/?page_id=3526\/"},"modified":"2017-04-27T18:35:22","modified_gmt":"2017-04-27T16:35:22","slug":"yatirim-destegi","status":"publish","type":"page","link":"https:\/\/business-in-ukraine.online\/tr\/yatirim-destegi\/","title":{"rendered":"Yat\u0131r\u0131m deste\u011fi"},"content":{"rendered":"<p style=\"text-align: justify;\">[vc_row][vc_column width=&#8221;2\/3&#8243;][vc_column_text]FIN GROUP, potansiyel yat\u0131r\u0131mc\u0131lara do\u011frudan yat\u0131r\u0131m deste\u011fi \u00f6nermek ve Ukrayna&#8217;daki yat\u0131r\u0131mlar\u0131n\u0131 belirlemek i\u00e7in verecekleri kararlarda potansiyel yat\u0131r\u0131mc\u0131lara yard\u0131m etmeyi ama\u00e7layan\u00a0 BUSINESS IN UKRAINE portal\u0131n\u0131n profesyonel orta\u011f\u0131d\u0131r.<\/p>\n<p style=\"text-align: justify;\">FIN GRUBU <span style=\"color: #0000ff;\"><a style=\"color: #0000ff;\" href=\"http:\/\/www.fingroup.org\">www.fingroup.org<\/a><\/span>, uluslararas\u0131 standartlara ve i\u015f tecr\u00fcbelerine g\u00f6re her a\u015famada ve her zorluk derecesinde Ukrayna&#8217;da yat\u0131r\u0131m projeleri ve i\u015fletme deste\u011finin organizasyonu ve uygulanmas\u0131 amac\u0131yla kurulmu\u015f bir grup \u015firkettir. Ukrayna&#8217;daki i\u015finiz ve yat\u0131r\u0131mlar\u0131n\u0131z i\u00e7in a\u015fa\u011f\u0131daki hizmetleri alabilirsiniz;<\/p>\n<ul>\n<li style=\"text-align: justify;\">Dan\u0131\u015fmanl\u0131k hizmetleri<\/li>\n<li style=\"text-align: justify;\">Abonelik dan\u0131\u015fmanl\u0131k hizmetleri<\/li>\n<li style=\"text-align: justify;\">Ukrayna&#8217;daki yabanc\u0131 \u015firketler i\u00e7in \u00e7ok y\u00f6nl\u00fc destek<\/li>\n<li style=\"text-align: justify;\">Yabanc\u0131 yat\u0131r\u0131mlar\u0131n korunmas\u0131<\/li>\n<li style=\"text-align: justify;\">Ticari, ekonomik, finansal, end\u00fcstriyel, bilimsel, teknik ve sosyal ili\u015fkilerin geli\u015ftirilmesi<\/li>\n<li style=\"text-align: justify;\">Ukrayna ekonomisine yat\u0131r\u0131m deste\u011fi<\/li>\n<li style=\"text-align: justify;\">Proje Do\u011frulamas\u0131<\/li>\n<li style=\"text-align: justify;\">Yasal Destek<\/li>\n<li style=\"text-align: justify;\">Kurumsal \u0130tibar Analizi ve taraflar\u0131n ve ortaklar\u0131n g\u00fcvenilirli\u011fi<\/li>\n<li style=\"text-align: justify;\">Yat\u0131r\u0131m f\u0131rsatlar\u0131 hakk\u0131nda bilgilendirme hizmeti<\/li>\n<li style=\"text-align: justify;\">Hukuki Dan\u0131\u015fmanl\u0131k<\/li>\n<li style=\"text-align: justify;\">Ukrayna&#8217;da i\u015f yapma yasama \u015fartlar\u0131 hakk\u0131nda bilgilendirme hizmeti<\/li>\n<li style=\"text-align: justify;\">Ukrayna&#8217;ya yat\u0131r\u0131m yapma hakk\u0131nda bilgilendirme hizmeti<\/li>\n<li style=\"text-align: justify;\">Ukrayna&#8217;da \u0130\u015f ve Yat\u0131r\u0131m Projeleri Geli\u015ftirme Hizmetleri<\/li>\n<li style=\"text-align: justify;\">\u00dcyeler i\u00e7in ki\u015fiselle\u015ftirilmi\u015f kapsaml\u0131 tavsiyeler (idari, mali, finansal ve hukuki) isti\u015fareler<\/li>\n<li style=\"text-align: justify;\">Potansiyel ortaklar, projeler hakk\u0131nda bilgi hizmeti<\/li>\n<li style=\"text-align: justify;\">\u0130\u015f ili\u015fkileri kurma konusunda yard\u0131m, umut verici yat\u0131r\u0131m projelerinin ara\u015ft\u0131rmas\u0131<\/li>\n<li style=\"text-align: justify;\">Yabanc\u0131 Yat\u0131r\u0131mc\u0131 Temsilcili\u011fi<\/li>\n<li style=\"text-align: justify;\">Toplant\u0131, seminer ve konferans haz\u0131rlamak ve y\u00fcr\u00fctmek<\/li>\n<li style=\"text-align: justify;\">Vadeli yat\u0131r\u0131m projelerinin sunumu<\/li>\n<li style=\"text-align: justify;\">Proje Y\u00f6netimi<\/li>\n<li style=\"text-align: justify;\">\u015eirket y\u00f6netimi<\/li>\n<li style=\"text-align: justify;\">Proje Organizasyonu<\/li>\n<li style=\"text-align: justify;\">\u0130\u015f Korumas\u0131<\/li>\n<li style=\"text-align: justify;\">K\u00e2rl\u0131 \u0130\u015f<\/li>\n<li style=\"text-align: justify;\">Temel atmaya haz\u0131r Projeler<\/li>\n<li style=\"text-align: justify;\">Devlet \u0130li\u015fkileri<\/li>\n<li style=\"text-align: justify;\">Franchising<\/li>\n<\/ul>\n<p style=\"text-align: justify;\">Ba\u015far\u0131 odakl\u0131 ve verimli i\u015fbirli\u011fi i\u00e7in sayg\u0131 ve umutla,<\/p>\n<p style=\"text-align: justify;\">FIN GROUP ekibi![\/vc_column_text][\/vc_column][vc_column width=&#8221;1\/3&#8243;][vc_column_text]<div class=\"frm_forms \" id=\"frm_form_11_container\" >\n<form enctype=\"multipart\/form-data\" method=\"post\" class=\"frm-show-form  frm_ajax_submit  frm_pro_form \" id=\"form_fdi_support\" >\n<div class=\"frm_form_fields \">\n<fieldset>\n<h3>Investment Support<\/h3>\r\n<div class=\"frm_fields_container\">\n<input type=\"hidden\" name=\"frm_action\" value=\"create\" \/>\n<input type=\"hidden\" name=\"form_id\" value=\"11\" \/>\n<input type=\"hidden\" name=\"frm_hide_fields_11\" id=\"frm_hide_fields_11\" value=\"\" \/>\n<input type=\"hidden\" name=\"form_key\" value=\"fdi_support\" \/>\n<input type=\"hidden\" name=\"item_meta[0]\" value=\"\" \/>\n<input type=\"hidden\" id=\"frm_submit_entry_11\" name=\"frm_submit_entry_11\" value=\"b6ac0c3c77\" \/><input type=\"hidden\" name=\"_wp_http_referer\" value=\"\/tr\/wp-json\/wp\/v2\/pages\/3526\" \/><div id=\"frm_field_183_container\" class=\"frm_form_field form-field  frm_required_field frm_top_container frm_first_half\">\r\n    <label for=\"field_v207rt\" class=\"frm_primary_label\">First Name\r\n        <span class=\"frm_required\">*<\/span>\r\n    <\/label>\r\n    <input type=\"text\" id=\"field_v207rt\" name=\"item_meta[183]\" value=\"\"  data-reqmsg=\"First Name cannot be blank.\" aria-required=\"true\" data-invmsg=\"First Name is invalid\" aria-invalid=\"false\"  \/>\r\n    \r\n    \r\n<\/div>\n<div id=\"frm_field_186_container\" class=\"frm_form_field form-field  frm_required_field frm_top_container frm_last_half\">\r\n    <label for=\"field_15xx1o\" class=\"frm_primary_label\">Last Name\r\n        <span class=\"frm_required\">*<\/span>\r\n    <\/label>\r\n    <input type=\"text\" id=\"field_15xx1o\" name=\"item_meta[186]\" value=\"\"  data-reqmsg=\"Last Name cannot be blank.\" aria-required=\"true\" data-invmsg=\"Last Name is invalid\" aria-invalid=\"false\"  \/>\r\n    \r\n    \r\n<\/div>\n<div id=\"frm_field_180_container\" class=\"frm_form_field form-field  frm_required_field frm_top_container\">\r\n    <label for=\"field_vbkqj8\" class=\"frm_primary_label\">Email Address\r\n        <span class=\"frm_required\">*<\/span>\r\n    <\/label>\r\n    <input type=\"email\" id=\"field_vbkqj8\" name=\"item_meta[180]\" value=\"\"  data-reqmsg=\"Email Address cannot be blank.\" aria-required=\"true\" data-invmsg=\"Email Address is invalid\" aria-invalid=\"false\"  \/>\r\n    \r\n    \r\n<\/div>\n<div id=\"frm_field_181_container\" class=\"frm_form_field form-field  frm_top_container\">\r\n    <label for=\"field_pouefe\" class=\"frm_primary_label\">Website\r\n        <span class=\"frm_required\"><\/span>\r\n    <\/label>\r\n    <input type=\"url\" id=\"field_pouefe\" name=\"item_meta[181]\" value=\"\"  data-invmsg=\"Website is invalid\" aria-invalid=\"false\"  \/>\r\n    \r\n    \r\n<\/div>\n<div id=\"frm_field_185_container\" class=\"frm_form_field form-field  frm_required_field frm_top_container frm_first_half\">\r\n    <label for=\"field_85mijh\" class=\"frm_primary_label\">Telephon Number\r\n        <span class=\"frm_required\">*<\/span>\r\n    <\/label>\r\n    <input type=\"tel\" id=\"field_85mijh\" name=\"item_meta[185]\" value=\"\"  data-reqmsg=\"Telephon Number cannot be blank.\" aria-required=\"true\" data-invmsg=\"Telephon Number is invalid\" aria-invalid=\"false\" pattern=\"((\\+\\d{1,3}(-|.| )?\\(?\\d\\)?(-| |.)?\\d{1,5})|(\\(?\\d{2,6}\\)?))(-|.| )?(\\d{3,4})(-|.| )?(\\d{4})(( x| ext)\\d{1,5}){0,1}$\"  \/>\r\n    \r\n    \r\n<\/div>\n<div id=\"frm_field_233_container\" class=\"frm_form_field form-field  frm_top_container frm_last_half\">\r\n    <label for=\"field_r8l9ql\" class=\"frm_primary_label\">Skype\r\n        <span class=\"frm_required\"><\/span>\r\n    <\/label>\r\n    <input type=\"text\" id=\"field_r8l9ql\" name=\"item_meta[233]\" value=\"\"  data-invmsg=\"Skype is invalid\" aria-invalid=\"false\"  \/>\r\n    \r\n    \r\n<\/div>\n<div id=\"frm_field_163_container\" class=\"frm_form_field form-field  frm_required_field frm_top_container\">\r\n    <label for=\"field_b_goal2\" class=\"frm_primary_label\">Services\r\n        <span class=\"frm_required\">*<\/span>\r\n    <\/label>\r\n    \t\t<select name=\"item_meta[163]\" id=\"field_b_goal2\"  data-frmval=\"Choose Services\" data-reqmsg=\"Services cannot be blank.\" aria-required=\"true\" data-invmsg=\"Services is invalid\" aria-invalid=\"false\"  >\n\t\t<option  value=\"Choose Services\" selected='selected'>Choose Services<\/option><option  value=\"Advisory Service\">Advisory Service<\/option><option  value=\"Subscriber Adviser\">Subscriber Adviser<\/option><option  value=\"Complex support of foreign companies in Ukraine\">Complex support of foreign companies in Ukraine<\/option><option  value=\"Protection of foreign investments\">Protection of foreign investments<\/option><option  value=\"Development of business relations\">Development of business relations<\/option><option  value=\"Support of investment in Ukrainian \">Support of investment in Ukrainian <\/option><option  value=\"Project Verification\">Project Verification<\/option><option  value=\"Legal Support\">Legal Support<\/option><option  value=\"Corporate Reputation Analysis and reliability of counterparties and partners\">Corporate Reputation Analysis and reliability of counterparties and partners<\/option><option  value=\"Provide information about investment opportunities\">Provide information about investment opportunities<\/option><option  value=\"Legal Advice \">Legal Advice <\/option><option  value=\"Provide information about legislative conditions of doing business in Ukraine\">Provide information about legislative conditions of doing business in Ukraine<\/option><option  value=\"Provide &quot;one-stop&quot; information about investing in Ukraine\">Provide &quot;one-stop&quot; information about investing in Ukraine<\/option><option  value=\"Services on Business &amp; Investment projects development in Ukraine\">Services on Business &amp; Investment projects development in Ukraine<\/option><option  value=\"Comprehensive  consultations \">Comprehensive  consultations <\/option><option  value=\"Provide information on potential partners, projects\">Provide information on potential partners, projects<\/option><option  value=\"Assistance in establishing business relations \">Assistance in establishing business relations <\/option><option  value=\"Search of promising investment projects\">Search of promising investment projects<\/option><option  value=\"Representation of Foreign investors\">Representation of Foreign investors<\/option><option  value=\"Preparing and conducting the meetings, seminars and conferences\">Preparing and conducting the meetings, seminars and conferences<\/option><option  value=\"Project Management\">Project Management<\/option><option  value=\"Business Management\">Business Management<\/option><option  value=\"Organization Project\">Organization Project<\/option><option  value=\"Protection Business\">Protection Business<\/option><option  value=\"Profitable Business\">Profitable Business<\/option><option  value=\"\u00abShovel-Ready\u00bb Projects\">\u00abShovel-Ready\u00bb Projects<\/option><option  value=\"Government Relations\">Government Relations<\/option><option  value=\"Franchising Business \">Franchising Business <\/option>\t<\/select>\n\t\r\n    \r\n    \r\n<\/div>\n<div id=\"frm_field_187_container\" class=\"frm_form_field form-field  frm_top_container\">\r\n    <label for=\"field_ja9u7i\" class=\"frm_primary_label\">Comments\r\n        <span class=\"frm_required\"><\/span>\r\n    <\/label>\r\n    <textarea name=\"item_meta[187]\" id=\"field_ja9u7i\" rows=\"5\"  data-invmsg=\"Comments is invalid\" aria-invalid=\"false\"  ><\/textarea>\r\n    \r\n    \r\n<\/div>\n\t<input type=\"hidden\" name=\"item_key\" value=\"\" \/>\n\t<input name=\"frm_state\" type=\"hidden\" value=\"xvctcJ7XF7FqUPqHi6q1IxVAASV5+gXICkRdFF67eXg9tJPUPuttTLs7qhq8sKfm\" \/><div class=\"frm_submit\">\r\n\r\n<input type=\"submit\" value=\"Submit\"  class=\"frm_final_submit\" formnovalidate=\"formnovalidate\" \/>\r\n<img decoding=\"async\" class=\"frm_ajax_loading\" src=\"https:\/\/business-in-ukraine.online\/wp-content\/plugins\/formidable\/images\/ajax_loader.gif\" alt=\"Sending\" style=\"visibility:hidden;\" \/>\r\n\r\n<\/div><\/div>\n<\/fieldset>\n<\/div>\n<\/form>\n<\/div>\n[\/vc_column_text][\/vc_column][\/vc_row]\n","protected":false},"excerpt":{"rendered":"<p>[vc_row][vc_column width=&#8221;2\/3&#8243;][vc_column_text]FIN GROUP, potansiyel yat\u0131r\u0131mc\u0131lara do\u011frudan yat\u0131r\u0131m deste\u011fi \u00f6nermek ve Ukrayna&#8217;daki yat\u0131r\u0131mlar\u0131n\u0131 belirlemek i\u00e7in verecekleri kararlarda potansiyel yat\u0131r\u0131mc\u0131lara yard\u0131m etmeyi ama\u00e7layan\u00a0 BUSINESS IN UKRAINE portal\u0131n\u0131n profesyonel orta\u011f\u0131d\u0131r. FIN GRUBU www.fingroup.org, uluslararas\u0131 standartlara ve i\u015f tecr\u00fcbelerine g\u00f6re her a\u015famada ve her zorluk derecesinde Ukrayna&#8217;da yat\u0131r\u0131m projeleri ve i\u015fletme deste\u011finin organizasyonu ve&#8230;<\/p>\n","protected":false},"author":1,"featured_media":0,"parent":0,"menu_order":0,"comment_status":"closed","ping_status":"closed","template":"onecolumn-page.php","meta":{"_acf_changed":false,"pmpro_default_level":0,"_monsterinsights_skip_tracking":false,"_monsterinsights_sitenote_active":false,"_monsterinsights_sitenote_note":"","_monsterinsights_sitenote_category":0,"footnotes":""},"class_list":["post-3526","page","type-page","status-publish","hentry","pmpro-has-access"],"acf":[],"yoast_head":"<!-- This site is optimized with the Yoast SEO plugin v23.7 - https:\/\/yoast.com\/wordpress\/plugins\/seo\/ -->\n<title>Yat\u0131r\u0131m deste\u011fi - Business in Ukraine<\/title>\n<meta name=\"robots\" content=\"index, follow, max-snippet:-1, max-image-preview:large, max-video-preview:-1\" \/>\n<link rel=\"canonical\" href=\"https:\/\/business-in-ukraine.online\/tr\/yatirim-destegi\/\" \/>\n<meta property=\"og:locale\" content=\"tr_TR\" \/>\n<meta property=\"og:type\" content=\"article\" \/>\n<meta property=\"og:title\" content=\"Yat\u0131r\u0131m deste\u011fi - Business in Ukraine\" \/>\n<meta property=\"og:description\" content=\"[vc_row][vc_column width=&#8221;2\/3&#8243;][vc_column_text]FIN GROUP, potansiyel yat\u0131r\u0131mc\u0131lara do\u011frudan yat\u0131r\u0131m deste\u011fi \u00f6nermek ve Ukrayna&#8217;daki yat\u0131r\u0131mlar\u0131n\u0131 belirlemek i\u00e7in verecekleri kararlarda potansiyel yat\u0131r\u0131mc\u0131lara yard\u0131m etmeyi ama\u00e7layan\u00a0 BUSINESS IN UKRAINE portal\u0131n\u0131n profesyonel orta\u011f\u0131d\u0131r. FIN GRUBU www.fingroup.org, uluslararas\u0131 standartlara ve i\u015f tecr\u00fcbelerine g\u00f6re her a\u015famada ve her zorluk derecesinde Ukrayna&#8217;da yat\u0131r\u0131m projeleri ve i\u015fletme deste\u011finin organizasyonu ve...\" \/>\n<meta property=\"og:url\" content=\"https:\/\/business-in-ukraine.online\/tr\/yatirim-destegi\/\" \/>\n<meta property=\"og:site_name\" content=\"Business in Ukraine\" \/>\n<meta property=\"article:publisher\" content=\"https:\/\/www.facebook.com\/project.ukraine\" \/>\n<meta property=\"article:modified_time\" content=\"2017-04-27T16:35:22+00:00\" \/>\n<meta name=\"twitter:card\" content=\"summary_large_image\" \/>\n<meta name=\"twitter:site\" content=\"@InvestUkraine\" \/>\n<meta name=\"twitter:label1\" content=\"Est. reading time\" \/>\n\t<meta name=\"twitter:data1\" content=\"2 minutes\" \/>\n<script type=\"application\/ld+json\" class=\"yoast-schema-graph\">{\"@context\":\"https:\/\/schema.org\",\"@graph\":[{\"@type\":\"WebPage\",\"@id\":\"https:\/\/business-in-ukraine.online\/tr\/yatirim-destegi\/\",\"url\":\"https:\/\/business-in-ukraine.online\/tr\/yatirim-destegi\/\",\"name\":\"Yat\u0131r\u0131m deste\u011fi - Business in Ukraine\",\"isPartOf\":{\"@id\":\"https:\/\/business-in-ukraine.online\/tr\/#website\"},\"datePublished\":\"2017-04-26T06:59:42+00:00\",\"dateModified\":\"2017-04-27T16:35:22+00:00\",\"breadcrumb\":{\"@id\":\"https:\/\/business-in-ukraine.online\/tr\/yatirim-destegi\/#breadcrumb\"},\"inLanguage\":\"tr\",\"potentialAction\":[{\"@type\":\"ReadAction\",\"target\":[\"https:\/\/business-in-ukraine.online\/tr\/yatirim-destegi\/\"]}]},{\"@type\":\"BreadcrumbList\",\"@id\":\"https:\/\/business-in-ukraine.online\/tr\/yatirim-destegi\/#breadcrumb\",\"itemListElement\":[{\"@type\":\"ListItem\",\"position\":1,\"name\":\"Home\",\"item\":\"https:\/\/business-in-ukraine.online\/tr\/\"},{\"@type\":\"ListItem\",\"position\":2,\"name\":\"Yat\u0131r\u0131m deste\u011fi\"}]},{\"@type\":\"WebSite\",\"@id\":\"https:\/\/business-in-ukraine.online\/tr\/#website\",\"url\":\"https:\/\/business-in-ukraine.online\/tr\/\",\"name\":\"Business in Ukraine\",\"description\":\"UKRAINIAN BUSINESS PORTAL\",\"potentialAction\":[{\"@type\":\"SearchAction\",\"target\":{\"@type\":\"EntryPoint\",\"urlTemplate\":\"https:\/\/business-in-ukraine.online\/tr\/?s={search_term_string}\"},\"query-input\":{\"@type\":\"PropertyValueSpecification\",\"valueRequired\":true,\"valueName\":\"search_term_string\"}}],\"inLanguage\":\"tr\"}]}<\/script>\n<!-- \/ Yoast SEO plugin. -->","yoast_head_json":{"title":"Yat\u0131r\u0131m deste\u011fi - Business in Ukraine","robots":{"index":"index","follow":"follow","max-snippet":"max-snippet:-1","max-image-preview":"max-image-preview:large","max-video-preview":"max-video-preview:-1"},"canonical":"https:\/\/business-in-ukraine.online\/tr\/yatirim-destegi\/","og_locale":"tr_TR","og_type":"article","og_title":"Yat\u0131r\u0131m deste\u011fi - Business in Ukraine","og_description":"[vc_row][vc_column width=&#8221;2\/3&#8243;][vc_column_text]FIN GROUP, potansiyel yat\u0131r\u0131mc\u0131lara do\u011frudan yat\u0131r\u0131m deste\u011fi \u00f6nermek ve Ukrayna&#8217;daki yat\u0131r\u0131mlar\u0131n\u0131 belirlemek i\u00e7in verecekleri kararlarda potansiyel yat\u0131r\u0131mc\u0131lara yard\u0131m etmeyi ama\u00e7layan\u00a0 BUSINESS IN UKRAINE portal\u0131n\u0131n profesyonel orta\u011f\u0131d\u0131r. FIN GRUBU www.fingroup.org, uluslararas\u0131 standartlara ve i\u015f tecr\u00fcbelerine g\u00f6re her a\u015famada ve her zorluk derecesinde Ukrayna&#8217;da yat\u0131r\u0131m projeleri ve i\u015fletme deste\u011finin organizasyonu ve...","og_url":"https:\/\/business-in-ukraine.online\/tr\/yatirim-destegi\/","og_site_name":"Business in Ukraine","article_publisher":"https:\/\/www.facebook.com\/project.ukraine","article_modified_time":"2017-04-27T16:35:22+00:00","twitter_card":"summary_large_image","twitter_site":"@InvestUkraine","twitter_misc":{"Est. reading time":"2 minutes"},"schema":{"@context":"https:\/\/schema.org","@graph":[{"@type":"WebPage","@id":"https:\/\/business-in-ukraine.online\/tr\/yatirim-destegi\/","url":"https:\/\/business-in-ukraine.online\/tr\/yatirim-destegi\/","name":"Yat\u0131r\u0131m deste\u011fi - Business in Ukraine","isPartOf":{"@id":"https:\/\/business-in-ukraine.online\/tr\/#website"},"datePublished":"2017-04-26T06:59:42+00:00","dateModified":"2017-04-27T16:35:22+00:00","breadcrumb":{"@id":"https:\/\/business-in-ukraine.online\/tr\/yatirim-destegi\/#breadcrumb"},"inLanguage":"tr","potentialAction":[{"@type":"ReadAction","target":["https:\/\/business-in-ukraine.online\/tr\/yatirim-destegi\/"]}]},{"@type":"BreadcrumbList","@id":"https:\/\/business-in-ukraine.online\/tr\/yatirim-destegi\/#breadcrumb","itemListElement":[{"@type":"ListItem","position":1,"name":"Home","item":"https:\/\/business-in-ukraine.online\/tr\/"},{"@type":"ListItem","position":2,"name":"Yat\u0131r\u0131m deste\u011fi"}]},{"@type":"WebSite","@id":"https:\/\/business-in-ukraine.online\/tr\/#website","url":"https:\/\/business-in-ukraine.online\/tr\/","name":"Business in Ukraine","description":"UKRAINIAN BUSINESS PORTAL","potentialAction":[{"@type":"SearchAction","target":{"@type":"EntryPoint","urlTemplate":"https:\/\/business-in-ukraine.online\/tr\/?s={search_term_string}"},"query-input":{"@type":"PropertyValueSpecification","valueRequired":true,"valueName":"search_term_string"}}],"inLanguage":"tr"}]}},"_links":{"self":[{"href":"https:\/\/business-in-ukraine.online\/tr\/wp-json\/wp\/v2\/pages\/3526"}],"collection":[{"href":"https:\/\/business-in-ukraine.online\/tr\/wp-json\/wp\/v2\/pages"}],"about":[{"href":"https:\/\/business-in-ukraine.online\/tr\/wp-json\/wp\/v2\/types\/page"}],"author":[{"embeddable":true,"href":"https:\/\/business-in-ukraine.online\/tr\/wp-json\/wp\/v2\/users\/1"}],"replies":[{"embeddable":true,"href":"https:\/\/business-in-ukraine.online\/tr\/wp-json\/wp\/v2\/comments?post=3526"}],"version-history":[{"count":1,"href":"https:\/\/business-in-ukraine.online\/tr\/wp-json\/wp\/v2\/pages\/3526\/revisions"}],"predecessor-version":[{"id":3557,"href":"https:\/\/business-in-ukraine.online\/tr\/wp-json\/wp\/v2\/pages\/3526\/revisions\/3557"}],"wp:attachment":[{"href":"https:\/\/business-in-ukraine.online\/tr\/wp-json\/wp\/v2\/media?parent=3526"}],"curies":[{"name":"wp","href":"https:\/\/api.w.org\/{rel}","templated":true}]}}