{"id":3529,"date":"2017-04-26T09:16:23","date_gmt":"2017-04-26T07:16:23","guid":{"rendered":"http:\/\/business-in-ukraine.online\/?page_id=3529\/"},"modified":"2017-04-26T10:17:57","modified_gmt":"2017-04-26T08:17:57","slug":"ukrayna-da-kurmak","status":"publish","type":"page","link":"https:\/\/business-in-ukraine.online\/tr\/ukrayna-da-kurmak\/","title":{"rendered":"Ukrayna\u2019da \u0130\u015f Kurmak"},"content":{"rendered":"<p style=\"text-align: justify;\">Sat\u0131\u015flar ve ithalat-ihracat a\u00e7\u0131s\u0131ndan y\u00fcksek potansiyeli olan bir pazarda yat\u0131r\u0131m yapmak karl\u0131d\u0131r. Y\u00fcksek maa\u015flarla sinirlerinizi y\u0131pratmayan yetenekli personel, d\u00fcnyan\u0131n bir\u00e7ok yerindeki serbest b\u00f6lgelerdeki ve hatta\u00a0 \u00c7in\u2019den bile ucuz b\u00fcy\u00fck depolar.<\/p>\n<p style=\"text-align: justify;\">Ukrayna\u2019da bir i\u015fletmenin kurulmas\u0131 \u015fu \u015fekillerde ger\u00e7ekle\u015febilir;<\/p>\n<ul style=\"text-align: justify;\">\n<li>Yeni i\u015fletmelerin olu\u015fturulmas\u0131<\/li>\n<li>Sat\u0131n alma i\u015flemleri<\/li>\n<li>Sat\u0131n alma hakk\u0131 ile kiralanmas\u0131<\/li>\n<li>Devlet m\u00fclklerinin \u00f6zelle\u015ftirilmesi<\/li>\n<li>Kontrol eden hissenin sat\u0131n al\u0131nmas\u0131<\/li>\n<li>\u015eubelerin ve ba\u011fl\u0131 kurulu\u015flar\u0131n organizasyonu<\/li>\n<\/ul>\n<p style=\"text-align: justify;\">Geni\u015f bir hizmet yelpazesi sunarak Ukrayna&#8217;da bir \u015firket a\u00e7abilirsiniz (Kiev&#8217;de &#8211; Ukrayna&#8217;n\u0131n ba\u015fkenti yada Odessa&#8217;da \u2013 Ukrayna\u2019n\u0131n en b\u00fcy\u00fck ticaret \u015fehri ve liman\u0131, ayr\u0131ca a\u00e7\u0131k bir serbest ticaret b\u00f6lgesinin yan\u0131nda yer almaktad\u0131r).<\/p>\n<p style=\"text-align: justify;\">Profesyonel dan\u0131\u015fmanl\u0131k \u015firketleri ve dan\u0131\u015fmanlar\u0131 kapsaml\u0131 bir hizmet yelpazesi sunar.<\/p>\n<p style=\"text-align: justify;\">Hukuk hizmetleri, h\u00fck\u00fcmet ili\u015fkileri, pazar analizi, personel al\u0131m\u0131, ofis kiralama, ma\u011fzalar, depolar, binalar, arazi, noter hizmetleri, Ofis i\u00e7inde Ofis, \u015firket kurma, Limited \u015eirket kurma, \u015fube a\u00e7ma, temsilcilik a\u00e7ma.<\/p>\n<p style=\"text-align: justify;\">Ukrayna&#8217;da bor\u00e7 g\u00fcvenli\u011fi bile sorun de\u011fil!<\/p>\n<p style=\"text-align: justify;\">Yukar\u0131daki y\u00f6ntemlerden biri ile bir varl\u0131k kurarak, yabanc\u0131 bir varl\u0131\u011f\u0131n Ukrayna&#8217;da lisansl\u0131 t\u00fcm faaliyetlerde bulunmas\u0131na izin verilir.Bu ara\u00e7lar vas\u0131tas\u0131yla y\u00fcr\u00fct\u00fclebilecek faaliyetlerin kapsam\u0131 s\u00f6zle\u015fme, hizmet sa\u011flama ve muhtemelen imalat i\u00e7erebilirken, bu alternatiflere g\u00f6re faaliyet g\u00f6steren yabanc\u0131 \u015firketler sadece ilgili Ukrayna makamlar\u0131 taraf\u0131ndan lisanslanan faaliyetlerde bulunabilir. Bu t\u00fcr yabanc\u0131 \u015firketler, tamamen Ukrayna&#8217;ya ait i\u015fletmeler i\u00e7in ticaret acenteli\u011fi faaliyetleri gibi belirli faaliyetleri ay\u0131ran ilgili k\u0131s\u0131tlamalara tabi kalacaklard\u0131r.<\/p>\n<p style=\"text-align: justify;\">Daha detayl\u0131 bilgi i\u00e7in bize yaz\u0131n.<\/p>\n<p><span style=\"color: #0000ff;\"><a style=\"color: #0000ff;\" href=\"mailto:c.akkaya@mayger.ua\">c.akkaya@mayger.ua<\/a><\/span><\/p>\n","protected":false},"excerpt":{"rendered":"<p>Sat\u0131\u015flar ve ithalat-ihracat a\u00e7\u0131s\u0131ndan y\u00fcksek potansiyeli olan bir pazarda yat\u0131r\u0131m yapmak karl\u0131d\u0131r. Y\u00fcksek maa\u015flarla sinirlerinizi y\u0131pratmayan yetenekli personel, d\u00fcnyan\u0131n bir\u00e7ok yerindeki serbest b\u00f6lgelerdeki ve hatta\u00a0 \u00c7in\u2019den bile ucuz b\u00fcy\u00fck depolar. Ukrayna\u2019da bir i\u015fletmenin kurulmas\u0131 \u015fu \u015fekillerde ger\u00e7ekle\u015febilir; Yeni i\u015fletmelerin olu\u015fturulmas\u0131 Sat\u0131n alma i\u015flemleri Sat\u0131n alma hakk\u0131 ile kiralanmas\u0131 Devlet m\u00fclklerinin&#8230;<\/p>\n","protected":false},"author":1,"featured_media":0,"parent":0,"menu_order":0,"comment_status":"closed","ping_status":"open","template":"onecolumn-page.php","meta":{"_acf_changed":false,"pmpro_default_level":0,"_monsterinsights_skip_tracking":false,"_monsterinsights_sitenote_active":false,"_monsterinsights_sitenote_note":"","_monsterinsights_sitenote_category":0,"footnotes":""},"class_list":["post-3529","page","type-page","status-publish","hentry","pmpro-has-access"],"acf":[],"yoast_head":"<!-- This site is optimized with the Yoast SEO plugin v23.7 - https:\/\/yoast.com\/wordpress\/plugins\/seo\/ -->\n<title>Ukrayna\u2019da \u0130\u015f Kurmak - Business in Ukraine<\/title>\n<meta name=\"robots\" content=\"index, follow, max-snippet:-1, max-image-preview:large, max-video-preview:-1\" \/>\n<link rel=\"canonical\" href=\"https:\/\/business-in-ukraine.online\/tr\/ukrayna-da-kurmak\/\" \/>\n<meta property=\"og:locale\" content=\"tr_TR\" \/>\n<meta property=\"og:type\" content=\"article\" \/>\n<meta property=\"og:title\" content=\"Ukrayna\u2019da \u0130\u015f Kurmak - Business in Ukraine\" \/>\n<meta property=\"og:description\" content=\"Sat\u0131\u015flar ve ithalat-ihracat a\u00e7\u0131s\u0131ndan y\u00fcksek potansiyeli olan bir pazarda yat\u0131r\u0131m yapmak karl\u0131d\u0131r. Y\u00fcksek maa\u015flarla sinirlerinizi y\u0131pratmayan yetenekli personel, d\u00fcnyan\u0131n bir\u00e7ok yerindeki serbest b\u00f6lgelerdeki ve hatta\u00a0 \u00c7in\u2019den bile ucuz b\u00fcy\u00fck depolar. Ukrayna\u2019da bir i\u015fletmenin kurulmas\u0131 \u015fu \u015fekillerde ger\u00e7ekle\u015febilir; Yeni i\u015fletmelerin olu\u015fturulmas\u0131 Sat\u0131n alma i\u015flemleri Sat\u0131n alma hakk\u0131 ile kiralanmas\u0131 Devlet m\u00fclklerinin...\" \/>\n<meta property=\"og:url\" content=\"https:\/\/business-in-ukraine.online\/tr\/ukrayna-da-kurmak\/\" \/>\n<meta property=\"og:site_name\" content=\"Business in Ukraine\" \/>\n<meta property=\"article:publisher\" content=\"https:\/\/www.facebook.com\/project.ukraine\" \/>\n<meta property=\"article:modified_time\" content=\"2017-04-26T08:17:57+00:00\" \/>\n<meta name=\"twitter:card\" content=\"summary_large_image\" \/>\n<meta name=\"twitter:site\" content=\"@InvestUkraine\" \/>\n<meta name=\"twitter:label1\" content=\"Est. reading time\" \/>\n\t<meta name=\"twitter:data1\" content=\"2 minutes\" \/>\n<script type=\"application\/ld+json\" class=\"yoast-schema-graph\">{\"@context\":\"https:\/\/schema.org\",\"@graph\":[{\"@type\":\"WebPage\",\"@id\":\"https:\/\/business-in-ukraine.online\/tr\/ukrayna-da-kurmak\/\",\"url\":\"https:\/\/business-in-ukraine.online\/tr\/ukrayna-da-kurmak\/\",\"name\":\"Ukrayna\u2019da \u0130\u015f Kurmak - Business in Ukraine\",\"isPartOf\":{\"@id\":\"https:\/\/business-in-ukraine.online\/tr\/#website\"},\"datePublished\":\"2017-04-26T07:16:23+00:00\",\"dateModified\":\"2017-04-26T08:17:57+00:00\",\"breadcrumb\":{\"@id\":\"https:\/\/business-in-ukraine.online\/tr\/ukrayna-da-kurmak\/#breadcrumb\"},\"inLanguage\":\"tr\",\"potentialAction\":[{\"@type\":\"ReadAction\",\"target\":[\"https:\/\/business-in-ukraine.online\/tr\/ukrayna-da-kurmak\/\"]}]},{\"@type\":\"BreadcrumbList\",\"@id\":\"https:\/\/business-in-ukraine.online\/tr\/ukrayna-da-kurmak\/#breadcrumb\",\"itemListElement\":[{\"@type\":\"ListItem\",\"position\":1,\"name\":\"Home\",\"item\":\"https:\/\/business-in-ukraine.online\/tr\/\"},{\"@type\":\"ListItem\",\"position\":2,\"name\":\"Ukrayna\u2019da \u0130\u015f Kurmak\"}]},{\"@type\":\"WebSite\",\"@id\":\"https:\/\/business-in-ukraine.online\/tr\/#website\",\"url\":\"https:\/\/business-in-ukraine.online\/tr\/\",\"name\":\"Business in Ukraine\",\"description\":\"UKRAINIAN BUSINESS PORTAL\",\"potentialAction\":[{\"@type\":\"SearchAction\",\"target\":{\"@type\":\"EntryPoint\",\"urlTemplate\":\"https:\/\/business-in-ukraine.online\/tr\/?s={search_term_string}\"},\"query-input\":{\"@type\":\"PropertyValueSpecification\",\"valueRequired\":true,\"valueName\":\"search_term_string\"}}],\"inLanguage\":\"tr\"}]}<\/script>\n<!-- \/ Yoast SEO plugin. -->","yoast_head_json":{"title":"Ukrayna\u2019da \u0130\u015f Kurmak - Business in Ukraine","robots":{"index":"index","follow":"follow","max-snippet":"max-snippet:-1","max-image-preview":"max-image-preview:large","max-video-preview":"max-video-preview:-1"},"canonical":"https:\/\/business-in-ukraine.online\/tr\/ukrayna-da-kurmak\/","og_locale":"tr_TR","og_type":"article","og_title":"Ukrayna\u2019da \u0130\u015f Kurmak - Business in Ukraine","og_description":"Sat\u0131\u015flar ve ithalat-ihracat a\u00e7\u0131s\u0131ndan y\u00fcksek potansiyeli olan bir pazarda yat\u0131r\u0131m yapmak karl\u0131d\u0131r. Y\u00fcksek maa\u015flarla sinirlerinizi y\u0131pratmayan yetenekli personel, d\u00fcnyan\u0131n bir\u00e7ok yerindeki serbest b\u00f6lgelerdeki ve hatta\u00a0 \u00c7in\u2019den bile ucuz b\u00fcy\u00fck depolar. Ukrayna\u2019da bir i\u015fletmenin kurulmas\u0131 \u015fu \u015fekillerde ger\u00e7ekle\u015febilir; Yeni i\u015fletmelerin olu\u015fturulmas\u0131 Sat\u0131n alma i\u015flemleri Sat\u0131n alma hakk\u0131 ile kiralanmas\u0131 Devlet m\u00fclklerinin...","og_url":"https:\/\/business-in-ukraine.online\/tr\/ukrayna-da-kurmak\/","og_site_name":"Business in Ukraine","article_publisher":"https:\/\/www.facebook.com\/project.ukraine","article_modified_time":"2017-04-26T08:17:57+00:00","twitter_card":"summary_large_image","twitter_site":"@InvestUkraine","twitter_misc":{"Est. reading time":"2 minutes"},"schema":{"@context":"https:\/\/schema.org","@graph":[{"@type":"WebPage","@id":"https:\/\/business-in-ukraine.online\/tr\/ukrayna-da-kurmak\/","url":"https:\/\/business-in-ukraine.online\/tr\/ukrayna-da-kurmak\/","name":"Ukrayna\u2019da \u0130\u015f Kurmak - Business in Ukraine","isPartOf":{"@id":"https:\/\/business-in-ukraine.online\/tr\/#website"},"datePublished":"2017-04-26T07:16:23+00:00","dateModified":"2017-04-26T08:17:57+00:00","breadcrumb":{"@id":"https:\/\/business-in-ukraine.online\/tr\/ukrayna-da-kurmak\/#breadcrumb"},"inLanguage":"tr","potentialAction":[{"@type":"ReadAction","target":["https:\/\/business-in-ukraine.online\/tr\/ukrayna-da-kurmak\/"]}]},{"@type":"BreadcrumbList","@id":"https:\/\/business-in-ukraine.online\/tr\/ukrayna-da-kurmak\/#breadcrumb","itemListElement":[{"@type":"ListItem","position":1,"name":"Home","item":"https:\/\/business-in-ukraine.online\/tr\/"},{"@type":"ListItem","position":2,"name":"Ukrayna\u2019da \u0130\u015f Kurmak"}]},{"@type":"WebSite","@id":"https:\/\/business-in-ukraine.online\/tr\/#website","url":"https:\/\/business-in-ukraine.online\/tr\/","name":"Business in Ukraine","description":"UKRAINIAN BUSINESS PORTAL","potentialAction":[{"@type":"SearchAction","target":{"@type":"EntryPoint","urlTemplate":"https:\/\/business-in-ukraine.online\/tr\/?s={search_term_string}"},"query-input":{"@type":"PropertyValueSpecification","valueRequired":true,"valueName":"search_term_string"}}],"inLanguage":"tr"}]}},"_links":{"self":[{"href":"https:\/\/business-in-ukraine.online\/tr\/wp-json\/wp\/v2\/pages\/3529"}],"collection":[{"href":"https:\/\/business-in-ukraine.online\/tr\/wp-json\/wp\/v2\/pages"}],"about":[{"href":"https:\/\/business-in-ukraine.online\/tr\/wp-json\/wp\/v2\/types\/page"}],"author":[{"embeddable":true,"href":"https:\/\/business-in-ukraine.online\/tr\/wp-json\/wp\/v2\/users\/1"}],"replies":[{"embeddable":true,"href":"https:\/\/business-in-ukraine.online\/tr\/wp-json\/wp\/v2\/comments?post=3529"}],"version-history":[{"count":1,"href":"https:\/\/business-in-ukraine.online\/tr\/wp-json\/wp\/v2\/pages\/3529\/revisions"}],"predecessor-version":[{"id":3548,"href":"https:\/\/business-in-ukraine.online\/tr\/wp-json\/wp\/v2\/pages\/3529\/revisions\/3548"}],"wp:attachment":[{"href":"https:\/\/business-in-ukraine.online\/tr\/wp-json\/wp\/v2\/media?parent=3529"}],"curies":[{"name":"wp","href":"https:\/\/api.w.org\/{rel}","templated":true}]}}