{"id":3531,"date":"2017-04-26T09:25:12","date_gmt":"2017-04-26T07:25:12","guid":{"rendered":"http:\/\/business-in-ukraine.online\/?page_id=3531\/"},"modified":"2017-04-26T10:20:30","modified_gmt":"2017-04-26T08:20:30","slug":"ukrayna-da-sirket-kurma","status":"publish","type":"page","link":"https:\/\/business-in-ukraine.online\/tr\/ukrayna-da-sirket-kurma\/","title":{"rendered":"Ukrayna\u2019da \u015eirket Kurma"},"content":{"rendered":"<p style=\"text-align: justify;\"><strong><em>Business in Ukraine<\/em><\/strong>, Ukrayna&#8217;da bir \u015firketin tescili i\u00e7in gerekli t\u00fcm belgeleri ve f\u0131rsatlar\u0131 sa\u011flar: Belgelerin Terc\u00fcmesi, Kurucular\u0131n belgelerinin yasalla\u015ft\u0131r\u0131lmas\u0131, Belgelerin noter tasdikli hale getirilmesi, T\u00fczel ki\u015fili\u011fin Tescil Ofisinde hukuki ili\u015fkilerin konusu olarak tescili, Ukrayna mevzuat\u0131n\u0131n t\u00fcm gereksinimlerini kar\u015f\u0131layacak \u015firket yasal belgelerinin geli\u015ftirilmesi, Banka hesaplar\u0131n\u0131n a\u00e7\u0131lmas\u0131, \u015firket ka\u015fesinin olu\u015fturulmas\u0131, \u015firketin sanal ve hukuki adresi ve kay\u0131t sonras\u0131 di\u011fer i\u015flemler.<\/p>\n<p style=\"text-align: justify;\">T\u00fcm i\u015fletmeler, bir i\u015fletme kurulu\u015funun ikametgah\u0131nda Tescil Ettiren taraf\u0131ndan resmi olarak tescilleneceklerdir. Ayr\u0131ca vergi makamlar\u0131na, istatistik b\u00fcrolar\u0131na ve \u00e7e\u015fitli emeklilik ve sosyal fonlara kay\u0131t yapt\u0131rmay\u0131 da i\u00e7erir. Mal sahibi yabanc\u0131 bir t\u00fczel ki\u015filik ise, men\u015fe \u00fclkedeki yat\u0131r\u0131mc\u0131n\u0131n kayd\u0131n\u0131 tasdiklemek i\u00e7in ticaret, banka veya di\u011fer belgelerin vatanda\u015f\u0131 oldu\u011fu \u00fclkede haz\u0131rlan\u0131p tasdiklenmesi gereklidir.Ayr\u0131ca, bir \u015firket t\u00fcz\u00fc\u011f\u00fc ve vekaletname vekili (vekil), Ukrayna&#8217;da \u015firketi temsil edecek olan birey i\u00e7in i\u015fin olu\u015fumunu belirtir. Bu belgeler Ukraynaca \u2019ya \u00e7evrilerek vatanda\u015f\u0131 oldu\u011fu \u00fclkede yasalla\u015ft\u0131r\u0131lm\u0131\u015f olmal\u0131ve \u00fclkenin mevzuat\u0131na ve usullerine uygun olarak onaylanmal\u0131d\u0131r.<\/p>\n<p style=\"text-align: justify;\">\u015eirketin sahibi yabanc\u0131 bir ki\u015fidir, bu ki\u015fi bir Ukrayna kimlik kodu edinmek zorundad\u0131r. Bu i\u015flem yakla\u015f\u0131k 10 g\u00fcn s\u00fcrebilir. Dok\u00fcmanlar\u0131n haz\u0131rlanmas\u0131 ve \u015firketin sermayesine fonlar\u0131n katk\u0131s\u0131 da dahil olmak \u00fczere bir Ukrayna \u015firketi kurma prosed\u00fcr\u00fc yakla\u015f\u0131k bir ay s\u00fcrebilir.<\/p>\n<p style=\"text-align: justify;\">1) Kay\u0131t Ofisinde Kay\u0131t<\/p>\n<p style=\"text-align: justify; padding-left: 30px;\">Kurucular, Kay\u0131t Ofisine kay\u0131t olurken a\u015fa\u011f\u0131daki belgeleri sunmal\u0131d\u0131r:<\/p>\n<p style=\"text-align: justify; padding-left: 60px;\">&#8211; \u015eirket s\u00f6zle\u015fmesi \/ T\u00fcz\u00fck (iki kopya);<\/p>\n<p style=\"text-align: justify; padding-left: 60px;\">&#8211; Kurucu toplant\u0131 tutanaklar\u0131;<\/p>\n<p style=\"text-align: justify; padding-left: 60px;\">&#8211; Ba\u015fvuru formu (kay\u0131t kart\u0131);<\/p>\n<p style=\"text-align: justify; padding-left: 60px;\">&#8211; Kay\u0131t belgesi \u00fccretinin kan\u0131t\u0131 olan banka belgesi.<\/p>\n<p style=\"text-align: justify;\">2) Devlet \u0130statistik Komitesinde Kay\u0131t<\/p>\n<p style=\"text-align: justify;\">3) KDV\u2019ye tabi olma; Devlet Vergi Otoritesine kay\u0131t ve bir KDV numaras\u0131 alma<\/p>\n<p style=\"text-align: justify;\">4) \u015eirket m\u00fchr\u00fcn\u00fcn haz\u0131rlanmas\u0131<\/p>\n<p style=\"text-align: justify;\">5) Bir banka hesab\u0131 a\u00e7ma<\/p>\n","protected":false},"excerpt":{"rendered":"<p>Business in Ukraine, Ukrayna&#8217;da bir \u015firketin tescili i\u00e7in gerekli t\u00fcm belgeleri ve f\u0131rsatlar\u0131 sa\u011flar: Belgelerin Terc\u00fcmesi, Kurucular\u0131n belgelerinin yasalla\u015ft\u0131r\u0131lmas\u0131, Belgelerin noter tasdikli hale getirilmesi, T\u00fczel ki\u015fili\u011fin Tescil Ofisinde hukuki ili\u015fkilerin konusu olarak tescili, Ukrayna mevzuat\u0131n\u0131n t\u00fcm gereksinimlerini kar\u015f\u0131layacak \u015firket yasal belgelerinin geli\u015ftirilmesi, Banka hesaplar\u0131n\u0131n a\u00e7\u0131lmas\u0131, \u015firket ka\u015fesinin olu\u015fturulmas\u0131, \u015firketin sanal&#8230;<\/p>\n","protected":false},"author":1,"featured_media":0,"parent":0,"menu_order":0,"comment_status":"closed","ping_status":"open","template":"onecolumn-page.php","meta":{"_acf_changed":false,"pmpro_default_level":0,"_monsterinsights_skip_tracking":false,"_monsterinsights_sitenote_active":false,"_monsterinsights_sitenote_note":"","_monsterinsights_sitenote_category":0,"footnotes":""},"class_list":["post-3531","page","type-page","status-publish","hentry","pmpro-has-access"],"acf":[],"yoast_head":"<!-- This site is optimized with the Yoast SEO plugin v23.7 - https:\/\/yoast.com\/wordpress\/plugins\/seo\/ -->\n<title>Ukrayna\u2019da \u015eirket Kurma - Business in Ukraine<\/title>\n<meta name=\"robots\" content=\"index, follow, max-snippet:-1, max-image-preview:large, max-video-preview:-1\" \/>\n<link rel=\"canonical\" href=\"https:\/\/business-in-ukraine.online\/tr\/ukrayna-da-sirket-kurma\/\" \/>\n<meta property=\"og:locale\" content=\"tr_TR\" \/>\n<meta property=\"og:type\" content=\"article\" \/>\n<meta property=\"og:title\" content=\"Ukrayna\u2019da \u015eirket Kurma - Business in Ukraine\" \/>\n<meta property=\"og:description\" content=\"Business in Ukraine, Ukrayna&#8217;da bir \u015firketin tescili i\u00e7in gerekli t\u00fcm belgeleri ve f\u0131rsatlar\u0131 sa\u011flar: Belgelerin Terc\u00fcmesi, Kurucular\u0131n belgelerinin yasalla\u015ft\u0131r\u0131lmas\u0131, Belgelerin noter tasdikli hale getirilmesi, T\u00fczel ki\u015fili\u011fin Tescil Ofisinde hukuki ili\u015fkilerin konusu olarak tescili, Ukrayna mevzuat\u0131n\u0131n t\u00fcm gereksinimlerini kar\u015f\u0131layacak \u015firket yasal belgelerinin geli\u015ftirilmesi, Banka hesaplar\u0131n\u0131n a\u00e7\u0131lmas\u0131, \u015firket ka\u015fesinin olu\u015fturulmas\u0131, \u015firketin sanal...\" \/>\n<meta property=\"og:url\" content=\"https:\/\/business-in-ukraine.online\/tr\/ukrayna-da-sirket-kurma\/\" \/>\n<meta property=\"og:site_name\" content=\"Business in Ukraine\" \/>\n<meta property=\"article:publisher\" content=\"https:\/\/www.facebook.com\/project.ukraine\" \/>\n<meta property=\"article:modified_time\" content=\"2017-04-26T08:20:30+00:00\" \/>\n<meta name=\"twitter:card\" content=\"summary_large_image\" \/>\n<meta name=\"twitter:site\" content=\"@InvestUkraine\" \/>\n<meta name=\"twitter:label1\" content=\"Est. reading time\" \/>\n\t<meta name=\"twitter:data1\" content=\"2 minutes\" \/>\n<script type=\"application\/ld+json\" class=\"yoast-schema-graph\">{\"@context\":\"https:\/\/schema.org\",\"@graph\":[{\"@type\":\"WebPage\",\"@id\":\"https:\/\/business-in-ukraine.online\/tr\/ukrayna-da-sirket-kurma\/\",\"url\":\"https:\/\/business-in-ukraine.online\/tr\/ukrayna-da-sirket-kurma\/\",\"name\":\"Ukrayna\u2019da \u015eirket Kurma - Business in Ukraine\",\"isPartOf\":{\"@id\":\"https:\/\/business-in-ukraine.online\/tr\/#website\"},\"datePublished\":\"2017-04-26T07:25:12+00:00\",\"dateModified\":\"2017-04-26T08:20:30+00:00\",\"breadcrumb\":{\"@id\":\"https:\/\/business-in-ukraine.online\/tr\/ukrayna-da-sirket-kurma\/#breadcrumb\"},\"inLanguage\":\"tr\",\"potentialAction\":[{\"@type\":\"ReadAction\",\"target\":[\"https:\/\/business-in-ukraine.online\/tr\/ukrayna-da-sirket-kurma\/\"]}]},{\"@type\":\"BreadcrumbList\",\"@id\":\"https:\/\/business-in-ukraine.online\/tr\/ukrayna-da-sirket-kurma\/#breadcrumb\",\"itemListElement\":[{\"@type\":\"ListItem\",\"position\":1,\"name\":\"Home\",\"item\":\"https:\/\/business-in-ukraine.online\/tr\/\"},{\"@type\":\"ListItem\",\"position\":2,\"name\":\"Ukrayna\u2019da \u015eirket Kurma\"}]},{\"@type\":\"WebSite\",\"@id\":\"https:\/\/business-in-ukraine.online\/tr\/#website\",\"url\":\"https:\/\/business-in-ukraine.online\/tr\/\",\"name\":\"Business in Ukraine\",\"description\":\"UKRAINIAN BUSINESS PORTAL\",\"potentialAction\":[{\"@type\":\"SearchAction\",\"target\":{\"@type\":\"EntryPoint\",\"urlTemplate\":\"https:\/\/business-in-ukraine.online\/tr\/?s={search_term_string}\"},\"query-input\":{\"@type\":\"PropertyValueSpecification\",\"valueRequired\":true,\"valueName\":\"search_term_string\"}}],\"inLanguage\":\"tr\"}]}<\/script>\n<!-- \/ Yoast SEO plugin. -->","yoast_head_json":{"title":"Ukrayna\u2019da \u015eirket Kurma - Business in Ukraine","robots":{"index":"index","follow":"follow","max-snippet":"max-snippet:-1","max-image-preview":"max-image-preview:large","max-video-preview":"max-video-preview:-1"},"canonical":"https:\/\/business-in-ukraine.online\/tr\/ukrayna-da-sirket-kurma\/","og_locale":"tr_TR","og_type":"article","og_title":"Ukrayna\u2019da \u015eirket Kurma - Business in Ukraine","og_description":"Business in Ukraine, Ukrayna&#8217;da bir \u015firketin tescili i\u00e7in gerekli t\u00fcm belgeleri ve f\u0131rsatlar\u0131 sa\u011flar: Belgelerin Terc\u00fcmesi, Kurucular\u0131n belgelerinin yasalla\u015ft\u0131r\u0131lmas\u0131, Belgelerin noter tasdikli hale getirilmesi, T\u00fczel ki\u015fili\u011fin Tescil Ofisinde hukuki ili\u015fkilerin konusu olarak tescili, Ukrayna mevzuat\u0131n\u0131n t\u00fcm gereksinimlerini kar\u015f\u0131layacak \u015firket yasal belgelerinin geli\u015ftirilmesi, Banka hesaplar\u0131n\u0131n a\u00e7\u0131lmas\u0131, \u015firket ka\u015fesinin olu\u015fturulmas\u0131, \u015firketin sanal...","og_url":"https:\/\/business-in-ukraine.online\/tr\/ukrayna-da-sirket-kurma\/","og_site_name":"Business in Ukraine","article_publisher":"https:\/\/www.facebook.com\/project.ukraine","article_modified_time":"2017-04-26T08:20:30+00:00","twitter_card":"summary_large_image","twitter_site":"@InvestUkraine","twitter_misc":{"Est. reading time":"2 minutes"},"schema":{"@context":"https:\/\/schema.org","@graph":[{"@type":"WebPage","@id":"https:\/\/business-in-ukraine.online\/tr\/ukrayna-da-sirket-kurma\/","url":"https:\/\/business-in-ukraine.online\/tr\/ukrayna-da-sirket-kurma\/","name":"Ukrayna\u2019da \u015eirket Kurma - Business in Ukraine","isPartOf":{"@id":"https:\/\/business-in-ukraine.online\/tr\/#website"},"datePublished":"2017-04-26T07:25:12+00:00","dateModified":"2017-04-26T08:20:30+00:00","breadcrumb":{"@id":"https:\/\/business-in-ukraine.online\/tr\/ukrayna-da-sirket-kurma\/#breadcrumb"},"inLanguage":"tr","potentialAction":[{"@type":"ReadAction","target":["https:\/\/business-in-ukraine.online\/tr\/ukrayna-da-sirket-kurma\/"]}]},{"@type":"BreadcrumbList","@id":"https:\/\/business-in-ukraine.online\/tr\/ukrayna-da-sirket-kurma\/#breadcrumb","itemListElement":[{"@type":"ListItem","position":1,"name":"Home","item":"https:\/\/business-in-ukraine.online\/tr\/"},{"@type":"ListItem","position":2,"name":"Ukrayna\u2019da \u015eirket Kurma"}]},{"@type":"WebSite","@id":"https:\/\/business-in-ukraine.online\/tr\/#website","url":"https:\/\/business-in-ukraine.online\/tr\/","name":"Business in Ukraine","description":"UKRAINIAN BUSINESS PORTAL","potentialAction":[{"@type":"SearchAction","target":{"@type":"EntryPoint","urlTemplate":"https:\/\/business-in-ukraine.online\/tr\/?s={search_term_string}"},"query-input":{"@type":"PropertyValueSpecification","valueRequired":true,"valueName":"search_term_string"}}],"inLanguage":"tr"}]}},"_links":{"self":[{"href":"https:\/\/business-in-ukraine.online\/tr\/wp-json\/wp\/v2\/pages\/3531"}],"collection":[{"href":"https:\/\/business-in-ukraine.online\/tr\/wp-json\/wp\/v2\/pages"}],"about":[{"href":"https:\/\/business-in-ukraine.online\/tr\/wp-json\/wp\/v2\/types\/page"}],"author":[{"embeddable":true,"href":"https:\/\/business-in-ukraine.online\/tr\/wp-json\/wp\/v2\/users\/1"}],"replies":[{"embeddable":true,"href":"https:\/\/business-in-ukraine.online\/tr\/wp-json\/wp\/v2\/comments?post=3531"}],"version-history":[{"count":1,"href":"https:\/\/business-in-ukraine.online\/tr\/wp-json\/wp\/v2\/pages\/3531\/revisions"}],"predecessor-version":[{"id":3549,"href":"https:\/\/business-in-ukraine.online\/tr\/wp-json\/wp\/v2\/pages\/3531\/revisions\/3549"}],"wp:attachment":[{"href":"https:\/\/business-in-ukraine.online\/tr\/wp-json\/wp\/v2\/media?parent=3531"}],"curies":[{"name":"wp","href":"https:\/\/api.w.org\/{rel}","templated":true}]}}