{"id":3533,"date":"2017-04-26T09:39:09","date_gmt":"2017-04-26T07:39:09","guid":{"rendered":"http:\/\/business-in-ukraine.online\/?page_id=3533\/"},"modified":"2017-04-26T17:47:21","modified_gmt":"2017-04-26T15:47:21","slug":"ukrayna-daki-ortaklari","status":"publish","type":"page","link":"https:\/\/business-in-ukraine.online\/tr\/ukrayna-daki-ortaklari\/","title":{"rendered":"Ukrayna\u2019daki i\u015f ortaklar\u0131"},"content":{"rendered":"<p style=\"text-align: justify;\">Ortak Giri\u015fim \/ \u0130\u015f Ortakl\u0131klar\u0131; mevcut \u00f6neriler temelinde ortak (lar) se\u00e7me f\u0131rsat\u0131 sa\u011flayan veya faaliyet g\u00f6steren Ukraynal\u0131 \u015firketler aras\u0131nda ortak (lar) bulma f\u0131rsat\u0131 sunan bir i\u015f kayna\u011f\u0131 olup, kriterlerinize g\u00f6re \u0130\u015f Ortaklar\u0131 arar, yada bir start-up orta\u011f\u0131 bulman\u0131z\u0131 sa\u011flar.<\/p>\n<p style=\"text-align: justify;\">Veritaban\u0131ndaki g\u00f6nderilenler aras\u0131ndan bir ortak se\u00e7erken, Hizmet Anla\u015fmas\u0131 temelinde, kabul edilen gerekli hizmetleri i\u00e7eren bir liste ile yat\u0131r\u0131m\u0131n\u0131z\u0131 sa\u011flamla\u015ft\u0131rman\u0131z sa\u011flan\u0131r.<\/p>\n<p style=\"text-align: justify;\">\u0130\u015f orta\u011f\u0131 bulma ba\u015fvurusu \u00fczerine i\u015fyeri i\u015fletme veya yat\u0131r\u0131m projesi &#8220;temeli at\u0131lmaya haz\u0131r&#8221;, alan, miktar ve yat\u0131r\u0131m t\u00fcrleri i\u00e7in kriterler belirlenerek yap\u0131l\u0131r.<\/p>\n<p style=\"text-align: justify;\">Ukraynal\u0131 bir ortakla bir ba\u015flang\u0131\u00e7 olu\u015ftururken, uygulamada gelecekteki i\u015flerin payla\u015f\u0131m\u0131na da dahil edilmelidir.<\/p>\n<p style=\"text-align: justify;\">Stratejik ve finansal ortakl\u0131k, y\u00f6netim ortakl\u0131\u011f\u0131 ve franchising, sermaye art\u0131r\u0131m\u0131 ile ortakl\u0131k ve hisse al\u0131m\u0131 (kurumsal haklar) Ukrayna&#8217;daki ortakl\u0131k bi\u00e7imlerindendir.<\/p>\n<p style=\"text-align: justify;\">Ukrayna&#8217;da Ortakl\u0131k yayg\u0131n olarak kullan\u0131lmaktad\u0131r: mali alanda &#8211; bankalar, sigorta \u015firketleri, emeklilik fonlar\u0131 ve di\u011ferleri; Gayrimenkul &#8211; i\u015f merkezleri, al\u0131\u015fveri\u015f ve e\u011flence merkezleri, oteller, apartmanlar ve di\u011ferleri; Enerji alan\u0131nda &#8211; geleneksel ve alternatif enerji, enerji tasarrufu ve buna ba\u011fl\u0131 sanayi faaliyetleri (pelet \u00fcretimi, \u0131s\u0131 yal\u0131t\u0131m\u0131, kazanlar, invert\u00f6rler vb.); Madencilik ve i\u015fleme alan\u0131nda &#8211; maden kaynaklar\u0131, rafineri ve zenginle\u015ftirme; Altyap\u0131 &#8211; terminaller, viyad\u00fckler ve di\u011ferleri; T\u0131p, \u015fekerleme ve di\u011fer bir\u00e7ok alanda.<\/p>\n<p style=\"text-align: justify;\">Ukrayna&#8217;daki beklenti \u00f6ncelikle; in\u015faat i\u015fleri, hizmet sekt\u00f6r\u00fc, yiyecek i\u00e7ecek end\u00fcstrisi, at\u0131k y\u00f6netimi konular\u0131nda olmak \u00fczere ve di\u011fer t\u00fcm alanlarda geli\u015fme sa\u011flama y\u00f6n\u00fcndedir.<\/p>\n<p style=\"text-align: justify;\"><span style=\"color: #0000ff;\"><a style=\"color: #0000ff;\" href=\"http:\/\/business-partners-ukraine.com\">http:\/\/business-partners-ukraine.com<\/a><\/span> <span style=\"color: #000000;\">ile;<\/span> Ukrayna pazar\u0131nda en y\u00fcksek kalitede i\u015f yat\u0131r\u0131m f\u0131rsatlar\u0131n\u0131 bulabilen bir Dan\u0131\u015fmanlar Ekibi ve etkin ara\u00e7larla hizmetinizdedir.<\/p>\n<p style=\"text-align: justify;\">fabrikalar, alternatif enerji, biohumus \u00fcretimi, Tar\u0131m ve tar\u0131msal \u00fcr\u00fcnler, terminaller, rafineriler, oteller, ofis merkezleri, konut projeleri, lojistik merkezleri, al\u0131\u015fveri\u015f ve e\u011flence merkezleri gibi sekt\u00f6rlerde ve di\u011fer t\u00fcm end\u00fcstrilerdeki <strong>Ortak Giri\u015fim<\/strong> hakk\u0131nda bilgileri burada bulabilirsiniz.<\/p>\n<p style=\"text-align: justify;\"><span style=\"color: #0000ff;\"><a style=\"color: #0000ff;\" href=\"http:\/\/business-partners-ukraine.com\">http:\/\/business-partners-ukraine.com<\/a><\/span> hem yeni ba\u015flayanlar hem de gurular i\u00e7in, i\u015fadamlar\u0131 i\u00e7in, Giri\u015fimciler, \u0130\u015fletme Sahipleri, Projeler Sahipleri i\u00e7in, \u00a0geni\u015f veri taban\u0131yla yeni i\u015f f\u0131rsatlar\u0131 yaratmak i\u00e7in en iyi yerdir ve en iyi teklifi se\u00e7menize izin verir.<\/p>\n<p style=\"text-align: justify; padding-left: 30px;\">Ukrayna&#8217;ya yat\u0131r\u0131m yap\u0131lmas\u0131 durumunda a\u015fa\u011f\u0131daki \u00f6nerilere uymak \u00f6nemlidir:<\/p>\n<ul style=\"text-align: justify;\">\n<li>\u00d6zel ki\u015filerin hizmetlerini kullanmay\u0131n,<\/li>\n<li>\u0130\u015f sahipleri taraf\u0131ndan geli\u015ftirilen \u0130\u015f Plan\u0131 veya Yat\u0131r\u0131m Mutabakat metnini dikkate almay\u0131n \u00e7\u00fcnk\u00fc pazar analizi, geli\u015ftirme planlar\u0131, Fizibilite ve finansal veriler yat\u0131r\u0131m cazibesini art\u0131rmak \u00fczered\u00fczenlenebilir.<\/li>\n<li>Ukrayna\u2019da ortakl\u0131k, \u015firket evlili\u011fi veya sat\u0131n alma konular\u0131nda hukuk firmalar\u0131n\u0131n hizmetlerini kullanmay\u0131n, \u00e7\u00fcnk\u00fc Ukrayna hukuk \u015firketleri hukuki belgelerin haz\u0131rlanmas\u0131yla ilgili hukuki faaliyetlerde bulunurlar. \u0130\u015f d\u00fcnyas\u0131n\u0131n \u00e7\u0131karlar\u0131n\u0131 g\u00f6zetmezler.<\/li>\n<\/ul>\n<p style=\"text-align: justify;\">\u015eirket haklar\u0131n\u0131n% 50&#8217;sini sat\u0131n almay\u0131n \u00e7\u00fcnk\u00fc, Ukraynal\u0131 ortak (lar), t\u00fcm i\u015f kararlar\u0131n\u0131 engelleyebilirler.<\/p>\n","protected":false},"excerpt":{"rendered":"<p>Ortak Giri\u015fim \/ \u0130\u015f Ortakl\u0131klar\u0131; mevcut \u00f6neriler temelinde ortak (lar) se\u00e7me f\u0131rsat\u0131 sa\u011flayan veya faaliyet g\u00f6steren Ukraynal\u0131 \u015firketler aras\u0131nda ortak (lar) bulma f\u0131rsat\u0131 sunan bir i\u015f kayna\u011f\u0131 olup, kriterlerinize g\u00f6re \u0130\u015f Ortaklar\u0131 arar, yada bir start-up orta\u011f\u0131 bulman\u0131z\u0131 sa\u011flar. Veritaban\u0131ndaki g\u00f6nderilenler aras\u0131ndan bir ortak se\u00e7erken, Hizmet Anla\u015fmas\u0131 temelinde, kabul edilen&#8230;<\/p>\n","protected":false},"author":1,"featured_media":0,"parent":0,"menu_order":0,"comment_status":"closed","ping_status":"closed","template":"","meta":{"_acf_changed":false,"pmpro_default_level":0,"_monsterinsights_skip_tracking":false,"_monsterinsights_sitenote_active":false,"_monsterinsights_sitenote_note":"","_monsterinsights_sitenote_category":0,"footnotes":""},"class_list":["post-3533","page","type-page","status-publish","hentry","pmpro-has-access"],"acf":[],"yoast_head":"<!-- This site is optimized with the Yoast SEO plugin v23.7 - https:\/\/yoast.com\/wordpress\/plugins\/seo\/ -->\n<title>Ukrayna\u2019daki i\u015f ortaklar\u0131 - Business in Ukraine<\/title>\n<meta name=\"robots\" content=\"index, follow, max-snippet:-1, max-image-preview:large, max-video-preview:-1\" \/>\n<link rel=\"canonical\" href=\"https:\/\/business-in-ukraine.online\/tr\/ukrayna-daki-ortaklari\/\" \/>\n<meta property=\"og:locale\" content=\"tr_TR\" \/>\n<meta property=\"og:type\" content=\"article\" \/>\n<meta property=\"og:title\" content=\"Ukrayna\u2019daki i\u015f ortaklar\u0131 - Business in Ukraine\" \/>\n<meta property=\"og:description\" content=\"Ortak Giri\u015fim \/ \u0130\u015f Ortakl\u0131klar\u0131; mevcut \u00f6neriler temelinde ortak (lar) se\u00e7me f\u0131rsat\u0131 sa\u011flayan veya faaliyet g\u00f6steren Ukraynal\u0131 \u015firketler aras\u0131nda ortak (lar) bulma f\u0131rsat\u0131 sunan bir i\u015f kayna\u011f\u0131 olup, kriterlerinize g\u00f6re \u0130\u015f Ortaklar\u0131 arar, yada bir start-up orta\u011f\u0131 bulman\u0131z\u0131 sa\u011flar. Veritaban\u0131ndaki g\u00f6nderilenler aras\u0131ndan bir ortak se\u00e7erken, Hizmet Anla\u015fmas\u0131 temelinde, kabul edilen...\" \/>\n<meta property=\"og:url\" content=\"https:\/\/business-in-ukraine.online\/tr\/ukrayna-daki-ortaklari\/\" \/>\n<meta property=\"og:site_name\" content=\"Business in Ukraine\" \/>\n<meta property=\"article:publisher\" content=\"https:\/\/www.facebook.com\/project.ukraine\" \/>\n<meta property=\"article:modified_time\" content=\"2017-04-26T15:47:21+00:00\" \/>\n<meta name=\"twitter:card\" content=\"summary_large_image\" \/>\n<meta name=\"twitter:site\" content=\"@InvestUkraine\" \/>\n<meta name=\"twitter:label1\" content=\"Est. reading time\" \/>\n\t<meta name=\"twitter:data1\" content=\"3 minutes\" \/>\n<script type=\"application\/ld+json\" class=\"yoast-schema-graph\">{\"@context\":\"https:\/\/schema.org\",\"@graph\":[{\"@type\":\"WebPage\",\"@id\":\"https:\/\/business-in-ukraine.online\/tr\/ukrayna-daki-ortaklari\/\",\"url\":\"https:\/\/business-in-ukraine.online\/tr\/ukrayna-daki-ortaklari\/\",\"name\":\"Ukrayna\u2019daki i\u015f ortaklar\u0131 - Business in Ukraine\",\"isPartOf\":{\"@id\":\"https:\/\/business-in-ukraine.online\/tr\/#website\"},\"datePublished\":\"2017-04-26T07:39:09+00:00\",\"dateModified\":\"2017-04-26T15:47:21+00:00\",\"breadcrumb\":{\"@id\":\"https:\/\/business-in-ukraine.online\/tr\/ukrayna-daki-ortaklari\/#breadcrumb\"},\"inLanguage\":\"tr\",\"potentialAction\":[{\"@type\":\"ReadAction\",\"target\":[\"https:\/\/business-in-ukraine.online\/tr\/ukrayna-daki-ortaklari\/\"]}]},{\"@type\":\"BreadcrumbList\",\"@id\":\"https:\/\/business-in-ukraine.online\/tr\/ukrayna-daki-ortaklari\/#breadcrumb\",\"itemListElement\":[{\"@type\":\"ListItem\",\"position\":1,\"name\":\"Home\",\"item\":\"https:\/\/business-in-ukraine.online\/tr\/\"},{\"@type\":\"ListItem\",\"position\":2,\"name\":\"Ukrayna\u2019daki i\u015f ortaklar\u0131\"}]},{\"@type\":\"WebSite\",\"@id\":\"https:\/\/business-in-ukraine.online\/tr\/#website\",\"url\":\"https:\/\/business-in-ukraine.online\/tr\/\",\"name\":\"Business in Ukraine\",\"description\":\"UKRAINIAN BUSINESS PORTAL\",\"potentialAction\":[{\"@type\":\"SearchAction\",\"target\":{\"@type\":\"EntryPoint\",\"urlTemplate\":\"https:\/\/business-in-ukraine.online\/tr\/?s={search_term_string}\"},\"query-input\":{\"@type\":\"PropertyValueSpecification\",\"valueRequired\":true,\"valueName\":\"search_term_string\"}}],\"inLanguage\":\"tr\"}]}<\/script>\n<!-- \/ Yoast SEO plugin. -->","yoast_head_json":{"title":"Ukrayna\u2019daki i\u015f ortaklar\u0131 - Business in Ukraine","robots":{"index":"index","follow":"follow","max-snippet":"max-snippet:-1","max-image-preview":"max-image-preview:large","max-video-preview":"max-video-preview:-1"},"canonical":"https:\/\/business-in-ukraine.online\/tr\/ukrayna-daki-ortaklari\/","og_locale":"tr_TR","og_type":"article","og_title":"Ukrayna\u2019daki i\u015f ortaklar\u0131 - Business in Ukraine","og_description":"Ortak Giri\u015fim \/ \u0130\u015f Ortakl\u0131klar\u0131; mevcut \u00f6neriler temelinde ortak (lar) se\u00e7me f\u0131rsat\u0131 sa\u011flayan veya faaliyet g\u00f6steren Ukraynal\u0131 \u015firketler aras\u0131nda ortak (lar) bulma f\u0131rsat\u0131 sunan bir i\u015f kayna\u011f\u0131 olup, kriterlerinize g\u00f6re \u0130\u015f Ortaklar\u0131 arar, yada bir start-up orta\u011f\u0131 bulman\u0131z\u0131 sa\u011flar. Veritaban\u0131ndaki g\u00f6nderilenler aras\u0131ndan bir ortak se\u00e7erken, Hizmet Anla\u015fmas\u0131 temelinde, kabul edilen...","og_url":"https:\/\/business-in-ukraine.online\/tr\/ukrayna-daki-ortaklari\/","og_site_name":"Business in Ukraine","article_publisher":"https:\/\/www.facebook.com\/project.ukraine","article_modified_time":"2017-04-26T15:47:21+00:00","twitter_card":"summary_large_image","twitter_site":"@InvestUkraine","twitter_misc":{"Est. reading time":"3 minutes"},"schema":{"@context":"https:\/\/schema.org","@graph":[{"@type":"WebPage","@id":"https:\/\/business-in-ukraine.online\/tr\/ukrayna-daki-ortaklari\/","url":"https:\/\/business-in-ukraine.online\/tr\/ukrayna-daki-ortaklari\/","name":"Ukrayna\u2019daki i\u015f ortaklar\u0131 - Business in Ukraine","isPartOf":{"@id":"https:\/\/business-in-ukraine.online\/tr\/#website"},"datePublished":"2017-04-26T07:39:09+00:00","dateModified":"2017-04-26T15:47:21+00:00","breadcrumb":{"@id":"https:\/\/business-in-ukraine.online\/tr\/ukrayna-daki-ortaklari\/#breadcrumb"},"inLanguage":"tr","potentialAction":[{"@type":"ReadAction","target":["https:\/\/business-in-ukraine.online\/tr\/ukrayna-daki-ortaklari\/"]}]},{"@type":"BreadcrumbList","@id":"https:\/\/business-in-ukraine.online\/tr\/ukrayna-daki-ortaklari\/#breadcrumb","itemListElement":[{"@type":"ListItem","position":1,"name":"Home","item":"https:\/\/business-in-ukraine.online\/tr\/"},{"@type":"ListItem","position":2,"name":"Ukrayna\u2019daki i\u015f ortaklar\u0131"}]},{"@type":"WebSite","@id":"https:\/\/business-in-ukraine.online\/tr\/#website","url":"https:\/\/business-in-ukraine.online\/tr\/","name":"Business in Ukraine","description":"UKRAINIAN BUSINESS PORTAL","potentialAction":[{"@type":"SearchAction","target":{"@type":"EntryPoint","urlTemplate":"https:\/\/business-in-ukraine.online\/tr\/?s={search_term_string}"},"query-input":{"@type":"PropertyValueSpecification","valueRequired":true,"valueName":"search_term_string"}}],"inLanguage":"tr"}]}},"_links":{"self":[{"href":"https:\/\/business-in-ukraine.online\/tr\/wp-json\/wp\/v2\/pages\/3533"}],"collection":[{"href":"https:\/\/business-in-ukraine.online\/tr\/wp-json\/wp\/v2\/pages"}],"about":[{"href":"https:\/\/business-in-ukraine.online\/tr\/wp-json\/wp\/v2\/types\/page"}],"author":[{"embeddable":true,"href":"https:\/\/business-in-ukraine.online\/tr\/wp-json\/wp\/v2\/users\/1"}],"replies":[{"embeddable":true,"href":"https:\/\/business-in-ukraine.online\/tr\/wp-json\/wp\/v2\/comments?post=3533"}],"version-history":[{"count":1,"href":"https:\/\/business-in-ukraine.online\/tr\/wp-json\/wp\/v2\/pages\/3533\/revisions"}],"predecessor-version":[{"id":3552,"href":"https:\/\/business-in-ukraine.online\/tr\/wp-json\/wp\/v2\/pages\/3533\/revisions\/3552"}],"wp:attachment":[{"href":"https:\/\/business-in-ukraine.online\/tr\/wp-json\/wp\/v2\/media?parent=3533"}],"curies":[{"name":"wp","href":"https:\/\/api.w.org\/{rel}","templated":true}]}}