{"id":3535,"date":"2017-04-26T09:42:34","date_gmt":"2017-04-26T07:42:34","guid":{"rendered":"http:\/\/business-in-ukraine.online\/?page_id=3535\/"},"modified":"2017-04-26T09:55:03","modified_gmt":"2017-04-26T07:55:03","slug":"ofis-icinde-ofis-hizmeti","status":"publish","type":"page","link":"https:\/\/business-in-ukraine.online\/tr\/ofis-icinde-ofis-hizmeti\/","title":{"rendered":"Ofis \u0130\u00e7inde Ofis Hizmeti"},"content":{"rendered":"<p style=\"text-align: justify;\">Asgari masraflarla &#8220;ofis i\u00e7inde ofisi&#8221; hizmetiyle Ukrayna&#8217;da i\u015finizi ba\u015flat\u0131n.<\/p>\n<p style=\"text-align: justify;\">Ofis \u0130\u00e7inde Ofisi &#8211; Ukrayna&#8217;daki yabanc\u0131 \u015firketler i\u00e7in acentelik hizmeti. \u00dcr\u00fcn ve hizmetleriniz i\u00e7in yeni pazarlarla m\u0131 ilgileniyorsunuz? Ukrayna \u015firketleri ile uzun vadeli istikrarl\u0131 ticari ili\u015fkiler mi ar\u0131yorsunuz?<\/p>\n<p style=\"text-align: justify;\">Ofis \u0130\u00e7inde Ofis, Ukrayna&#8217;da ba\u015far\u0131l\u0131 bir i\u015f kurma \u015fans\u0131n\u0131zd\u0131r. Bu e\u015fsiz \u00e7\u00f6z\u00fcm, dan\u0131\u015fmanl\u0131k \u015firketi MAYGER LLC (<span style=\"color: #0000ff;\"><a style=\"color: #0000ff;\" href=\"http:\/\/www.mayger.org\">www.mayger.org<\/a><\/span>) profesyonelleri taraf\u0131ndan haz\u0131rlanan \u00e7al\u0131\u015fmalar\u0131n sonucudur.<\/p>\n<p style=\"text-align: justify;\">Ofis \u0130\u00e7inde Ofis, ticari ili\u015fkilerin geli\u015ftirilmesini kolayla\u015ft\u0131ran hizmetler grubudur.<\/p>\n<p style=\"text-align: justify;\">Hedef Ukraynal\u0131 m\u00fc\u015fteriler i\u00e7in teklifinizin Rus\u00e7a \u00e7evirisi ve uyarlanmas\u0131,<\/p>\n<p style=\"text-align: justify;\">Ukrayna hedef portallar\u0131 ve pazar portallar\u0131 \u00fczerinde \u015firketiniz, hizmetleriniz ve \u00fcr\u00fcnleriniz hakk\u0131nda bilgi da\u011f\u0131t\u0131m\u0131,<\/p>\n<p style=\"text-align: justify;\">\u015eirketiniz ad\u0131na potansiyel m\u00fc\u015fterilere e- posta teklifleri g\u00f6nderme,<\/p>\n<p style=\"text-align: justify;\">Do\u011frudan sabit hat numaras\u0131n\u0131n tahsisi, cep telefonu numaras\u0131, e-posta adresi, i\u015f adresi, websitesi.<\/p>\n<p style=\"text-align: justify;\">Faks numaras\u0131 tahsisi,<\/p>\n<p style=\"text-align: justify;\">Potansiyel m\u00fc\u015fterilerle m\u00fczakerelerin organizasyonu,<\/p>\n<p style=\"text-align: justify;\">\u0130ste\u011fe ba\u011fl\u0131 di\u011fer hizmetler.<\/p>\n<p style=\"text-align: justify;\">Nas\u0131l \u00e7al\u0131\u015f\u0131r?<\/p>\n<p style=\"text-align: justify;\">Ofis i\u00e7inde Ofis \u00c7al\u0131\u015fma \u015eekli;<\/p>\n<p style=\"text-align: justify;\"><img loading=\"lazy\" decoding=\"async\" class=\"aligncenter\" src=\"\/wp-content\/uploads\/2017\/04\/26-\/Office-in-Office-in-Ukraine.jpg\" alt=\"\" width=\"463\" height=\"343\" \/><\/p>\n<p style=\"text-align: justify;\">T\u00fcm hizmetler potansiyel m\u00fc\u015fterilerin sipari\u015flerini almak i\u00e7in y\u00f6nlendirilir. Ukraynal\u0131 m\u00fc\u015fterilerin talepleri her 2 g\u00fcnde bir \u00fclkenizdeki \u00a0\u015firket merkezine g\u00f6nderilir.<\/p>\n<p style=\"text-align: justify;\">Faydalar\u0131:<\/p>\n<ul style=\"text-align: justify;\">\n<li>Potansiyel Ukrayna m\u00fc\u015fterileri ile do\u011frudan g\u00f6r\u00fc\u015fme imk\u00e2n\u0131.<\/li>\n<li>Ukrayna&#8217;da sundu\u011funuz hizmetlerin ve \u00fcr\u00fcnlerin pazar\u0131n\u0131n izlenmesi.<\/li>\n<li>Yabanc\u0131 bir \u00fclkede bir i\u015ftirak a\u00e7mak zorunda de\u011filsiniz, personel e\u011fitim ve maa\u015flar\u0131na para harcam\u0131yorsunuz, Ukraynal\u0131 pazar\u0131n pahal\u0131 pazar ara\u015ft\u0131rmalar\u0131n\u0131 sipari\u015f etmenize gerek yok.<\/li>\n<\/ul>\n<p style=\"text-align: justify;\">\u0130ste\u011finiz \u00fczerine bireysel hizmet paketleri halinde alabilirsiniz.<\/p>\n<p>&nbsp;<\/p>\n","protected":false},"excerpt":{"rendered":"<p>Asgari masraflarla &#8220;ofis i\u00e7inde ofisi&#8221; hizmetiyle Ukrayna&#8217;da i\u015finizi ba\u015flat\u0131n. Ofis \u0130\u00e7inde Ofisi &#8211; Ukrayna&#8217;daki yabanc\u0131 \u015firketler i\u00e7in acentelik hizmeti. \u00dcr\u00fcn ve hizmetleriniz i\u00e7in yeni pazarlarla m\u0131 ilgileniyorsunuz? Ukrayna \u015firketleri ile uzun vadeli istikrarl\u0131 ticari ili\u015fkiler mi ar\u0131yorsunuz? Ofis \u0130\u00e7inde Ofis, Ukrayna&#8217;da ba\u015far\u0131l\u0131 bir i\u015f kurma \u015fans\u0131n\u0131zd\u0131r. Bu e\u015fsiz \u00e7\u00f6z\u00fcm, dan\u0131\u015fmanl\u0131k&#8230;<\/p>\n","protected":false},"author":1,"featured_media":0,"parent":0,"menu_order":0,"comment_status":"closed","ping_status":"closed","template":"onecolumn-page.php","meta":{"_acf_changed":false,"pmpro_default_level":0,"_monsterinsights_skip_tracking":false,"_monsterinsights_sitenote_active":false,"_monsterinsights_sitenote_note":"","_monsterinsights_sitenote_category":0,"footnotes":""},"class_list":["post-3535","page","type-page","status-publish","hentry","pmpro-has-access"],"acf":[],"yoast_head":"<!-- This site is optimized with the Yoast SEO plugin v23.7 - https:\/\/yoast.com\/wordpress\/plugins\/seo\/ -->\n<title>Ofis \u0130\u00e7inde Ofis Hizmeti - Business in Ukraine<\/title>\n<meta name=\"robots\" content=\"index, follow, max-snippet:-1, max-image-preview:large, max-video-preview:-1\" \/>\n<link rel=\"canonical\" href=\"https:\/\/business-in-ukraine.online\/tr\/ofis-icinde-ofis-hizmeti\/\" \/>\n<meta property=\"og:locale\" content=\"tr_TR\" \/>\n<meta property=\"og:type\" content=\"article\" \/>\n<meta property=\"og:title\" content=\"Ofis \u0130\u00e7inde Ofis Hizmeti - Business in Ukraine\" \/>\n<meta property=\"og:description\" content=\"Asgari masraflarla &#8220;ofis i\u00e7inde ofisi&#8221; hizmetiyle Ukrayna&#8217;da i\u015finizi ba\u015flat\u0131n. Ofis \u0130\u00e7inde Ofisi &#8211; Ukrayna&#8217;daki yabanc\u0131 \u015firketler i\u00e7in acentelik hizmeti. \u00dcr\u00fcn ve hizmetleriniz i\u00e7in yeni pazarlarla m\u0131 ilgileniyorsunuz? Ukrayna \u015firketleri ile uzun vadeli istikrarl\u0131 ticari ili\u015fkiler mi ar\u0131yorsunuz? Ofis \u0130\u00e7inde Ofis, Ukrayna&#8217;da ba\u015far\u0131l\u0131 bir i\u015f kurma \u015fans\u0131n\u0131zd\u0131r. Bu e\u015fsiz \u00e7\u00f6z\u00fcm, dan\u0131\u015fmanl\u0131k...\" \/>\n<meta property=\"og:url\" content=\"https:\/\/business-in-ukraine.online\/tr\/ofis-icinde-ofis-hizmeti\/\" \/>\n<meta property=\"og:site_name\" content=\"Business in Ukraine\" \/>\n<meta property=\"article:publisher\" content=\"https:\/\/www.facebook.com\/project.ukraine\" \/>\n<meta property=\"article:modified_time\" content=\"2017-04-26T07:55:03+00:00\" \/>\n<meta name=\"twitter:card\" content=\"summary_large_image\" \/>\n<meta name=\"twitter:site\" content=\"@InvestUkraine\" \/>\n<meta name=\"twitter:label1\" content=\"Est. reading time\" \/>\n\t<meta name=\"twitter:data1\" content=\"1 minute\" \/>\n<script type=\"application\/ld+json\" class=\"yoast-schema-graph\">{\"@context\":\"https:\/\/schema.org\",\"@graph\":[{\"@type\":\"WebPage\",\"@id\":\"https:\/\/business-in-ukraine.online\/tr\/ofis-icinde-ofis-hizmeti\/\",\"url\":\"https:\/\/business-in-ukraine.online\/tr\/ofis-icinde-ofis-hizmeti\/\",\"name\":\"Ofis \u0130\u00e7inde Ofis Hizmeti - Business in Ukraine\",\"isPartOf\":{\"@id\":\"https:\/\/business-in-ukraine.online\/tr\/#website\"},\"datePublished\":\"2017-04-26T07:42:34+00:00\",\"dateModified\":\"2017-04-26T07:55:03+00:00\",\"breadcrumb\":{\"@id\":\"https:\/\/business-in-ukraine.online\/tr\/ofis-icinde-ofis-hizmeti\/#breadcrumb\"},\"inLanguage\":\"tr\",\"potentialAction\":[{\"@type\":\"ReadAction\",\"target\":[\"https:\/\/business-in-ukraine.online\/tr\/ofis-icinde-ofis-hizmeti\/\"]}]},{\"@type\":\"BreadcrumbList\",\"@id\":\"https:\/\/business-in-ukraine.online\/tr\/ofis-icinde-ofis-hizmeti\/#breadcrumb\",\"itemListElement\":[{\"@type\":\"ListItem\",\"position\":1,\"name\":\"Home\",\"item\":\"https:\/\/business-in-ukraine.online\/tr\/\"},{\"@type\":\"ListItem\",\"position\":2,\"name\":\"Ofis \u0130\u00e7inde Ofis Hizmeti\"}]},{\"@type\":\"WebSite\",\"@id\":\"https:\/\/business-in-ukraine.online\/tr\/#website\",\"url\":\"https:\/\/business-in-ukraine.online\/tr\/\",\"name\":\"Business in Ukraine\",\"description\":\"UKRAINIAN BUSINESS PORTAL\",\"potentialAction\":[{\"@type\":\"SearchAction\",\"target\":{\"@type\":\"EntryPoint\",\"urlTemplate\":\"https:\/\/business-in-ukraine.online\/tr\/?s={search_term_string}\"},\"query-input\":{\"@type\":\"PropertyValueSpecification\",\"valueRequired\":true,\"valueName\":\"search_term_string\"}}],\"inLanguage\":\"tr\"}]}<\/script>\n<!-- \/ Yoast SEO plugin. -->","yoast_head_json":{"title":"Ofis \u0130\u00e7inde Ofis Hizmeti - Business in Ukraine","robots":{"index":"index","follow":"follow","max-snippet":"max-snippet:-1","max-image-preview":"max-image-preview:large","max-video-preview":"max-video-preview:-1"},"canonical":"https:\/\/business-in-ukraine.online\/tr\/ofis-icinde-ofis-hizmeti\/","og_locale":"tr_TR","og_type":"article","og_title":"Ofis \u0130\u00e7inde Ofis Hizmeti - Business in Ukraine","og_description":"Asgari masraflarla &#8220;ofis i\u00e7inde ofisi&#8221; hizmetiyle Ukrayna&#8217;da i\u015finizi ba\u015flat\u0131n. Ofis \u0130\u00e7inde Ofisi &#8211; Ukrayna&#8217;daki yabanc\u0131 \u015firketler i\u00e7in acentelik hizmeti. \u00dcr\u00fcn ve hizmetleriniz i\u00e7in yeni pazarlarla m\u0131 ilgileniyorsunuz? Ukrayna \u015firketleri ile uzun vadeli istikrarl\u0131 ticari ili\u015fkiler mi ar\u0131yorsunuz? Ofis \u0130\u00e7inde Ofis, Ukrayna&#8217;da ba\u015far\u0131l\u0131 bir i\u015f kurma \u015fans\u0131n\u0131zd\u0131r. Bu e\u015fsiz \u00e7\u00f6z\u00fcm, dan\u0131\u015fmanl\u0131k...","og_url":"https:\/\/business-in-ukraine.online\/tr\/ofis-icinde-ofis-hizmeti\/","og_site_name":"Business in Ukraine","article_publisher":"https:\/\/www.facebook.com\/project.ukraine","article_modified_time":"2017-04-26T07:55:03+00:00","twitter_card":"summary_large_image","twitter_site":"@InvestUkraine","twitter_misc":{"Est. reading time":"1 minute"},"schema":{"@context":"https:\/\/schema.org","@graph":[{"@type":"WebPage","@id":"https:\/\/business-in-ukraine.online\/tr\/ofis-icinde-ofis-hizmeti\/","url":"https:\/\/business-in-ukraine.online\/tr\/ofis-icinde-ofis-hizmeti\/","name":"Ofis \u0130\u00e7inde Ofis Hizmeti - Business in Ukraine","isPartOf":{"@id":"https:\/\/business-in-ukraine.online\/tr\/#website"},"datePublished":"2017-04-26T07:42:34+00:00","dateModified":"2017-04-26T07:55:03+00:00","breadcrumb":{"@id":"https:\/\/business-in-ukraine.online\/tr\/ofis-icinde-ofis-hizmeti\/#breadcrumb"},"inLanguage":"tr","potentialAction":[{"@type":"ReadAction","target":["https:\/\/business-in-ukraine.online\/tr\/ofis-icinde-ofis-hizmeti\/"]}]},{"@type":"BreadcrumbList","@id":"https:\/\/business-in-ukraine.online\/tr\/ofis-icinde-ofis-hizmeti\/#breadcrumb","itemListElement":[{"@type":"ListItem","position":1,"name":"Home","item":"https:\/\/business-in-ukraine.online\/tr\/"},{"@type":"ListItem","position":2,"name":"Ofis \u0130\u00e7inde Ofis Hizmeti"}]},{"@type":"WebSite","@id":"https:\/\/business-in-ukraine.online\/tr\/#website","url":"https:\/\/business-in-ukraine.online\/tr\/","name":"Business in Ukraine","description":"UKRAINIAN BUSINESS PORTAL","potentialAction":[{"@type":"SearchAction","target":{"@type":"EntryPoint","urlTemplate":"https:\/\/business-in-ukraine.online\/tr\/?s={search_term_string}"},"query-input":{"@type":"PropertyValueSpecification","valueRequired":true,"valueName":"search_term_string"}}],"inLanguage":"tr"}]}},"_links":{"self":[{"href":"https:\/\/business-in-ukraine.online\/tr\/wp-json\/wp\/v2\/pages\/3535"}],"collection":[{"href":"https:\/\/business-in-ukraine.online\/tr\/wp-json\/wp\/v2\/pages"}],"about":[{"href":"https:\/\/business-in-ukraine.online\/tr\/wp-json\/wp\/v2\/types\/page"}],"author":[{"embeddable":true,"href":"https:\/\/business-in-ukraine.online\/tr\/wp-json\/wp\/v2\/users\/1"}],"replies":[{"embeddable":true,"href":"https:\/\/business-in-ukraine.online\/tr\/wp-json\/wp\/v2\/comments?post=3535"}],"version-history":[{"count":1,"href":"https:\/\/business-in-ukraine.online\/tr\/wp-json\/wp\/v2\/pages\/3535\/revisions"}],"predecessor-version":[{"id":3537,"href":"https:\/\/business-in-ukraine.online\/tr\/wp-json\/wp\/v2\/pages\/3535\/revisions\/3537"}],"wp:attachment":[{"href":"https:\/\/business-in-ukraine.online\/tr\/wp-json\/wp\/v2\/media?parent=3535"}],"curies":[{"name":"wp","href":"https:\/\/api.w.org\/{rel}","templated":true}]}}