{"id":3541,"date":"2017-04-26T10:00:45","date_gmt":"2017-04-26T08:00:45","guid":{"rendered":"http:\/\/business-in-ukraine.online\/?page_id=3541\/"},"modified":"2017-04-26T10:00:45","modified_gmt":"2017-04-26T08:00:45","slug":"danismanlik","status":"publish","type":"page","link":"https:\/\/business-in-ukraine.online\/tr\/danismanlik\/","title":{"rendered":"Dan\u0131\u015fmanl\u0131k"},"content":{"rendered":"<p style=\"text-align: justify;\">A\u015fa\u011f\u0131daki alanlarda dan\u0131\u015fmanl\u0131k hizmeti alabilirsiniz:<\/p>\n<p style=\"text-align: justify;\">Ukrayna&#8217;da i\u015f kurma, Yat\u0131r\u0131m F\u0131rsatlar\u0131, Karl\u0131 \u0130\u015fletmeler, Ukrayna&#8217;da \u015eirket kurma (kay\u0131t), Ukrayna\u2019da Vize ve oturum Dan\u0131\u015fmanl\u0131\u011f\u0131, Ukrayna\u2019da ticaret dan\u0131\u015fmanl\u0131\u011f\u0131, Pazara Giri\u015f Dan\u0131\u015fmanl\u0131\u011f\u0131, \u0130\u015f Ba\u011flant\u0131lar\u0131 dan\u0131\u015fmanl\u0131\u011f\u0131 (H\u00fck\u00fcmet \u0130li\u015fkileri, Proje, inceleme, tart\u0131\u015fma, soru\u015fturma), Ukrayna\u2019da yat\u0131r\u0131m dan\u0131\u015fmanl\u0131\u011f\u0131, \u0130hracat ve \u0130thalat Dan\u0131\u015fmanl\u0131\u011f\u0131, Ukrayna&#8217;da \u00e7al\u0131\u015fma ve i\u015f ba\u015fvurusu.<\/p>\n<p><strong>\u00a0<\/strong><\/p>\n","protected":false},"excerpt":{"rendered":"<p>A\u015fa\u011f\u0131daki alanlarda dan\u0131\u015fmanl\u0131k hizmeti alabilirsiniz: Ukrayna&#8217;da i\u015f kurma, Yat\u0131r\u0131m F\u0131rsatlar\u0131, Karl\u0131 \u0130\u015fletmeler, Ukrayna&#8217;da \u015eirket kurma (kay\u0131t), Ukrayna\u2019da Vize ve oturum Dan\u0131\u015fmanl\u0131\u011f\u0131, Ukrayna\u2019da ticaret dan\u0131\u015fmanl\u0131\u011f\u0131, Pazara Giri\u015f Dan\u0131\u015fmanl\u0131\u011f\u0131, \u0130\u015f Ba\u011flant\u0131lar\u0131 dan\u0131\u015fmanl\u0131\u011f\u0131 (H\u00fck\u00fcmet \u0130li\u015fkileri, Proje, inceleme, tart\u0131\u015fma, soru\u015fturma), Ukrayna\u2019da yat\u0131r\u0131m dan\u0131\u015fmanl\u0131\u011f\u0131, \u0130hracat ve \u0130thalat Dan\u0131\u015fmanl\u0131\u011f\u0131, Ukrayna&#8217;da \u00e7al\u0131\u015fma ve i\u015f ba\u015fvurusu. \u00a0<\/p>\n","protected":false},"author":1,"featured_media":0,"parent":0,"menu_order":0,"comment_status":"closed","ping_status":"open","template":"onecolumn-page.php","meta":{"_acf_changed":false,"pmpro_default_level":0,"_monsterinsights_skip_tracking":false,"_monsterinsights_sitenote_active":false,"_monsterinsights_sitenote_note":"","_monsterinsights_sitenote_category":0,"footnotes":""},"class_list":["post-3541","page","type-page","status-publish","hentry","pmpro-has-access"],"acf":[],"yoast_head":"<!-- This site is optimized with the Yoast SEO plugin v23.7 - https:\/\/yoast.com\/wordpress\/plugins\/seo\/ -->\n<title>Dan\u0131\u015fmanl\u0131k - Business in Ukraine<\/title>\n<meta name=\"robots\" content=\"index, follow, max-snippet:-1, max-image-preview:large, max-video-preview:-1\" \/>\n<link rel=\"canonical\" href=\"https:\/\/business-in-ukraine.online\/tr\/danismanlik\/\" \/>\n<meta property=\"og:locale\" content=\"tr_TR\" \/>\n<meta property=\"og:type\" content=\"article\" \/>\n<meta property=\"og:title\" content=\"Dan\u0131\u015fmanl\u0131k - Business in Ukraine\" \/>\n<meta property=\"og:description\" content=\"A\u015fa\u011f\u0131daki alanlarda dan\u0131\u015fmanl\u0131k hizmeti alabilirsiniz: Ukrayna&#8217;da i\u015f kurma, Yat\u0131r\u0131m F\u0131rsatlar\u0131, Karl\u0131 \u0130\u015fletmeler, Ukrayna&#8217;da \u015eirket kurma (kay\u0131t), Ukrayna\u2019da Vize ve oturum Dan\u0131\u015fmanl\u0131\u011f\u0131, Ukrayna\u2019da ticaret dan\u0131\u015fmanl\u0131\u011f\u0131, Pazara Giri\u015f Dan\u0131\u015fmanl\u0131\u011f\u0131, \u0130\u015f Ba\u011flant\u0131lar\u0131 dan\u0131\u015fmanl\u0131\u011f\u0131 (H\u00fck\u00fcmet \u0130li\u015fkileri, Proje, inceleme, tart\u0131\u015fma, soru\u015fturma), Ukrayna\u2019da yat\u0131r\u0131m dan\u0131\u015fmanl\u0131\u011f\u0131, \u0130hracat ve \u0130thalat Dan\u0131\u015fmanl\u0131\u011f\u0131, Ukrayna&#8217;da \u00e7al\u0131\u015fma ve i\u015f ba\u015fvurusu. \u00a0\" \/>\n<meta property=\"og:url\" content=\"https:\/\/business-in-ukraine.online\/tr\/danismanlik\/\" \/>\n<meta property=\"og:site_name\" content=\"Business in Ukraine\" \/>\n<meta property=\"article:publisher\" content=\"https:\/\/www.facebook.com\/project.ukraine\" \/>\n<meta name=\"twitter:card\" content=\"summary_large_image\" \/>\n<meta name=\"twitter:site\" content=\"@InvestUkraine\" \/>\n<script type=\"application\/ld+json\" class=\"yoast-schema-graph\">{\"@context\":\"https:\/\/schema.org\",\"@graph\":[{\"@type\":\"WebPage\",\"@id\":\"https:\/\/business-in-ukraine.online\/tr\/danismanlik\/\",\"url\":\"https:\/\/business-in-ukraine.online\/tr\/danismanlik\/\",\"name\":\"Dan\u0131\u015fmanl\u0131k - Business in Ukraine\",\"isPartOf\":{\"@id\":\"https:\/\/business-in-ukraine.online\/tr\/#website\"},\"datePublished\":\"2017-04-26T08:00:45+00:00\",\"dateModified\":\"2017-04-26T08:00:45+00:00\",\"breadcrumb\":{\"@id\":\"https:\/\/business-in-ukraine.online\/tr\/danismanlik\/#breadcrumb\"},\"inLanguage\":\"tr\",\"potentialAction\":[{\"@type\":\"ReadAction\",\"target\":[\"https:\/\/business-in-ukraine.online\/tr\/danismanlik\/\"]}]},{\"@type\":\"BreadcrumbList\",\"@id\":\"https:\/\/business-in-ukraine.online\/tr\/danismanlik\/#breadcrumb\",\"itemListElement\":[{\"@type\":\"ListItem\",\"position\":1,\"name\":\"Home\",\"item\":\"https:\/\/business-in-ukraine.online\/tr\/\"},{\"@type\":\"ListItem\",\"position\":2,\"name\":\"Dan\u0131\u015fmanl\u0131k\"}]},{\"@type\":\"WebSite\",\"@id\":\"https:\/\/business-in-ukraine.online\/tr\/#website\",\"url\":\"https:\/\/business-in-ukraine.online\/tr\/\",\"name\":\"Business in Ukraine\",\"description\":\"UKRAINIAN BUSINESS PORTAL\",\"potentialAction\":[{\"@type\":\"SearchAction\",\"target\":{\"@type\":\"EntryPoint\",\"urlTemplate\":\"https:\/\/business-in-ukraine.online\/tr\/?s={search_term_string}\"},\"query-input\":{\"@type\":\"PropertyValueSpecification\",\"valueRequired\":true,\"valueName\":\"search_term_string\"}}],\"inLanguage\":\"tr\"}]}<\/script>\n<!-- \/ Yoast SEO plugin. -->","yoast_head_json":{"title":"Dan\u0131\u015fmanl\u0131k - Business in Ukraine","robots":{"index":"index","follow":"follow","max-snippet":"max-snippet:-1","max-image-preview":"max-image-preview:large","max-video-preview":"max-video-preview:-1"},"canonical":"https:\/\/business-in-ukraine.online\/tr\/danismanlik\/","og_locale":"tr_TR","og_type":"article","og_title":"Dan\u0131\u015fmanl\u0131k - Business in Ukraine","og_description":"A\u015fa\u011f\u0131daki alanlarda dan\u0131\u015fmanl\u0131k hizmeti alabilirsiniz: Ukrayna&#8217;da i\u015f kurma, Yat\u0131r\u0131m F\u0131rsatlar\u0131, Karl\u0131 \u0130\u015fletmeler, Ukrayna&#8217;da \u015eirket kurma (kay\u0131t), Ukrayna\u2019da Vize ve oturum Dan\u0131\u015fmanl\u0131\u011f\u0131, Ukrayna\u2019da ticaret dan\u0131\u015fmanl\u0131\u011f\u0131, Pazara Giri\u015f Dan\u0131\u015fmanl\u0131\u011f\u0131, \u0130\u015f Ba\u011flant\u0131lar\u0131 dan\u0131\u015fmanl\u0131\u011f\u0131 (H\u00fck\u00fcmet \u0130li\u015fkileri, Proje, inceleme, tart\u0131\u015fma, soru\u015fturma), Ukrayna\u2019da yat\u0131r\u0131m dan\u0131\u015fmanl\u0131\u011f\u0131, \u0130hracat ve \u0130thalat Dan\u0131\u015fmanl\u0131\u011f\u0131, Ukrayna&#8217;da \u00e7al\u0131\u015fma ve i\u015f ba\u015fvurusu. \u00a0","og_url":"https:\/\/business-in-ukraine.online\/tr\/danismanlik\/","og_site_name":"Business in Ukraine","article_publisher":"https:\/\/www.facebook.com\/project.ukraine","twitter_card":"summary_large_image","twitter_site":"@InvestUkraine","schema":{"@context":"https:\/\/schema.org","@graph":[{"@type":"WebPage","@id":"https:\/\/business-in-ukraine.online\/tr\/danismanlik\/","url":"https:\/\/business-in-ukraine.online\/tr\/danismanlik\/","name":"Dan\u0131\u015fmanl\u0131k - Business in Ukraine","isPartOf":{"@id":"https:\/\/business-in-ukraine.online\/tr\/#website"},"datePublished":"2017-04-26T08:00:45+00:00","dateModified":"2017-04-26T08:00:45+00:00","breadcrumb":{"@id":"https:\/\/business-in-ukraine.online\/tr\/danismanlik\/#breadcrumb"},"inLanguage":"tr","potentialAction":[{"@type":"ReadAction","target":["https:\/\/business-in-ukraine.online\/tr\/danismanlik\/"]}]},{"@type":"BreadcrumbList","@id":"https:\/\/business-in-ukraine.online\/tr\/danismanlik\/#breadcrumb","itemListElement":[{"@type":"ListItem","position":1,"name":"Home","item":"https:\/\/business-in-ukraine.online\/tr\/"},{"@type":"ListItem","position":2,"name":"Dan\u0131\u015fmanl\u0131k"}]},{"@type":"WebSite","@id":"https:\/\/business-in-ukraine.online\/tr\/#website","url":"https:\/\/business-in-ukraine.online\/tr\/","name":"Business in Ukraine","description":"UKRAINIAN BUSINESS PORTAL","potentialAction":[{"@type":"SearchAction","target":{"@type":"EntryPoint","urlTemplate":"https:\/\/business-in-ukraine.online\/tr\/?s={search_term_string}"},"query-input":{"@type":"PropertyValueSpecification","valueRequired":true,"valueName":"search_term_string"}}],"inLanguage":"tr"}]}},"_links":{"self":[{"href":"https:\/\/business-in-ukraine.online\/tr\/wp-json\/wp\/v2\/pages\/3541"}],"collection":[{"href":"https:\/\/business-in-ukraine.online\/tr\/wp-json\/wp\/v2\/pages"}],"about":[{"href":"https:\/\/business-in-ukraine.online\/tr\/wp-json\/wp\/v2\/types\/page"}],"author":[{"embeddable":true,"href":"https:\/\/business-in-ukraine.online\/tr\/wp-json\/wp\/v2\/users\/1"}],"replies":[{"embeddable":true,"href":"https:\/\/business-in-ukraine.online\/tr\/wp-json\/wp\/v2\/comments?post=3541"}],"version-history":[{"count":0,"href":"https:\/\/business-in-ukraine.online\/tr\/wp-json\/wp\/v2\/pages\/3541\/revisions"}],"wp:attachment":[{"href":"https:\/\/business-in-ukraine.online\/tr\/wp-json\/wp\/v2\/media?parent=3541"}],"curies":[{"name":"wp","href":"https:\/\/api.w.org\/{rel}","templated":true}]}}