{"id":3543,"date":"2017-04-26T10:03:46","date_gmt":"2017-04-26T08:03:46","guid":{"rendered":"http:\/\/business-in-ukraine.online\/?page_id=3543\/"},"modified":"2017-04-26T10:03:46","modified_gmt":"2017-04-26T08:03:46","slug":"ukrayna-da-ticari-mulk-kiralama","status":"publish","type":"page","link":"https:\/\/business-in-ukraine.online\/tr\/ukrayna-da-ticari-mulk-kiralama\/","title":{"rendered":"Ukrayna\u2019da Ticari M\u00fclk Kiralama"},"content":{"rendered":"<p style=\"text-align: justify;\">Ukrayna\u2019da \u0130\u015fletmenizin gereklerini yerine getiren kiral\u0131k emlak ar\u0131yorsan\u0131z,<strong>Business InUkraine<\/strong> Ukrayna&#8217;dakikiral\u0131k i\u015f yeri konusunda en iyi veri taban\u0131na sahip.<\/p>\n<ul style=\"text-align: justify;\">\n<li>Kiral\u0131k End\u00fcstriyel M\u00fclk<\/li>\n<li>Kiral\u0131k Ofis<\/li>\n<li>Kiral\u0131k Lojistik alan\u0131<\/li>\n<li>Kiralik Arsa<\/li>\n<\/ul>\n<p style=\"text-align: justify;\">Ukrayna&#8217;da Kiral\u0131k Sanayi M\u00fclkleri ile ilgili geni\u015f bir yelpaze sunuyoruz (End\u00fcstriyel M\u00fclkiyet S\u0131n\u0131f\u0131 A, End\u00fcstriyel M\u00fclkiyet S\u0131n\u0131f\u0131 B, End\u00fcstriyel M\u00fclkiyet S\u0131n\u0131f\u0131 C):<\/p>\n<ul style=\"text-align: justify;\">\n<li>Fabrikalar \/ Tar\u0131m arazileri,<\/li>\n<li>Sanayi Kompleksleri,<\/li>\n<li>Sanayi Arsalar\u0131.<\/li>\n<\/ul>\n<p style=\"text-align: justify;\">Kiral\u0131k Hizmet Ofisleri(ayn\u0131 zamanda \u00fcst d\u00fczey y\u00f6netim ofisleri veya \u0130\u015f Merkezleri olarak da bilinir);<\/p>\n<ul style=\"text-align: justify;\">\n<li>\u00dcst d\u00fczey y\u00f6netim ofisleri<\/li>\n<li>\u0130\u015f Merkezleri<\/li>\n<li>Mobilyal\u0131 Ofisler<\/li>\n<li>Haz\u0131r Ofisler<\/li>\n<li>K\u0131sa Vadeli Ofis<\/li>\n<li>Anl\u0131k ofisler<\/li>\n<li>Ge\u00e7ici ofis<\/li>\n<li>Konferans salonu<\/li>\n<\/ul>\n<p style=\"text-align: justify;\"><strong>Business in Ukraine;<\/strong>kiral\u0131k ticari m\u00fclklerle ilgili b\u00fcy\u00fck bir veritaban\u0131na sahiptir &#8211; ideal konumda m\u00fckemmel ticari m\u00fclkler. veri taban\u0131m\u0131z son derece dolu ve s\u00fcrekli g\u00fcncellenmektedir.<\/p>\n<p style=\"text-align: justify;\">Veritaban\u0131m\u0131zdak, kiral\u0131k her t\u00fcrl\u00fc m\u00fclk\u00fc se\u00e7ebilir veya uzmanlar\u0131m\u0131z, kriterlerinize en uygun ve maksimum fayda sa\u011flayacak olanm\u00fclk\u00fc en k\u0131sa s\u00fcredesizin i\u00e7in se\u00e7ecektir. Ukrayna emlak piyasas\u0131ndaki t\u00fcm teklifler i\u00e7inde sizin i\u00e7in en uygun maliyetli se\u00e7ene\u011fi belirlemenize yard\u0131mc\u0131 olaca\u011f\u0131z.<\/p>\n","protected":false},"excerpt":{"rendered":"<p>Ukrayna\u2019da \u0130\u015fletmenizin gereklerini yerine getiren kiral\u0131k emlak ar\u0131yorsan\u0131z,Business InUkraine Ukrayna&#8217;dakikiral\u0131k i\u015f yeri konusunda en iyi veri taban\u0131na sahip. Kiral\u0131k End\u00fcstriyel M\u00fclk Kiral\u0131k Ofis Kiral\u0131k Lojistik alan\u0131 Kiralik Arsa Ukrayna&#8217;da Kiral\u0131k Sanayi M\u00fclkleri ile ilgili geni\u015f bir yelpaze sunuyoruz (End\u00fcstriyel M\u00fclkiyet S\u0131n\u0131f\u0131 A, End\u00fcstriyel M\u00fclkiyet S\u0131n\u0131f\u0131 B, End\u00fcstriyel M\u00fclkiyet S\u0131n\u0131f\u0131 C):&#8230;<\/p>\n","protected":false},"author":1,"featured_media":0,"parent":0,"menu_order":0,"comment_status":"closed","ping_status":"open","template":"onecolumn-page.php","meta":{"_acf_changed":false,"pmpro_default_level":0,"_monsterinsights_skip_tracking":false,"_monsterinsights_sitenote_active":false,"_monsterinsights_sitenote_note":"","_monsterinsights_sitenote_category":0,"footnotes":""},"class_list":["post-3543","page","type-page","status-publish","hentry","pmpro-has-access"],"acf":[],"yoast_head":"<!-- This site is optimized with the Yoast SEO plugin v23.7 - https:\/\/yoast.com\/wordpress\/plugins\/seo\/ -->\n<title>Ukrayna\u2019da Ticari M\u00fclk Kiralama - Business in Ukraine<\/title>\n<meta name=\"robots\" content=\"index, follow, max-snippet:-1, max-image-preview:large, max-video-preview:-1\" \/>\n<link rel=\"canonical\" href=\"https:\/\/business-in-ukraine.online\/tr\/ukrayna-da-ticari-mulk-kiralama\/\" \/>\n<meta property=\"og:locale\" content=\"tr_TR\" \/>\n<meta property=\"og:type\" content=\"article\" \/>\n<meta property=\"og:title\" content=\"Ukrayna\u2019da Ticari M\u00fclk Kiralama - Business in Ukraine\" \/>\n<meta property=\"og:description\" content=\"Ukrayna\u2019da \u0130\u015fletmenizin gereklerini yerine getiren kiral\u0131k emlak ar\u0131yorsan\u0131z,Business InUkraine Ukrayna&#8217;dakikiral\u0131k i\u015f yeri konusunda en iyi veri taban\u0131na sahip. Kiral\u0131k End\u00fcstriyel M\u00fclk Kiral\u0131k Ofis Kiral\u0131k Lojistik alan\u0131 Kiralik Arsa Ukrayna&#8217;da Kiral\u0131k Sanayi M\u00fclkleri ile ilgili geni\u015f bir yelpaze sunuyoruz (End\u00fcstriyel M\u00fclkiyet S\u0131n\u0131f\u0131 A, End\u00fcstriyel M\u00fclkiyet S\u0131n\u0131f\u0131 B, End\u00fcstriyel M\u00fclkiyet S\u0131n\u0131f\u0131 C):...\" \/>\n<meta property=\"og:url\" content=\"https:\/\/business-in-ukraine.online\/tr\/ukrayna-da-ticari-mulk-kiralama\/\" \/>\n<meta property=\"og:site_name\" content=\"Business in Ukraine\" \/>\n<meta property=\"article:publisher\" content=\"https:\/\/www.facebook.com\/project.ukraine\" \/>\n<meta name=\"twitter:card\" content=\"summary_large_image\" \/>\n<meta name=\"twitter:site\" content=\"@InvestUkraine\" \/>\n<meta name=\"twitter:label1\" content=\"Est. reading time\" \/>\n\t<meta name=\"twitter:data1\" content=\"1 minute\" \/>\n<script type=\"application\/ld+json\" class=\"yoast-schema-graph\">{\"@context\":\"https:\/\/schema.org\",\"@graph\":[{\"@type\":\"WebPage\",\"@id\":\"https:\/\/business-in-ukraine.online\/tr\/ukrayna-da-ticari-mulk-kiralama\/\",\"url\":\"https:\/\/business-in-ukraine.online\/tr\/ukrayna-da-ticari-mulk-kiralama\/\",\"name\":\"Ukrayna\u2019da Ticari M\u00fclk Kiralama - Business in Ukraine\",\"isPartOf\":{\"@id\":\"https:\/\/business-in-ukraine.online\/tr\/#website\"},\"datePublished\":\"2017-04-26T08:03:46+00:00\",\"dateModified\":\"2017-04-26T08:03:46+00:00\",\"breadcrumb\":{\"@id\":\"https:\/\/business-in-ukraine.online\/tr\/ukrayna-da-ticari-mulk-kiralama\/#breadcrumb\"},\"inLanguage\":\"tr\",\"potentialAction\":[{\"@type\":\"ReadAction\",\"target\":[\"https:\/\/business-in-ukraine.online\/tr\/ukrayna-da-ticari-mulk-kiralama\/\"]}]},{\"@type\":\"BreadcrumbList\",\"@id\":\"https:\/\/business-in-ukraine.online\/tr\/ukrayna-da-ticari-mulk-kiralama\/#breadcrumb\",\"itemListElement\":[{\"@type\":\"ListItem\",\"position\":1,\"name\":\"Home\",\"item\":\"https:\/\/business-in-ukraine.online\/tr\/\"},{\"@type\":\"ListItem\",\"position\":2,\"name\":\"Ukrayna\u2019da Ticari M\u00fclk Kiralama\"}]},{\"@type\":\"WebSite\",\"@id\":\"https:\/\/business-in-ukraine.online\/tr\/#website\",\"url\":\"https:\/\/business-in-ukraine.online\/tr\/\",\"name\":\"Business in Ukraine\",\"description\":\"UKRAINIAN BUSINESS PORTAL\",\"potentialAction\":[{\"@type\":\"SearchAction\",\"target\":{\"@type\":\"EntryPoint\",\"urlTemplate\":\"https:\/\/business-in-ukraine.online\/tr\/?s={search_term_string}\"},\"query-input\":{\"@type\":\"PropertyValueSpecification\",\"valueRequired\":true,\"valueName\":\"search_term_string\"}}],\"inLanguage\":\"tr\"}]}<\/script>\n<!-- \/ Yoast SEO plugin. -->","yoast_head_json":{"title":"Ukrayna\u2019da Ticari M\u00fclk Kiralama - Business in Ukraine","robots":{"index":"index","follow":"follow","max-snippet":"max-snippet:-1","max-image-preview":"max-image-preview:large","max-video-preview":"max-video-preview:-1"},"canonical":"https:\/\/business-in-ukraine.online\/tr\/ukrayna-da-ticari-mulk-kiralama\/","og_locale":"tr_TR","og_type":"article","og_title":"Ukrayna\u2019da Ticari M\u00fclk Kiralama - Business in Ukraine","og_description":"Ukrayna\u2019da \u0130\u015fletmenizin gereklerini yerine getiren kiral\u0131k emlak ar\u0131yorsan\u0131z,Business InUkraine Ukrayna&#8217;dakikiral\u0131k i\u015f yeri konusunda en iyi veri taban\u0131na sahip. Kiral\u0131k End\u00fcstriyel M\u00fclk Kiral\u0131k Ofis Kiral\u0131k Lojistik alan\u0131 Kiralik Arsa Ukrayna&#8217;da Kiral\u0131k Sanayi M\u00fclkleri ile ilgili geni\u015f bir yelpaze sunuyoruz (End\u00fcstriyel M\u00fclkiyet S\u0131n\u0131f\u0131 A, End\u00fcstriyel M\u00fclkiyet S\u0131n\u0131f\u0131 B, End\u00fcstriyel M\u00fclkiyet S\u0131n\u0131f\u0131 C):...","og_url":"https:\/\/business-in-ukraine.online\/tr\/ukrayna-da-ticari-mulk-kiralama\/","og_site_name":"Business in Ukraine","article_publisher":"https:\/\/www.facebook.com\/project.ukraine","twitter_card":"summary_large_image","twitter_site":"@InvestUkraine","twitter_misc":{"Est. reading time":"1 minute"},"schema":{"@context":"https:\/\/schema.org","@graph":[{"@type":"WebPage","@id":"https:\/\/business-in-ukraine.online\/tr\/ukrayna-da-ticari-mulk-kiralama\/","url":"https:\/\/business-in-ukraine.online\/tr\/ukrayna-da-ticari-mulk-kiralama\/","name":"Ukrayna\u2019da Ticari M\u00fclk Kiralama - Business in Ukraine","isPartOf":{"@id":"https:\/\/business-in-ukraine.online\/tr\/#website"},"datePublished":"2017-04-26T08:03:46+00:00","dateModified":"2017-04-26T08:03:46+00:00","breadcrumb":{"@id":"https:\/\/business-in-ukraine.online\/tr\/ukrayna-da-ticari-mulk-kiralama\/#breadcrumb"},"inLanguage":"tr","potentialAction":[{"@type":"ReadAction","target":["https:\/\/business-in-ukraine.online\/tr\/ukrayna-da-ticari-mulk-kiralama\/"]}]},{"@type":"BreadcrumbList","@id":"https:\/\/business-in-ukraine.online\/tr\/ukrayna-da-ticari-mulk-kiralama\/#breadcrumb","itemListElement":[{"@type":"ListItem","position":1,"name":"Home","item":"https:\/\/business-in-ukraine.online\/tr\/"},{"@type":"ListItem","position":2,"name":"Ukrayna\u2019da Ticari M\u00fclk Kiralama"}]},{"@type":"WebSite","@id":"https:\/\/business-in-ukraine.online\/tr\/#website","url":"https:\/\/business-in-ukraine.online\/tr\/","name":"Business in Ukraine","description":"UKRAINIAN BUSINESS PORTAL","potentialAction":[{"@type":"SearchAction","target":{"@type":"EntryPoint","urlTemplate":"https:\/\/business-in-ukraine.online\/tr\/?s={search_term_string}"},"query-input":{"@type":"PropertyValueSpecification","valueRequired":true,"valueName":"search_term_string"}}],"inLanguage":"tr"}]}},"_links":{"self":[{"href":"https:\/\/business-in-ukraine.online\/tr\/wp-json\/wp\/v2\/pages\/3543"}],"collection":[{"href":"https:\/\/business-in-ukraine.online\/tr\/wp-json\/wp\/v2\/pages"}],"about":[{"href":"https:\/\/business-in-ukraine.online\/tr\/wp-json\/wp\/v2\/types\/page"}],"author":[{"embeddable":true,"href":"https:\/\/business-in-ukraine.online\/tr\/wp-json\/wp\/v2\/users\/1"}],"replies":[{"embeddable":true,"href":"https:\/\/business-in-ukraine.online\/tr\/wp-json\/wp\/v2\/comments?post=3543"}],"version-history":[{"count":0,"href":"https:\/\/business-in-ukraine.online\/tr\/wp-json\/wp\/v2\/pages\/3543\/revisions"}],"wp:attachment":[{"href":"https:\/\/business-in-ukraine.online\/tr\/wp-json\/wp\/v2\/media?parent=3543"}],"curies":[{"name":"wp","href":"https:\/\/api.w.org\/{rel}","templated":true}]}}