{"id":3545,"date":"2017-04-26T10:06:57","date_gmt":"2017-04-26T08:06:57","guid":{"rendered":"http:\/\/business-in-ukraine.online\/?page_id=3545\/"},"modified":"2017-04-26T10:24:52","modified_gmt":"2017-04-26T08:24:52","slug":"ukrayna-mevzuat","status":"publish","type":"page","link":"https:\/\/business-in-ukraine.online\/tr\/ukrayna-mevzuat\/","title":{"rendered":"Ukrayna \u2013 mevzuat"},"content":{"rendered":"<p style=\"text-align: justify;\">Ukrayna, uluslararas\u0131 toplumla etkile\u015fimi kolayla\u015ft\u0131ran yasal bir sistem olu\u015fturmak i\u00e7in m\u00fccadele etmeye devam ediyor.\u00a0 Bir\u00e7ok konu tek bir mevzuatla ele al\u0131nmad\u0131\u011f\u0131ndan, bir konunun tam olarak anla\u015f\u0131lmas\u0131 i\u00e7in birka\u00e7 kanunun birle\u015ftirilmesi gerekebilir (2011 Vergi Kanunu bir istisna olmas\u0131na ra\u011fmen).\u00c7e\u015fitli yasalar belirsiz veya \u00e7eli\u015fkili olabilir; bu da i\u015fleridaha da zorla\u015ft\u0131r\u0131rve konularda daha karma\u015f\u0131k hale gelebiliir. Vergi Usul Kanunu&#8217;na ek olarak, a\u015fa\u011f\u0131daki \u00f6nemli mevzuat par\u00e7alar\u0131 Ukrayna&#8217;ya yap\u0131lan yabanc\u0131 yat\u0131r\u0131mlar\u0131n\u0131 etkiliyor:<\/p>\n<p style=\"text-align: justify;\">Ukrayna&#8217;n\u0131n i\u00e7 yat\u0131r\u0131m konusundaki politikas\u0131 ve yabanc\u0131 yat\u0131r\u0131m\u0131n\u0131n \/ yat\u0131r\u0131mc\u0131n\u0131n hak ve y\u00fck\u00fcml\u00fcl\u00fckleri konusundaki Yabanc\u0131 Yat\u0131r\u0131m Kanunu\u2019ndaki genel ifadeler,<\/p>\n<p style=\"text-align: justify;\">Sivil ili\u015fkileri d\u00fczenleyen Medeni Kanun,T\u00fczel ki\u015filiklerin kurulmas\u0131, ve ki\u015fisel m\u00fclkiyet,<\/p>\n<p style=\"text-align: justify;\">Ticari ili\u015fkileri y\u00f6neten Ticaret Kanunu (Medeni Kanun ile ayn\u0131 g\u00fcn y\u00fcr\u00fcrl\u00fc\u011fe girdi).Ticaret Kanunu, Medeni Kanunda ele al\u0131nmayan konular\u0131 d\u00fczenlemek i\u00e7in haz\u0131rlanm\u0131\u015ft\u0131r, ancak pratikte baz\u0131 \u00e7ak\u0131\u015fmalar vard\u0131r.<\/p>\n<p style=\"text-align: justify;\">Menkul K\u0131ymetler ve Borsa Kanunu, kamu ihrac\u0131 ve g\u00fcvenli\u011fi h\u00fck\u00fcmlerini y\u00f6netmektedir.<\/p>\n<p style=\"text-align: justify;\">Ekonomik Rekabetin Korunmas\u0131 Kanunundaki k\u0131s\u0131tlamalar. Ukrayna&#8217;daki birle\u015fmeler ve devralmalar\u0131n b\u00fcy\u00fck \u00e7o\u011funlu\u011fu, Tekel Kar\u015f\u0131t\u0131 Komite&#8217;nin \u00f6n onay\u0131n\u0131 almas\u0131 gerekiyor.<\/p>\n<p style=\"text-align: justify;\">Haks\u0131z Rekabetten Korumaya \u0130li\u015fkin Yasa, ticari kurulu\u015flar\u0131 ve t\u00fcketicileri haks\u0131z rekabetten korumay\u0131 ama\u00e7l\u0131yor<\/p>\n<p style=\"text-align: justify;\">\u00c7evre Koruma Kanunu, \u00e7evreyi kirleten ve at\u0131klar\u0131 \u00e7evreye bo\u015faltan herhangi bir t\u00fczel ki\u015fiyle ilgili kirletme \u00fccretleri i\u00e7eren bir \u00e7er\u00e7eve olu\u015fturur.<\/p>\n<p style=\"text-align: justify;\">Yabanc\u0131 yat\u0131r\u0131m k\u0131s\u0131tlamalar\u0131:<\/p>\n<p style=\"text-align: justify; padding-left: 30px;\">Yabanc\u0131 \u015firketler; tar\u0131m arazisi sahibi olmak, ta\u015f\u0131y\u0131c\u0131 roketler \u00fcretmek ve baz\u0131 yay\u0131n faaliyetlerindebulunmak konular\u0131nda k\u0131s\u0131tlanm\u0131\u015ft\u0131r.<\/p>\n<p style=\"text-align: justify;\">Sermayenin ve kazan\u00e7lar\u0131n geri g\u00f6nderimi:<\/p>\n<p style=\"text-align: justify; padding-left: 30px;\">Yabanc\u0131 yat\u0131r\u0131mc\u0131lar, y\u00fcr\u00fcrl\u00fckteki mevzuata uygun olarak ve uygulanan vergilerin \u00f6denmesinden sonra k\u0131s\u0131tlama olmaks\u0131z\u0131n yat\u0131r\u0131mlarla ilgili k\u00e2r, gelir veya di\u011fer fonlar\u0131 geri alma hakk\u0131na sahiptir.Yabanc\u0131 yat\u0131r\u0131mc\u0131lara kazan\u00e7lar\u0131n\u0131 geri \u00e7evirme konusunda herhangi bir engelleme yap\u0131lamaz.<\/p>\n<p style=\"text-align: justify;\">Garantiler ve Haklar:<\/p>\n<p style=\"text-align: justify; padding-left: 30px;\">Kamu yarar\u0131na oldu\u011fu durumlar d\u0131\u015f\u0131nda, devlet taraf\u0131ndan usule uygun \u015fekilde kay\u0131t alt\u0131na al\u0131nm\u0131\u015f olan yabanc\u0131 yat\u0131r\u0131mlar\u0131 hakk\u0131nda, kamula\u015ft\u0131rma talebi, kamula\u015ft\u0131rma yada benzeri her hangi bir \u00f6nlem al\u0131namaz. Bu gibi durumlarda, m\u00fclk\u00fcn piyasa de\u011ferine dayanarak tazminat yat\u0131r\u0131mc\u0131ya sa\u011flanmak zorundad\u0131r.<\/p>\n","protected":false},"excerpt":{"rendered":"<p>Ukrayna, uluslararas\u0131 toplumla etkile\u015fimi kolayla\u015ft\u0131ran yasal bir sistem olu\u015fturmak i\u00e7in m\u00fccadele etmeye devam ediyor.\u00a0 Bir\u00e7ok konu tek bir mevzuatla ele al\u0131nmad\u0131\u011f\u0131ndan, bir konunun tam olarak anla\u015f\u0131lmas\u0131 i\u00e7in birka\u00e7 kanunun birle\u015ftirilmesi gerekebilir (2011 Vergi Kanunu bir istisna olmas\u0131na ra\u011fmen).\u00c7e\u015fitli yasalar belirsiz veya \u00e7eli\u015fkili olabilir; bu da i\u015fleridaha da zorla\u015ft\u0131r\u0131rve konularda daha&#8230;<\/p>\n","protected":false},"author":1,"featured_media":0,"parent":0,"menu_order":0,"comment_status":"closed","ping_status":"closed","template":"onecolumn-page.php","meta":{"_acf_changed":false,"pmpro_default_level":0,"_monsterinsights_skip_tracking":false,"_monsterinsights_sitenote_active":false,"_monsterinsights_sitenote_note":"","_monsterinsights_sitenote_category":0,"footnotes":""},"class_list":["post-3545","page","type-page","status-publish","hentry","pmpro-has-access"],"acf":[],"yoast_head":"<!-- This site is optimized with the Yoast SEO plugin v23.7 - https:\/\/yoast.com\/wordpress\/plugins\/seo\/ -->\n<title>Ukrayna \u2013 mevzuat - Business in Ukraine<\/title>\n<meta name=\"robots\" content=\"index, follow, max-snippet:-1, max-image-preview:large, max-video-preview:-1\" \/>\n<link rel=\"canonical\" href=\"https:\/\/business-in-ukraine.online\/tr\/ukrayna-mevzuat\/\" \/>\n<meta property=\"og:locale\" content=\"tr_TR\" \/>\n<meta property=\"og:type\" content=\"article\" \/>\n<meta property=\"og:title\" content=\"Ukrayna \u2013 mevzuat - Business in Ukraine\" \/>\n<meta property=\"og:description\" content=\"Ukrayna, uluslararas\u0131 toplumla etkile\u015fimi kolayla\u015ft\u0131ran yasal bir sistem olu\u015fturmak i\u00e7in m\u00fccadele etmeye devam ediyor.\u00a0 Bir\u00e7ok konu tek bir mevzuatla ele al\u0131nmad\u0131\u011f\u0131ndan, bir konunun tam olarak anla\u015f\u0131lmas\u0131 i\u00e7in birka\u00e7 kanunun birle\u015ftirilmesi gerekebilir (2011 Vergi Kanunu bir istisna olmas\u0131na ra\u011fmen).\u00c7e\u015fitli yasalar belirsiz veya \u00e7eli\u015fkili olabilir; bu da i\u015fleridaha da zorla\u015ft\u0131r\u0131rve konularda daha...\" \/>\n<meta property=\"og:url\" content=\"https:\/\/business-in-ukraine.online\/tr\/ukrayna-mevzuat\/\" \/>\n<meta property=\"og:site_name\" content=\"Business in Ukraine\" \/>\n<meta property=\"article:publisher\" content=\"https:\/\/www.facebook.com\/project.ukraine\" \/>\n<meta property=\"article:modified_time\" content=\"2017-04-26T08:24:52+00:00\" \/>\n<meta name=\"twitter:card\" content=\"summary_large_image\" \/>\n<meta name=\"twitter:site\" content=\"@InvestUkraine\" \/>\n<meta name=\"twitter:label1\" content=\"Est. reading time\" \/>\n\t<meta name=\"twitter:data1\" content=\"2 minutes\" \/>\n<script type=\"application\/ld+json\" class=\"yoast-schema-graph\">{\"@context\":\"https:\/\/schema.org\",\"@graph\":[{\"@type\":\"WebPage\",\"@id\":\"https:\/\/business-in-ukraine.online\/tr\/ukrayna-mevzuat\/\",\"url\":\"https:\/\/business-in-ukraine.online\/tr\/ukrayna-mevzuat\/\",\"name\":\"Ukrayna \u2013 mevzuat - Business in Ukraine\",\"isPartOf\":{\"@id\":\"https:\/\/business-in-ukraine.online\/tr\/#website\"},\"datePublished\":\"2017-04-26T08:06:57+00:00\",\"dateModified\":\"2017-04-26T08:24:52+00:00\",\"breadcrumb\":{\"@id\":\"https:\/\/business-in-ukraine.online\/tr\/ukrayna-mevzuat\/#breadcrumb\"},\"inLanguage\":\"tr\",\"potentialAction\":[{\"@type\":\"ReadAction\",\"target\":[\"https:\/\/business-in-ukraine.online\/tr\/ukrayna-mevzuat\/\"]}]},{\"@type\":\"BreadcrumbList\",\"@id\":\"https:\/\/business-in-ukraine.online\/tr\/ukrayna-mevzuat\/#breadcrumb\",\"itemListElement\":[{\"@type\":\"ListItem\",\"position\":1,\"name\":\"Home\",\"item\":\"https:\/\/business-in-ukraine.online\/tr\/\"},{\"@type\":\"ListItem\",\"position\":2,\"name\":\"Ukrayna \u2013 mevzuat\"}]},{\"@type\":\"WebSite\",\"@id\":\"https:\/\/business-in-ukraine.online\/tr\/#website\",\"url\":\"https:\/\/business-in-ukraine.online\/tr\/\",\"name\":\"Business in Ukraine\",\"description\":\"UKRAINIAN BUSINESS PORTAL\",\"potentialAction\":[{\"@type\":\"SearchAction\",\"target\":{\"@type\":\"EntryPoint\",\"urlTemplate\":\"https:\/\/business-in-ukraine.online\/tr\/?s={search_term_string}\"},\"query-input\":{\"@type\":\"PropertyValueSpecification\",\"valueRequired\":true,\"valueName\":\"search_term_string\"}}],\"inLanguage\":\"tr\"}]}<\/script>\n<!-- \/ Yoast SEO plugin. -->","yoast_head_json":{"title":"Ukrayna \u2013 mevzuat - Business in Ukraine","robots":{"index":"index","follow":"follow","max-snippet":"max-snippet:-1","max-image-preview":"max-image-preview:large","max-video-preview":"max-video-preview:-1"},"canonical":"https:\/\/business-in-ukraine.online\/tr\/ukrayna-mevzuat\/","og_locale":"tr_TR","og_type":"article","og_title":"Ukrayna \u2013 mevzuat - Business in Ukraine","og_description":"Ukrayna, uluslararas\u0131 toplumla etkile\u015fimi kolayla\u015ft\u0131ran yasal bir sistem olu\u015fturmak i\u00e7in m\u00fccadele etmeye devam ediyor.\u00a0 Bir\u00e7ok konu tek bir mevzuatla ele al\u0131nmad\u0131\u011f\u0131ndan, bir konunun tam olarak anla\u015f\u0131lmas\u0131 i\u00e7in birka\u00e7 kanunun birle\u015ftirilmesi gerekebilir (2011 Vergi Kanunu bir istisna olmas\u0131na ra\u011fmen).\u00c7e\u015fitli yasalar belirsiz veya \u00e7eli\u015fkili olabilir; bu da i\u015fleridaha da zorla\u015ft\u0131r\u0131rve konularda daha...","og_url":"https:\/\/business-in-ukraine.online\/tr\/ukrayna-mevzuat\/","og_site_name":"Business in Ukraine","article_publisher":"https:\/\/www.facebook.com\/project.ukraine","article_modified_time":"2017-04-26T08:24:52+00:00","twitter_card":"summary_large_image","twitter_site":"@InvestUkraine","twitter_misc":{"Est. reading time":"2 minutes"},"schema":{"@context":"https:\/\/schema.org","@graph":[{"@type":"WebPage","@id":"https:\/\/business-in-ukraine.online\/tr\/ukrayna-mevzuat\/","url":"https:\/\/business-in-ukraine.online\/tr\/ukrayna-mevzuat\/","name":"Ukrayna \u2013 mevzuat - Business in Ukraine","isPartOf":{"@id":"https:\/\/business-in-ukraine.online\/tr\/#website"},"datePublished":"2017-04-26T08:06:57+00:00","dateModified":"2017-04-26T08:24:52+00:00","breadcrumb":{"@id":"https:\/\/business-in-ukraine.online\/tr\/ukrayna-mevzuat\/#breadcrumb"},"inLanguage":"tr","potentialAction":[{"@type":"ReadAction","target":["https:\/\/business-in-ukraine.online\/tr\/ukrayna-mevzuat\/"]}]},{"@type":"BreadcrumbList","@id":"https:\/\/business-in-ukraine.online\/tr\/ukrayna-mevzuat\/#breadcrumb","itemListElement":[{"@type":"ListItem","position":1,"name":"Home","item":"https:\/\/business-in-ukraine.online\/tr\/"},{"@type":"ListItem","position":2,"name":"Ukrayna \u2013 mevzuat"}]},{"@type":"WebSite","@id":"https:\/\/business-in-ukraine.online\/tr\/#website","url":"https:\/\/business-in-ukraine.online\/tr\/","name":"Business in Ukraine","description":"UKRAINIAN BUSINESS PORTAL","potentialAction":[{"@type":"SearchAction","target":{"@type":"EntryPoint","urlTemplate":"https:\/\/business-in-ukraine.online\/tr\/?s={search_term_string}"},"query-input":{"@type":"PropertyValueSpecification","valueRequired":true,"valueName":"search_term_string"}}],"inLanguage":"tr"}]}},"_links":{"self":[{"href":"https:\/\/business-in-ukraine.online\/tr\/wp-json\/wp\/v2\/pages\/3545"}],"collection":[{"href":"https:\/\/business-in-ukraine.online\/tr\/wp-json\/wp\/v2\/pages"}],"about":[{"href":"https:\/\/business-in-ukraine.online\/tr\/wp-json\/wp\/v2\/types\/page"}],"author":[{"embeddable":true,"href":"https:\/\/business-in-ukraine.online\/tr\/wp-json\/wp\/v2\/users\/1"}],"replies":[{"embeddable":true,"href":"https:\/\/business-in-ukraine.online\/tr\/wp-json\/wp\/v2\/comments?post=3545"}],"version-history":[{"count":0,"href":"https:\/\/business-in-ukraine.online\/tr\/wp-json\/wp\/v2\/pages\/3545\/revisions"}],"wp:attachment":[{"href":"https:\/\/business-in-ukraine.online\/tr\/wp-json\/wp\/v2\/media?parent=3545"}],"curies":[{"name":"wp","href":"https:\/\/api.w.org\/{rel}","templated":true}]}}