{"id":3554,"date":"2017-04-27T18:00:37","date_gmt":"2017-04-27T16:00:37","guid":{"rendered":"http:\/\/business-in-ukraine.online\/?page_id=3554\/"},"modified":"2017-04-27T18:02:52","modified_gmt":"2017-04-27T16:02:52","slug":"ukrayna-da-satilik-proje-ve-sirketler","status":"publish","type":"page","link":"https:\/\/business-in-ukraine.online\/tr\/ukrayna-da-satilik-proje-ve-sirketler\/","title":{"rendered":"Ukrayna\u2019da sat\u0131l\u0131k proje ve \u015firketler"},"content":{"rendered":"<p style=\"text-align: justify;\">Ukrayna i\u015f portal\u0131\u2013Business in Ukraineportal\u0131, i\u015fadamlar\u0131na Ukrayna&#8217;da i\u015f sat\u0131n almak veya satmak i\u00e7in tasarlanm\u0131\u015f \u00f6nde gelen bir pazar yeridir. Sat\u0131l\u0131k i\u015fletmeler veritaban\u0131m\u0131z sizi Ukrayna&#8217;da \u00e7ok say\u0131da i\u015f f\u0131rsatlar\u0131 ve kayna\u011f\u0131na ba\u011flar. \u0130\u015f portal\u0131nda projeler payla\u015fman\u0131z veya sat\u0131n al\u0131nacak harika bir i\u015f bulman\u0131za yard\u0131mc\u0131 olmak i\u00e7in sab\u0131rs\u0131zlan\u0131yoruz.<\/p>\n<p style=\"text-align: justify;\">\u00a0<strong>Uygun Bir Fiyata \u0130yi Bir \u0130\u015f Nas\u0131l Al\u0131n\u0131r?<\/strong><\/p>\n<p style=\"text-align: justify;\">Y\u00f6neticilerimiz size Ukrayna&#8217;da sat\u0131l\u0131k en iyi proje veya \u015firketi aramaya yard\u0131mc\u0131 olacak ya da kendi ba\u015f\u0131n\u0131za sekt\u00f6r, b\u00f6lge, fiyat gibi kriterleri sitemize girerek arayabilirsiniz. \u00d6rne\u011fin; Ukrayna \u015fehir ve kasabalar\u0131nda sat\u0131l\u0131k, kiral\u0131k ve kiral\u0131k ticari m\u00fclk aramak i\u00e7in \u015fehrin yada kasaban\u0131n ad\u0131n\u0131 girerek arama yapabilirsiniz (Alchevsk, Antratsyt, Artemivsk, Berdiansk, Berdychiv, Bila Tserkva, Bilhorod-Dnistrovskyi, Boryspil, Brianka, Brovary, Cherkasy, Chernihiv, Chernivtsi, Chervonohrad, Dniprodzerzhynsk, Dnipropetrovsk, Donetsk, Drohobych, Druzhkivka, Dymytrov, Enerhodar, Fastiv, Horlivka, Illichivsk, Ivano-Frankivsk, Izium, Izmail, Kalush, Kamianets-Podilskyi, Kerch, Kharkiv, Khartsyzk, Kherson, Khmelnytskyi, Kiev, Kirovohrad, Kolomyia, Komsomolsk, Konotop, Korosten, Kostiantynivka, Kovel, Kramatorsk, Krasnoarmiysk, Krasnodon, KrasnyiLuch, Kremenchuk, KryvyiRih, Lozova, Lubny, Luhansk, Lutsk, Lviv, Lysychansk, Makiivka, Mariupol, Melitopol, Mukachevo, Mykolaiv, Nikopol, Nizhyn, Nova Kakhovka, Novohrad-Volynskyi, Novomoskovsk, Novovolynsk, Odessa, Okhtyrka, Oleksandriia, Pavlohrad, Pervomaisk, Poltava, Pryluky, Rivne, Romny, Rovenky, Rubizhne, Sevastopol, Shakhtarsk, Shostka, Sieverodonetsk, Simferopol, Sloviansk, Smila, Snizhne, Stakhanov, Stryi, Sumy, Sverdlovsk, Svitlovodsk, Ternopil, Theodosia, Torez, Uman, Uzhhorod, Vinnytsia, Yalta, Yenakiieve, Yevpatoria, Zaporizhia, ZhovtiVody, Zhytomyr.)<\/p>\n<p style=\"text-align: justify;\"><strong>Neden Ukrayna\u2019da yat\u0131r\u0131m yap\u0131lmal\u0131?<\/strong><\/p>\n<p style=\"text-align: justify;\">Ukrayna, Rusya&#8217;dan sonra eski Sovyetler Birli\u011fi&#8217;nin en \u00f6nemli ekonomik bile\u015feni olmu\u015f ve birlikten ayr\u0131ld\u0131ktan sonrada Avrupa\u2019ya yak\u0131n co\u011frafyada olmas\u0131n\u0131n da avantaj\u0131 ile \u00f6nemli ticaret merkezi olmaya devam etmi\u015ftir.<\/p>\n<p style=\"text-align: justify;\">Bereketli siyah toprak ve gaz \u00fcretimi, Sovyet tar\u0131m\u0131n\u0131n, tar\u0131m ve bal\u0131k\u00e7\u0131l\u0131k\u011f\u0131n\u0131n d\u00f6rtte birinden fazlas\u0131n\u0131 \u00fcretti. di\u011fer Sovyetler Birli\u011fi \u00fclkelerine \u00f6nemli miktarlarda et, s\u00fct, tah\u0131l ve sebze sa\u011flad\u0131. \u00c7e\u015fitlendirilmi\u015f a\u011f\u0131r sanayi, eski Sovyetler Birli\u011fi\u2019nin di\u011fer b\u00f6lgelerindeki end\u00fcstriyel b\u00f6lgeler ve maden havzalar\u0131 i\u00e7in benzersiz ekipman ve hammaddeler tedarik etti.<\/p>\n<p style=\"text-align: justify;\">G\u00fcn\u00fcm\u00fczde Ukrayna bir\u00e7ok f\u0131rsattan olu\u015fan geli\u015fmekte olan bir ekonomidir. 2014 yaz\u0131nda Ukrayna, Avrupa Birli\u011fi Birli\u011fine girmek \u00fczere imza atarak bu birli\u011fe \u00fcye olma iste\u011fini ilan etti. Ayr\u0131ca Mart 2017\u2019de Avrupa Birli\u011fi, Ukrayna vatanda\u015flar\u0131n\u0131n Avrupa\u2019da serbest dola\u015f\u0131m\u0131n\u0131 kabul eden anla\u015fmay\u0131 imzalayarak Ukrayna\u2019n\u0131n birli\u011fe \u00fcyeli\u011fi konusunda \u00f6nemli bir ad\u0131m atm\u0131\u015f oldu.<\/p>\n<p style=\"text-align: justify;\">Ukraynal\u0131 yetkililer d\u00fczenli olarak yabanc\u0131 yat\u0131r\u0131mlara olan deste\u011fini beyan etmekte ve halk\u0131n b\u00fcy\u00fck kesimi buna destek vermektedir.<\/p>\n<p style=\"text-align: justify;\">Genel olarak, yabanc\u0131 yat\u0131r\u0131mc\u0131lar taraf\u0131ndan Ukrayna&#8217;daki i\u015fletmelerin kurulmas\u0131 ve i\u015fletilmesi i\u00e7in d\u00fczenleyici \u00e7er\u00e7eve, yerli yat\u0131r\u0131mc\u0131lar i\u00e7in (tar\u0131m arazilerinin sahipli\u011fi hari\u00e7) benzerdir. Genel bir kural olarak, yat\u0131r\u0131m izinleri gerekli de\u011fildir, ancak t\u00fcm i\u015fletmeler, kanunla \u00f6ng\u00f6r\u00fclen \u015fekil ve usule uygun olarak kurulmal\u0131 ve uygun devlet kurumlar\u0131na kay\u0131tl\u0131 olmal\u0131d\u0131r.<\/p>\n<p style=\"text-align: justify;\">Yabanc\u0131 yat\u0131r\u0131mc\u0131lar, genellikle do\u011frudan yabanc\u0131 yat\u0131r\u0131mlar\u0131 i\u00e7in \u00f6zel izin almalar\u0131 gerekmez, ancak devlet yetkililerine kay\u0131t olabilir. Yabanc\u0131 bir yat\u0131r\u0131m\u0131n tescili, temett\u00fclerin yurt d\u0131\u015f\u0131na g\u00f6nderilmesine ili\u015fkin k\u0131s\u0131tlamalar\u0131 hafifletebilir.<\/p>\n<p style=\"text-align: justify;\"><strong>Ukraynal\u0131 i\u015fadamlar\u0131yla nas\u0131l anla\u015faca\u011f\u0131n\u0131z\u0131 bilmiyor musunuz?<\/strong><\/p>\n<p style=\"text-align: justify;\">Ukrayna&#8217;da i\u015f yapmak ABD, \u0130ngiltere, Almanya ve di\u011fer kuzey ve orta Avrupa \u00fclkelerinde i\u015f yapmaktan farkl\u0131d\u0131r. Ukraynal\u0131 i\u015fadamlar\u0131, \u00e7o\u011funlukla g\u00fcven ve itibar \u00fczerine kurulan ili\u015fkilerle ve daha az bi\u00e7imsel d\u00fc\u015f\u00fcnerek i\u015f yaparlar.M\u00fczakereleri s\u00fcrd\u00fcr\u00fcrken bu husus dikkate al\u0131nmal\u0131d\u0131r.<\/p>\n<p style=\"text-align: justify;\"><strong>Ukrayna&#8217;da i\u015f yeri sat\u0131n al\u0131n. Listenizden i\u015finizi se\u00e7in veya formumuzu doldurun!<\/strong><\/p>\n<p style=\"text-align: justify;\">Business in Ukraineportal\u0131, ucuz, k\u00fc\u00e7\u00fck i\u015fletmelerden, b\u00fcy\u00fck \u00e7apl\u0131 kurulu\u015flara ve Franchise\u2019a kadar her \u015fey i\u00e7in listeleme yap\u0131yor. K\u00fc\u00e7\u00fck bir i\u015fletmeyle ba\u015flamak hakk\u0131nda bilgi edinmek i\u00e7in <span style=\"color: #0000ff;\"><a style=\"color: #0000ff;\" href=\"http:\/\/business-in-ukraine.online\">business-in-ukraine.online<\/a><\/span> portal\u0131n\u0131 ziyaret edin. Benzin istasyonlar\u0131, i\u00e7ki ma\u011fazalar\u0131 ve kahve gibi en son yeni i\u015f ve franchise fikirleri hakk\u0131nda da bilgi edinebilirsiniz. Madeni para ile \u00e7al\u0131\u015fan \u00e7ama\u015f\u0131r makinalar\u0131, otomatik sat\u0131\u015f makinesi veya oto y\u0131kama franchise gibi pop\u00fcler i\u015fletmelerin \u00f6zg\u00fcrl\u00fck ve esnekli\u011fini ke\u015ffedin. Ger\u00e7ekten de, <span style=\"color: #0000ff;\"><a style=\"color: #0000ff;\" href=\"http:\/\/business-in-ukraine.online\">business-in-ukraine.online<\/a><\/span> portal\u0131, \u00fclkenin en \u00fcnl\u00fc franchise kurulu\u015flar\u0131n\u0131 ve \u00fclkenin her yerindeki mevcut f\u0131rsatlar\u0131 i\u00e7eriyor.<\/p>\n","protected":false},"excerpt":{"rendered":"<p>Ukrayna i\u015f portal\u0131\u2013Business in Ukraineportal\u0131, i\u015fadamlar\u0131na Ukrayna&#8217;da i\u015f sat\u0131n almak veya satmak i\u00e7in tasarlanm\u0131\u015f \u00f6nde gelen bir pazar yeridir. Sat\u0131l\u0131k i\u015fletmeler veritaban\u0131m\u0131z sizi Ukrayna&#8217;da \u00e7ok say\u0131da i\u015f f\u0131rsatlar\u0131 ve kayna\u011f\u0131na ba\u011flar. \u0130\u015f portal\u0131nda projeler payla\u015fman\u0131z veya sat\u0131n al\u0131nacak harika bir i\u015f bulman\u0131za yard\u0131mc\u0131 olmak i\u00e7in sab\u0131rs\u0131zlan\u0131yoruz. \u00a0Uygun Bir Fiyata \u0130yi&#8230;<\/p>\n","protected":false},"author":1,"featured_media":0,"parent":0,"menu_order":0,"comment_status":"closed","ping_status":"closed","template":"onecolumn-page.php","meta":{"_acf_changed":false,"pmpro_default_level":0,"_monsterinsights_skip_tracking":false,"_monsterinsights_sitenote_active":false,"_monsterinsights_sitenote_note":"","_monsterinsights_sitenote_category":0,"footnotes":""},"class_list":["post-3554","page","type-page","status-publish","hentry","pmpro-has-access"],"acf":[],"yoast_head":"<!-- This site is optimized with the Yoast SEO plugin v23.7 - https:\/\/yoast.com\/wordpress\/plugins\/seo\/ -->\n<title>Ukrayna\u2019da sat\u0131l\u0131k proje ve \u015firketler - Business in Ukraine<\/title>\n<meta name=\"robots\" content=\"index, follow, max-snippet:-1, max-image-preview:large, max-video-preview:-1\" \/>\n<link rel=\"canonical\" href=\"https:\/\/business-in-ukraine.online\/tr\/ukrayna-da-satilik-proje-ve-sirketler\/\" \/>\n<meta property=\"og:locale\" content=\"tr_TR\" \/>\n<meta property=\"og:type\" content=\"article\" \/>\n<meta property=\"og:title\" content=\"Ukrayna\u2019da sat\u0131l\u0131k proje ve \u015firketler - Business in Ukraine\" \/>\n<meta property=\"og:description\" content=\"Ukrayna i\u015f portal\u0131\u2013Business in Ukraineportal\u0131, i\u015fadamlar\u0131na Ukrayna&#8217;da i\u015f sat\u0131n almak veya satmak i\u00e7in tasarlanm\u0131\u015f \u00f6nde gelen bir pazar yeridir. Sat\u0131l\u0131k i\u015fletmeler veritaban\u0131m\u0131z sizi Ukrayna&#8217;da \u00e7ok say\u0131da i\u015f f\u0131rsatlar\u0131 ve kayna\u011f\u0131na ba\u011flar. \u0130\u015f portal\u0131nda projeler payla\u015fman\u0131z veya sat\u0131n al\u0131nacak harika bir i\u015f bulman\u0131za yard\u0131mc\u0131 olmak i\u00e7in sab\u0131rs\u0131zlan\u0131yoruz. \u00a0Uygun Bir Fiyata \u0130yi...\" \/>\n<meta property=\"og:url\" content=\"https:\/\/business-in-ukraine.online\/tr\/ukrayna-da-satilik-proje-ve-sirketler\/\" \/>\n<meta property=\"og:site_name\" content=\"Business in Ukraine\" \/>\n<meta property=\"article:publisher\" content=\"https:\/\/www.facebook.com\/project.ukraine\" \/>\n<meta property=\"article:modified_time\" content=\"2017-04-27T16:02:52+00:00\" \/>\n<meta name=\"twitter:card\" content=\"summary_large_image\" \/>\n<meta name=\"twitter:site\" content=\"@InvestUkraine\" \/>\n<meta name=\"twitter:label1\" content=\"Est. reading time\" \/>\n\t<meta name=\"twitter:data1\" content=\"4 minutes\" \/>\n<script type=\"application\/ld+json\" class=\"yoast-schema-graph\">{\"@context\":\"https:\/\/schema.org\",\"@graph\":[{\"@type\":\"WebPage\",\"@id\":\"https:\/\/business-in-ukraine.online\/tr\/ukrayna-da-satilik-proje-ve-sirketler\/\",\"url\":\"https:\/\/business-in-ukraine.online\/tr\/ukrayna-da-satilik-proje-ve-sirketler\/\",\"name\":\"Ukrayna\u2019da sat\u0131l\u0131k proje ve \u015firketler - Business in Ukraine\",\"isPartOf\":{\"@id\":\"https:\/\/business-in-ukraine.online\/tr\/#website\"},\"datePublished\":\"2017-04-27T16:00:37+00:00\",\"dateModified\":\"2017-04-27T16:02:52+00:00\",\"breadcrumb\":{\"@id\":\"https:\/\/business-in-ukraine.online\/tr\/ukrayna-da-satilik-proje-ve-sirketler\/#breadcrumb\"},\"inLanguage\":\"tr\",\"potentialAction\":[{\"@type\":\"ReadAction\",\"target\":[\"https:\/\/business-in-ukraine.online\/tr\/ukrayna-da-satilik-proje-ve-sirketler\/\"]}]},{\"@type\":\"BreadcrumbList\",\"@id\":\"https:\/\/business-in-ukraine.online\/tr\/ukrayna-da-satilik-proje-ve-sirketler\/#breadcrumb\",\"itemListElement\":[{\"@type\":\"ListItem\",\"position\":1,\"name\":\"Home\",\"item\":\"https:\/\/business-in-ukraine.online\/tr\/\"},{\"@type\":\"ListItem\",\"position\":2,\"name\":\"Ukrayna\u2019da sat\u0131l\u0131k proje ve \u015firketler\"}]},{\"@type\":\"WebSite\",\"@id\":\"https:\/\/business-in-ukraine.online\/tr\/#website\",\"url\":\"https:\/\/business-in-ukraine.online\/tr\/\",\"name\":\"Business in Ukraine\",\"description\":\"UKRAINIAN BUSINESS PORTAL\",\"potentialAction\":[{\"@type\":\"SearchAction\",\"target\":{\"@type\":\"EntryPoint\",\"urlTemplate\":\"https:\/\/business-in-ukraine.online\/tr\/?s={search_term_string}\"},\"query-input\":{\"@type\":\"PropertyValueSpecification\",\"valueRequired\":true,\"valueName\":\"search_term_string\"}}],\"inLanguage\":\"tr\"}]}<\/script>\n<!-- \/ Yoast SEO plugin. -->","yoast_head_json":{"title":"Ukrayna\u2019da sat\u0131l\u0131k proje ve \u015firketler - Business in Ukraine","robots":{"index":"index","follow":"follow","max-snippet":"max-snippet:-1","max-image-preview":"max-image-preview:large","max-video-preview":"max-video-preview:-1"},"canonical":"https:\/\/business-in-ukraine.online\/tr\/ukrayna-da-satilik-proje-ve-sirketler\/","og_locale":"tr_TR","og_type":"article","og_title":"Ukrayna\u2019da sat\u0131l\u0131k proje ve \u015firketler - Business in Ukraine","og_description":"Ukrayna i\u015f portal\u0131\u2013Business in Ukraineportal\u0131, i\u015fadamlar\u0131na Ukrayna&#8217;da i\u015f sat\u0131n almak veya satmak i\u00e7in tasarlanm\u0131\u015f \u00f6nde gelen bir pazar yeridir. Sat\u0131l\u0131k i\u015fletmeler veritaban\u0131m\u0131z sizi Ukrayna&#8217;da \u00e7ok say\u0131da i\u015f f\u0131rsatlar\u0131 ve kayna\u011f\u0131na ba\u011flar. \u0130\u015f portal\u0131nda projeler payla\u015fman\u0131z veya sat\u0131n al\u0131nacak harika bir i\u015f bulman\u0131za yard\u0131mc\u0131 olmak i\u00e7in sab\u0131rs\u0131zlan\u0131yoruz. \u00a0Uygun Bir Fiyata \u0130yi...","og_url":"https:\/\/business-in-ukraine.online\/tr\/ukrayna-da-satilik-proje-ve-sirketler\/","og_site_name":"Business in Ukraine","article_publisher":"https:\/\/www.facebook.com\/project.ukraine","article_modified_time":"2017-04-27T16:02:52+00:00","twitter_card":"summary_large_image","twitter_site":"@InvestUkraine","twitter_misc":{"Est. reading time":"4 minutes"},"schema":{"@context":"https:\/\/schema.org","@graph":[{"@type":"WebPage","@id":"https:\/\/business-in-ukraine.online\/tr\/ukrayna-da-satilik-proje-ve-sirketler\/","url":"https:\/\/business-in-ukraine.online\/tr\/ukrayna-da-satilik-proje-ve-sirketler\/","name":"Ukrayna\u2019da sat\u0131l\u0131k proje ve \u015firketler - Business in Ukraine","isPartOf":{"@id":"https:\/\/business-in-ukraine.online\/tr\/#website"},"datePublished":"2017-04-27T16:00:37+00:00","dateModified":"2017-04-27T16:02:52+00:00","breadcrumb":{"@id":"https:\/\/business-in-ukraine.online\/tr\/ukrayna-da-satilik-proje-ve-sirketler\/#breadcrumb"},"inLanguage":"tr","potentialAction":[{"@type":"ReadAction","target":["https:\/\/business-in-ukraine.online\/tr\/ukrayna-da-satilik-proje-ve-sirketler\/"]}]},{"@type":"BreadcrumbList","@id":"https:\/\/business-in-ukraine.online\/tr\/ukrayna-da-satilik-proje-ve-sirketler\/#breadcrumb","itemListElement":[{"@type":"ListItem","position":1,"name":"Home","item":"https:\/\/business-in-ukraine.online\/tr\/"},{"@type":"ListItem","position":2,"name":"Ukrayna\u2019da sat\u0131l\u0131k proje ve \u015firketler"}]},{"@type":"WebSite","@id":"https:\/\/business-in-ukraine.online\/tr\/#website","url":"https:\/\/business-in-ukraine.online\/tr\/","name":"Business in Ukraine","description":"UKRAINIAN BUSINESS PORTAL","potentialAction":[{"@type":"SearchAction","target":{"@type":"EntryPoint","urlTemplate":"https:\/\/business-in-ukraine.online\/tr\/?s={search_term_string}"},"query-input":{"@type":"PropertyValueSpecification","valueRequired":true,"valueName":"search_term_string"}}],"inLanguage":"tr"}]}},"_links":{"self":[{"href":"https:\/\/business-in-ukraine.online\/tr\/wp-json\/wp\/v2\/pages\/3554"}],"collection":[{"href":"https:\/\/business-in-ukraine.online\/tr\/wp-json\/wp\/v2\/pages"}],"about":[{"href":"https:\/\/business-in-ukraine.online\/tr\/wp-json\/wp\/v2\/types\/page"}],"author":[{"embeddable":true,"href":"https:\/\/business-in-ukraine.online\/tr\/wp-json\/wp\/v2\/users\/1"}],"replies":[{"embeddable":true,"href":"https:\/\/business-in-ukraine.online\/tr\/wp-json\/wp\/v2\/comments?post=3554"}],"version-history":[{"count":1,"href":"https:\/\/business-in-ukraine.online\/tr\/wp-json\/wp\/v2\/pages\/3554\/revisions"}],"predecessor-version":[{"id":3555,"href":"https:\/\/business-in-ukraine.online\/tr\/wp-json\/wp\/v2\/pages\/3554\/revisions\/3555"}],"wp:attachment":[{"href":"https:\/\/business-in-ukraine.online\/tr\/wp-json\/wp\/v2\/media?parent=3554"}],"curies":[{"name":"wp","href":"https:\/\/api.w.org\/{rel}","templated":true}]}}