{"id":3604,"date":"2017-06-07T08:09:00","date_gmt":"2017-06-07T06:09:00","guid":{"rendered":"http:\/\/business-in-ukraine.online\/?page_id=3604\/"},"modified":"2017-06-07T08:09:00","modified_gmt":"2017-06-07T06:09:00","slug":"ukraynada-sirket-satin-almak","status":"publish","type":"page","link":"https:\/\/business-in-ukraine.online\/tr\/ukraynada-sirket-satin-almak\/","title":{"rendered":"Ukrayna&#8217;da \u015eirket sat\u0131n almak"},"content":{"rendered":"<p><strong>Ukrayna&#8217;da \u015eirket sat\u0131n almak, ad\u0131m ad\u0131m prosed\u00fcr:<\/strong><\/p>\n<p><strong>\u00a0<\/strong>\u0130\u015fleyen bir \u015firketi sat\u0131n alman\u0131n en yayg\u0131n bi\u00e7imi, i\u015fletme haklar\u0131n\u0131 sat\u0131n almakt\u0131r. Ba\u015far\u0131l\u0131 bir al\u0131m i\u00e7in gerekli olan, sat\u0131lan i\u015fletmelerin aranan kriterlere uygun olma zorunlulu\u011fudur. Uygun i\u015fletmenin al\u0131m\u0131 i\u00e7in yap\u0131lacak analizler a\u015fa\u011f\u0131daki t\u00fcrde kilit \u00f6zelliklere dayand\u0131rmal\u0131d\u0131r:<\/p>\n<ol>\n<li>Ukrayna&#8217;n\u0131n mevcut piyasas\u0131n\u0131n incelenmesi; En \u00e7ekici sekt\u00f6rlerin belirlenmesi, faaliyet alanlar\u0131.<\/li>\n<li>Piyasan\u0131n konjonkt\u00fcr\u00fcn\u00fcn de\u011ferlendirilmesi. Sat\u0131n al\u0131nacak i\u015fletmenin se\u00e7imi i\u00e7in temel kriterlerin tan\u0131m\u0131.<\/li>\n<li>Hedef alan\u0131n veya end\u00fcstrinin tan\u0131mlanmas\u0131 ve sat\u0131n al\u0131ma i\u00e7in gerekli kriterlerin belirlenmesinden sonra, kamuya a\u00e7\u0131k teklif \u015feklinde sat\u0131nalma ger\u00e7ekle\u015ftirilmelidir.<\/li>\n<\/ol>\n<p>Ukrayna&#8217;da i\u015fletme sat\u0131n alma konusundaki ana kriter, her \u015feyden \u00f6nce, i\u015fletme sahiplerinin sat\u0131\u015fla ilgili ald\u0131klar\u0131 ger\u00e7ek karard\u0131r.Bu karar, uluslararas\u0131 standartlara uygun olarak haz\u0131rlanan Yat\u0131r\u0131m Memorandumunun mevcudiyeti \u015feklinde teyit edilmelidir.Bu ba\u011flamda, bu yat\u0131r\u0131m\u0131 ger\u00e7ekle\u015ftirmek isteyen, her zaman bir yat\u0131r\u0131m Memorandumu yap\u0131lmas\u0131n\u0131 \u015fart ko\u015fmal\u0131d\u0131r. Bunun eksikli\u011finde, i\u015f sahipleri sadece kendi varl\u0131klar\u0131n\u0131n de\u011ferinin izlenmesi \u015feklinde anlamland\u0131rabilir ve yat\u0131r\u0131m\u0131 ger\u00e7ekle\u015ftirenler M &amp; A&#8217;n\u0131n prosed\u00fcrler i\u00e7in zaman ve para kaybedebilir. Her zaman yat\u0131r\u0131m Memorandumu analizi \u00e7al\u0131\u015fmas\u0131, bu yat\u0131r\u0131m\u0131n \u00e7ekicili\u011fini de\u011ferlendirmek i\u00e7in bir f\u0131rsat verecektir. Yat\u0131r\u0131m Memorandumu, i\u015fletmenin \u015fat\u0131\u015f\u0131 i\u00e7in ana ara\u00e7t\u0131r,\u0130\u015fletme hakk\u0131nda ayr\u0131nt\u0131l\u0131 a\u00e7\u0131klamalar i\u00e7erir. G\u00fcn\u00fcn ko\u015fullar\u0131nda pazar ve pazarlama bile\u015fenleri, i\u015f stratejileri ve hedefleri, risk ve likidite, karl\u0131l\u0131k ve maliyet etkinli\u011fi, ayn\u0131 zamanda 3-5 olas\u0131 y\u0131ll\u0131k i\u015f ve tahmini geli\u015ftirme planlar\u0131 i\u00e7in ko\u015fullar, piyasa analizine dayal\u0131 ve y\u00fcr\u00fcrl\u00fckte olan pazarlama ara\u015ft\u0131rmalar\u0131.<\/p>\n<ol start=\"4\">\n<li>M\u00fczakerelerin organizasyonu ve bildirimi.<\/li>\n<li>\u0130\u015fletme sahipleriyle yetkilendirme toplant\u0131s\u0131 (m\u00fcmk\u00fcnse sat\u0131\u015f i\u00e7in yetki belgesi)<\/li>\n<li>Ukrayna avukatlar taraf\u0131ndan haz\u0131rlanan niyet protokol\u00fcn\u00fcn geli\u015ftirilmesi ve niyet protokol\u00fcn\u00fcn imzalanmas\u0131.<\/li>\n<li>Durum tespitinin bildirilmesi<\/li>\n<li>Hukuki ve finansal expertiz.<\/li>\n<li>Yap\u0131lan denetimlerin bildirimi (Yat\u0131r\u0131m Memorandumunun g\u00fcvenilirli\u011finin tan\u0131m\u0131).<\/li>\n<li>\u0130\u015fletmenin De\u011ferlendirilmesi. \u0130\u015fletmenin hizalanm\u0131\u015f de\u011feri.<\/li>\n<li>Finansal temellerin, modellerin geli\u015ftirilmesi, vergi optimizasyonu.<\/li>\n<li>Sat\u0131\u015f s\u00f6zle\u015fmesinin haz\u0131rlanmas\u0131. Sat\u0131\u015f s\u00f6zle\u015fmesi i\u00e7in hukuki expertiz. Sat\u0131\u015f s\u00f6zle\u015fmesinin imzalanmas\u0131<\/li>\n<li>\u0130\u015flemin kapan\u0131\u015f\u0131.<\/li>\n<li>M\u00fclkiyet haklar\u0131n\u0131n elde edilmesi<\/li>\n<li>Y\u00f6netim ekibinin se\u00e7imi \\ i\u015fletme y\u00f6netiminin stratejisinin (modelinin) geli\u015ftirilmesi ve i\u015fin geli\u015ftirilmesi.<\/li>\n<\/ol>\n<p><strong>Ukrayna&#8217;da i\u015fletme sat\u0131n alma durumunda a\u015fa\u011f\u0131daki \u00f6nerilere uymak \u00f6nemlidir:<\/strong><\/p>\n<ul>\n<li>\u00d6zel ki\u015filerin servislerini kullanmay\u0131n, \u00e7\u00fcnk\u00fc hukuki olarak doland\u0131r\u0131c\u0131l\u0131kt\u0131r;<\/li>\n<li>Yat\u0131r\u0131m sahipleri taraf\u0131ndan geli\u015ftirilen Yat\u0131r\u0131m memerandumunu dikkate almay\u0131n, \u00e7\u00fcnk\u00fc pazar analizi ve kalk\u0131nma umutlar\u0131 yat\u0131r\u0131m cazibesi art\u0131rmak ad\u0131na &#8220;d\u00fczenlenebilir&#8221;;<\/li>\n<li>Hukuk firmalar\u0131n\u0131n servislerini kullanmay\u0131n, \u00e7\u00fcnk\u00fc Ukraynal\u0131 avukatlar sadece yasal belgelerin haz\u0131rlanmas\u0131yla ilgili hukuk faaliyetler konusunda hizmet vermektedir, yat\u0131r\u0131mc\u0131 \u00e7\u0131karlar\u0131 ve ticari \u00e7\u0131karlar\u0131 g\u00f6zetmezler.<\/li>\n<li>Asla i\u015fletmenin %50 hissesini sat\u0131n almay\u0131n, \u00e7\u00fcnk\u00fc Ukraynal\u0131 ortaklar ticari kararlar\u0131 engelleyebilir\/bloke edebilir.<\/li>\n<\/ul>\n<p>&nbsp;<\/p>\n<p>Ba\u015far\u0131lar!<\/p>\n<p><strong>\u00a0<\/strong><\/p>\n","protected":false},"excerpt":{"rendered":"<p>Ukrayna&#8217;da \u015eirket sat\u0131n almak, ad\u0131m ad\u0131m prosed\u00fcr: \u00a0\u0130\u015fleyen bir \u015firketi sat\u0131n alman\u0131n en yayg\u0131n bi\u00e7imi, i\u015fletme haklar\u0131n\u0131 sat\u0131n almakt\u0131r. Ba\u015far\u0131l\u0131 bir al\u0131m i\u00e7in gerekli olan, sat\u0131lan i\u015fletmelerin aranan kriterlere uygun olma zorunlulu\u011fudur. Uygun i\u015fletmenin al\u0131m\u0131 i\u00e7in yap\u0131lacak analizler a\u015fa\u011f\u0131daki t\u00fcrde kilit \u00f6zelliklere dayand\u0131rmal\u0131d\u0131r: Ukrayna&#8217;n\u0131n mevcut piyasas\u0131n\u0131n incelenmesi; En \u00e7ekici sekt\u00f6rlerin&#8230;<\/p>\n","protected":false},"author":1,"featured_media":0,"parent":0,"menu_order":0,"comment_status":"closed","ping_status":"closed","template":"onecolumn-page.php","meta":{"_acf_changed":false,"pmpro_default_level":0,"_monsterinsights_skip_tracking":false,"_monsterinsights_sitenote_active":false,"_monsterinsights_sitenote_note":"","_monsterinsights_sitenote_category":0,"footnotes":""},"class_list":["post-3604","page","type-page","status-publish","hentry","pmpro-has-access"],"acf":[],"yoast_head":"<!-- This site is optimized with the Yoast SEO plugin v23.7 - https:\/\/yoast.com\/wordpress\/plugins\/seo\/ -->\n<title>Ukrayna&#039;da \u015eirket sat\u0131n almak - Business in Ukraine<\/title>\n<meta name=\"robots\" content=\"index, follow, max-snippet:-1, max-image-preview:large, max-video-preview:-1\" \/>\n<link rel=\"canonical\" href=\"https:\/\/business-in-ukraine.online\/tr\/ukraynada-sirket-satin-almak\/\" \/>\n<meta property=\"og:locale\" content=\"tr_TR\" \/>\n<meta property=\"og:type\" content=\"article\" \/>\n<meta property=\"og:title\" content=\"Ukrayna&#039;da \u015eirket sat\u0131n almak - Business in Ukraine\" \/>\n<meta property=\"og:description\" content=\"Ukrayna&#8217;da \u015eirket sat\u0131n almak, ad\u0131m ad\u0131m prosed\u00fcr: \u00a0\u0130\u015fleyen bir \u015firketi sat\u0131n alman\u0131n en yayg\u0131n bi\u00e7imi, i\u015fletme haklar\u0131n\u0131 sat\u0131n almakt\u0131r. Ba\u015far\u0131l\u0131 bir al\u0131m i\u00e7in gerekli olan, sat\u0131lan i\u015fletmelerin aranan kriterlere uygun olma zorunlulu\u011fudur. Uygun i\u015fletmenin al\u0131m\u0131 i\u00e7in yap\u0131lacak analizler a\u015fa\u011f\u0131daki t\u00fcrde kilit \u00f6zelliklere dayand\u0131rmal\u0131d\u0131r: Ukrayna&#8217;n\u0131n mevcut piyasas\u0131n\u0131n incelenmesi; En \u00e7ekici sekt\u00f6rlerin...\" \/>\n<meta property=\"og:url\" content=\"https:\/\/business-in-ukraine.online\/tr\/ukraynada-sirket-satin-almak\/\" \/>\n<meta property=\"og:site_name\" content=\"Business in Ukraine\" \/>\n<meta property=\"article:publisher\" content=\"https:\/\/www.facebook.com\/project.ukraine\" \/>\n<meta name=\"twitter:card\" content=\"summary_large_image\" \/>\n<meta name=\"twitter:site\" content=\"@InvestUkraine\" \/>\n<meta name=\"twitter:label1\" content=\"Est. reading time\" \/>\n\t<meta name=\"twitter:data1\" content=\"3 minutes\" \/>\n<script type=\"application\/ld+json\" class=\"yoast-schema-graph\">{\"@context\":\"https:\/\/schema.org\",\"@graph\":[{\"@type\":\"WebPage\",\"@id\":\"https:\/\/business-in-ukraine.online\/tr\/ukraynada-sirket-satin-almak\/\",\"url\":\"https:\/\/business-in-ukraine.online\/tr\/ukraynada-sirket-satin-almak\/\",\"name\":\"Ukrayna'da \u015eirket sat\u0131n almak - Business in Ukraine\",\"isPartOf\":{\"@id\":\"https:\/\/business-in-ukraine.online\/tr\/#website\"},\"datePublished\":\"2017-06-07T06:09:00+00:00\",\"dateModified\":\"2017-06-07T06:09:00+00:00\",\"breadcrumb\":{\"@id\":\"https:\/\/business-in-ukraine.online\/tr\/ukraynada-sirket-satin-almak\/#breadcrumb\"},\"inLanguage\":\"tr\",\"potentialAction\":[{\"@type\":\"ReadAction\",\"target\":[\"https:\/\/business-in-ukraine.online\/tr\/ukraynada-sirket-satin-almak\/\"]}]},{\"@type\":\"BreadcrumbList\",\"@id\":\"https:\/\/business-in-ukraine.online\/tr\/ukraynada-sirket-satin-almak\/#breadcrumb\",\"itemListElement\":[{\"@type\":\"ListItem\",\"position\":1,\"name\":\"Home\",\"item\":\"https:\/\/business-in-ukraine.online\/tr\/\"},{\"@type\":\"ListItem\",\"position\":2,\"name\":\"Ukrayna&#8217;da \u015eirket sat\u0131n almak\"}]},{\"@type\":\"WebSite\",\"@id\":\"https:\/\/business-in-ukraine.online\/tr\/#website\",\"url\":\"https:\/\/business-in-ukraine.online\/tr\/\",\"name\":\"Business in Ukraine\",\"description\":\"UKRAINIAN BUSINESS PORTAL\",\"potentialAction\":[{\"@type\":\"SearchAction\",\"target\":{\"@type\":\"EntryPoint\",\"urlTemplate\":\"https:\/\/business-in-ukraine.online\/tr\/?s={search_term_string}\"},\"query-input\":{\"@type\":\"PropertyValueSpecification\",\"valueRequired\":true,\"valueName\":\"search_term_string\"}}],\"inLanguage\":\"tr\"}]}<\/script>\n<!-- \/ Yoast SEO plugin. -->","yoast_head_json":{"title":"Ukrayna'da \u015eirket sat\u0131n almak - Business in Ukraine","robots":{"index":"index","follow":"follow","max-snippet":"max-snippet:-1","max-image-preview":"max-image-preview:large","max-video-preview":"max-video-preview:-1"},"canonical":"https:\/\/business-in-ukraine.online\/tr\/ukraynada-sirket-satin-almak\/","og_locale":"tr_TR","og_type":"article","og_title":"Ukrayna'da \u015eirket sat\u0131n almak - Business in Ukraine","og_description":"Ukrayna&#8217;da \u015eirket sat\u0131n almak, ad\u0131m ad\u0131m prosed\u00fcr: \u00a0\u0130\u015fleyen bir \u015firketi sat\u0131n alman\u0131n en yayg\u0131n bi\u00e7imi, i\u015fletme haklar\u0131n\u0131 sat\u0131n almakt\u0131r. Ba\u015far\u0131l\u0131 bir al\u0131m i\u00e7in gerekli olan, sat\u0131lan i\u015fletmelerin aranan kriterlere uygun olma zorunlulu\u011fudur. Uygun i\u015fletmenin al\u0131m\u0131 i\u00e7in yap\u0131lacak analizler a\u015fa\u011f\u0131daki t\u00fcrde kilit \u00f6zelliklere dayand\u0131rmal\u0131d\u0131r: Ukrayna&#8217;n\u0131n mevcut piyasas\u0131n\u0131n incelenmesi; En \u00e7ekici sekt\u00f6rlerin...","og_url":"https:\/\/business-in-ukraine.online\/tr\/ukraynada-sirket-satin-almak\/","og_site_name":"Business in Ukraine","article_publisher":"https:\/\/www.facebook.com\/project.ukraine","twitter_card":"summary_large_image","twitter_site":"@InvestUkraine","twitter_misc":{"Est. reading time":"3 minutes"},"schema":{"@context":"https:\/\/schema.org","@graph":[{"@type":"WebPage","@id":"https:\/\/business-in-ukraine.online\/tr\/ukraynada-sirket-satin-almak\/","url":"https:\/\/business-in-ukraine.online\/tr\/ukraynada-sirket-satin-almak\/","name":"Ukrayna'da \u015eirket sat\u0131n almak - Business in Ukraine","isPartOf":{"@id":"https:\/\/business-in-ukraine.online\/tr\/#website"},"datePublished":"2017-06-07T06:09:00+00:00","dateModified":"2017-06-07T06:09:00+00:00","breadcrumb":{"@id":"https:\/\/business-in-ukraine.online\/tr\/ukraynada-sirket-satin-almak\/#breadcrumb"},"inLanguage":"tr","potentialAction":[{"@type":"ReadAction","target":["https:\/\/business-in-ukraine.online\/tr\/ukraynada-sirket-satin-almak\/"]}]},{"@type":"BreadcrumbList","@id":"https:\/\/business-in-ukraine.online\/tr\/ukraynada-sirket-satin-almak\/#breadcrumb","itemListElement":[{"@type":"ListItem","position":1,"name":"Home","item":"https:\/\/business-in-ukraine.online\/tr\/"},{"@type":"ListItem","position":2,"name":"Ukrayna&#8217;da \u015eirket sat\u0131n almak"}]},{"@type":"WebSite","@id":"https:\/\/business-in-ukraine.online\/tr\/#website","url":"https:\/\/business-in-ukraine.online\/tr\/","name":"Business in Ukraine","description":"UKRAINIAN BUSINESS PORTAL","potentialAction":[{"@type":"SearchAction","target":{"@type":"EntryPoint","urlTemplate":"https:\/\/business-in-ukraine.online\/tr\/?s={search_term_string}"},"query-input":{"@type":"PropertyValueSpecification","valueRequired":true,"valueName":"search_term_string"}}],"inLanguage":"tr"}]}},"_links":{"self":[{"href":"https:\/\/business-in-ukraine.online\/tr\/wp-json\/wp\/v2\/pages\/3604"}],"collection":[{"href":"https:\/\/business-in-ukraine.online\/tr\/wp-json\/wp\/v2\/pages"}],"about":[{"href":"https:\/\/business-in-ukraine.online\/tr\/wp-json\/wp\/v2\/types\/page"}],"author":[{"embeddable":true,"href":"https:\/\/business-in-ukraine.online\/tr\/wp-json\/wp\/v2\/users\/1"}],"replies":[{"embeddable":true,"href":"https:\/\/business-in-ukraine.online\/tr\/wp-json\/wp\/v2\/comments?post=3604"}],"version-history":[{"count":0,"href":"https:\/\/business-in-ukraine.online\/tr\/wp-json\/wp\/v2\/pages\/3604\/revisions"}],"wp:attachment":[{"href":"https:\/\/business-in-ukraine.online\/tr\/wp-json\/wp\/v2\/media?parent=3604"}],"curies":[{"name":"wp","href":"https:\/\/api.w.org\/{rel}","templated":true}]}}